{"id":7927,"date":"2018-04-13T08:46:33","date_gmt":"2018-04-13T08:46:33","guid":{"rendered":"https:\/\/www.profactor.at\/?page_id=7927\/"},"modified":"2018-04-13T08:46:33","modified_gmt":"2018-04-13T08:46:33","slug":"nextgen3d-lead-user-workshop","status":"publish","type":"page","link":"https:\/\/www.profactor.at\/en\/events\/addit-2020\/former-events-addit\/addit-2017\/nextgen3d-lead-user-workshop\/","title":{"rendered":"NextGen3D Lead User Workshop"},"content":{"rendered":"<div class=\"wpb-content-wrapper\"><p>[vc_row][vc_column width=&#8221;3\/4&#8243;][vc_column_text]<div class=\"overview-image-wrapper\"><div class=\"img\" style=\"background-image:url(https:\/\/www.profactor.at\/wp-content\/uploads\/2016\/07\/additive.jpg);\"\/><\/div><div class=\"overview-caption\"><\/div><\/div>[\/vc_column_text][vc_column_text]Das NextGen3D-Konsortium arbeitet an neuen Prozess- und Materialentwicklungen f\u00fcr industrielle Anwendungen. Ziel ist es, einen zuverl\u00e4ssigen, industriell relevanten <strong>Druck von Polypropylen<\/strong> zu erm\u00f6glichen!<\/p>\n<ul>\n<li>Sie interessieren sich f\u00fcr 3D Druck mit Polypropylen<\/li>\n<li>Sie wollen mehr \u00fcber die technischen Herausforderungen im FFF Druck erfahren<\/li>\n<li>Sie interessieren sich f\u00fcr Inline-Kontrollsysteme im FFF Druck<\/li>\n<li>Sie wollen sich mit 3D Druckexperten austauschen und diskutieren<\/li>\n<\/ul>\n<p><img loading=\"lazy\" decoding=\"async\" class=\"alignleft wp-image-5750\" src=\"https:\/\/www.profactor.at\/wp-content\/uploads\/2016\/11\/Logo_HAGE-3D-300x269.png\" alt=\"\" width=\"150\" height=\"134\" srcset=\"https:\/\/www.profactor.at\/wp-content\/uploads\/2016\/11\/Logo_HAGE-3D-300x269.png 300w, https:\/\/www.profactor.at\/wp-content\/uploads\/2016\/11\/Logo_HAGE-3D-768x688.png 768w, https:\/\/www.profactor.at\/wp-content\/uploads\/2016\/11\/Logo_HAGE-3D.png 989w\" sizes=\"auto, (max-width: 150px) 100vw, 150px\" \/>Innerhalb dieses Workshops werden die Experten des NextGen3D-Konsortiums auf Themen wie Markt\u00fcbersicht und neueste Entwicklungen im FFF 3D Druck behandeln. Die Teilnehmer erhalten innovative Einblicke und die M\u00f6glichkeit, Erfahrungen mit Spezialisten der Branche auszutauschen.<\/p>\n<p>&nbsp;<\/p>\n<p>&nbsp;<\/p>\n<p><strong>Zielgruppe<\/strong><\/p>\n<p>Dieser Workshop richtet sich an Lead-User, Entwicklungsingenieure und Entscheidungstr\u00e4ger aus der produzierenden Industrie, die den 3D-Druck bereits einsetzen oder in Zukunft einsetzen wollen.<\/p>\n<p><strong>Wann?<\/strong><\/p>\n<p>27. September 2017 (14:00 \u2013 17:00)<\/p>\n<p>Der Workshop findet im Vorfeld der Add+it 2017 statt (Symposium on additive manufacturing and innovative technologies).<\/p>\n<p><a href=\"http:\/\/www.addit2017.org\/\">www.addit2017.org<\/a><\/p>\n<p><strong>Wo?<\/strong><\/p>\n<p>Museum Arbeitswelt<br \/>\nWehrgrabengasse 7<br \/>\n4400 Steyr, AT<\/p>\n<p>&nbsp;<\/p>\n<p><strong>Anmeldegeb\u00fchr\u00a0<\/strong><\/p>\n<p>100 \u20ac NextGen3D Lead User Workshop<br \/>\n450 \u20ac Kombiticket (incl. Symposium: Registrieung hier: \u00a0<a href=\"https:\/\/www.profactor.at\/en\/events\/addit-2020\/former-events-addit\/addit-2017\/registration-addit-2017\/\">Add+it )<\/a><\/p>\n<p>&nbsp;<\/p>\n<p><strong>Anmeldung:<\/strong><br \/>\nWir ersuchen um Ihre Anmeldung per eMail an\u00a0<a href=\"mailto:&#x76;&#x65;&#x72;&#x65;&#x6e;&#x61;&#x2e;&#x6d;&#x75;&#x73;&#x69;&#x6b;&#x61;&#x72;&#x40;&#x70;&#x72;&#x6f;&#x66;&#x61;&#x63;&#x74;&#x6f;&#x72;&#x2e;&#x61;&#x74;\" data-cke-saved-href=\"https:\/\/sys.mailworx.info\/sys\/r.aspx?sub=XX&amp;link=aPAD\">Verena Musikar.\u00a0<\/a><\/p>\n<p>F\u00fcr das Kombiticket (Add+it + Lead User Workshop) k\u00f6nnen Sie sich online registrieren, bitte erg\u00e4nzen Sie im Kommentarfeld, dass Sie am NextGen3D Lead User Workshop teilnehmen m\u00f6chten.<\/p>\n<p>&nbsp;<\/p>\n<p><strong>F\u00fcr technische R\u00fcckfragen:\u00a0<\/strong><br \/>\nThomas Janics, Hage<br \/>\n&#x74;&#x2e;&#x6a;&#x61;&#x6e;&#x69;&#x63;&#x73;&#x40;<span class=\"oe_displaynone\">null<\/span>&#x68;&#x61;&#x67;&#x65;&#x2e;&#x61;&#x74;<\/p>\n<p>Dr. Thomas Fischinger, PROFACTOR<br \/>\n&#x54;&#x68;&#x6f;&#x6d;&#x61;&#x73;&#x2e;&#x66;&#x69;&#x73;&#x63;&#x68;&#x69;&#x6e;&#x67;&#x65;&#x72;&#x40;<span class=\"oe_displaynone\">null<\/span>&#x70;&#x72;&#x6f;&#x66;&#x61;&#x63;&#x74;&#x6f;&#x72;&#x2e;&#x61;&#x74;[\/vc_column_text][vc_column_text]<\/p>\n<p>Ich bin ein Textblock. Klicken Sie auf den Bearbeiten Button um diesen Text zu \u00e4ndern. Lorem ipsum dolor sit amet, consectetur adipiscing elit. Ut elit tellus, luctus nec ullamcorper mattis, pulvinar dapibus leo.<\/p>\n<p>[\/vc_column_text][\/vc_column][vc_column width=&#8221;1\/4&#8243; el_class=&#8221;page-sidebar page-reference-sidebar&#8221;][vc_column_text el_class=&#8221;reference-person&#8221;]<\/p>\n<div class=\"img-wrapper\">\n<div class=\"img-wrapper\">\n<p><img loading=\"lazy\" decoding=\"async\" class=\"wp-image-3872 size-medium\" src=\"http:\/\/www.profactor.at\/wp-content\/uploads\/2016\/07\/vmusik_web-300x261.jpg\" width=\"300\" height=\"261\" srcset=\"https:\/\/www.profactor.at\/wp-content\/uploads\/2016\/07\/vmusik_web-300x261.jpg 300w, https:\/\/www.profactor.at\/wp-content\/uploads\/2016\/07\/vmusik_web.jpg 466w\" sizes=\"auto, (max-width: 300px) 100vw, 300px\" \/><\/p>\n<\/div>\n<div class=\"reference\">\n<h4>Your Contact<\/h4>\n<p><strong>Verena Musikar BA MSc<\/strong><br \/>\nCorporate Communication<\/p>\n<p>+43 72 52 885 142<br \/>\n&#x76;&#x65;&#x72;&#x65;&#x6e;&#x61;&#x2e;&#x6d;&#x75;&#x73;&#x69;&#x6b;&#x61;&#x72;&#x40;<span class=\"oe_displaynone\">null<\/span>&#x70;&#x72;&#x6f;&#x66;&#x61;&#x63;&#x74;&#x6f;&#x72;&#x2e;&#x61;&#x74;<\/p>\n<\/div>\n<\/div>\n<p>[\/vc_column_text][vc_column_text el_class=&#8221;cta-area&#8221;]<\/p>\n<h3>Register for the Add+it 2017 now!<\/h3>\n<p><a class=\"btn cta\" href=\"https:\/\/www.profactor.at\/en\/events\/addit-2020\/former-events-addit\/addit-2017\/registration-addit-2017\/\">Registration<\/a>[\/vc_column_text][vc_column_text el_class=&#8221;cta-area&#8221;]<\/p>\n<h3>We answer &#8230;<\/h3>\n<p><a class=\"btn cta\" href=\"mailto:&#x63;&#x6f;&#x6e;&#x74;&#x61;&#x63;&#x74;&#x40;&#x61;&#x64;&#x64;&#x69;&#x74;&#x32;&#x30;&#x31;&#x37;&#x2e;&#x6f;&#x72;&#x67;\">&#8230; your questions<\/a>[\/vc_column_text][\/vc_column][\/vc_row]<\/p>\n<div class=\"shariff shariff-align-flex-start shariff-widget-align-flex-start\"><ul class=\"shariff-buttons theme-round orientation-horizontal buttonsize-medium\"><li class=\"shariff-button linkedin shariff-nocustomcolor\" style=\"background-color:#1488bf\"><a href=\"https:\/\/www.linkedin.com\/sharing\/share-offsite\/?url=https%3A%2F%2Fwww.profactor.at%2Fen%2Fevents%2Faddit-2020%2Fformer-events-addit%2Faddit-2017%2Fnextgen3d-lead-user-workshop%2F\" title=\"Bei LinkedIn teilen\" aria-label=\"Bei LinkedIn teilen\" role=\"button\" rel=\"noopener nofollow\" class=\"shariff-link\" style=\"; background-color:#0077b5; color:#fff\" target=\"_blank\"><span class=\"shariff-icon\" style=\"\"><svg width=\"32px\" height=\"20px\" xmlns=\"http:\/\/www.w3.org\/2000\/svg\" viewBox=\"0 0 27 32\"><path fill=\"#0077b5\" d=\"M6.2 11.2v17.7h-5.9v-17.7h5.9zM6.6 5.7q0 1.3-0.9 2.2t-2.4 0.9h0q-1.5 0-2.4-0.9t-0.9-2.2 0.9-2.2 2.4-0.9 2.4 0.9 0.9 2.2zM27.4 18.7v10.1h-5.9v-9.5q0-1.9-0.7-2.9t-2.3-1.1q-1.1 0-1.9 0.6t-1.2 1.5q-0.2 0.5-0.2 1.4v9.9h-5.9q0-7.1 0-11.6t0-5.3l0-0.9h5.9v2.6h0q0.4-0.6 0.7-1t1-0.9 1.6-0.8 2-0.3q3 0 4.9 2t1.9 6z\"\/><\/svg><\/span><\/a><\/li><\/ul><\/div><\/div>","protected":false},"excerpt":{"rendered":"<p>[vc_row][vc_column width=&#8221;3\/4&#8243;][vc_column_text][\/vc_column_text][vc_column_text]Das NextGen3D-Konsortium arbeitet an neuen Prozess- und Materialentwicklungen f\u00fcr industrielle Anwendungen. Ziel ist es, einen zuverl\u00e4ssigen, industriell relevanten Druck von Polypropylen zu erm\u00f6glichen! Sie interessieren sich f\u00fcr 3D Druck mit Polypropylen Sie wollen mehr \u00fcber die technischen Herausforderungen im FFF Druck erfahren Sie interessieren sich f\u00fcr Inline-Kontrollsysteme im FFF Druck Sie wollen sich mit &hellip;<\/p>\n","protected":false},"author":13,"featured_media":3151,"parent":6480,"menu_order":30,"comment_status":"closed","ping_status":"closed","template":"","meta":{"footnotes":""},"categories":[49],"tags":[],"class_list":["post-7927","page","type-page","status-publish","has-post-thumbnail","hentry","category-events-en"],"_links":{"self":[{"href":"https:\/\/www.profactor.at\/en\/wp-json\/wp\/v2\/pages\/7927","targetHints":{"allow":["GET"]}}],"collection":[{"href":"https:\/\/www.profactor.at\/en\/wp-json\/wp\/v2\/pages"}],"about":[{"href":"https:\/\/www.profactor.at\/en\/wp-json\/wp\/v2\/types\/page"}],"author":[{"embeddable":true,"href":"https:\/\/www.profactor.at\/en\/wp-json\/wp\/v2\/users\/13"}],"replies":[{"embeddable":true,"href":"https:\/\/www.profactor.at\/en\/wp-json\/wp\/v2\/comments?post=7927"}],"version-history":[{"count":3,"href":"https:\/\/www.profactor.at\/en\/wp-json\/wp\/v2\/pages\/7927\/revisions"}],"predecessor-version":[{"id":9590,"href":"https:\/\/www.profactor.at\/en\/wp-json\/wp\/v2\/pages\/7927\/revisions\/9590"}],"up":[{"embeddable":true,"href":"https:\/\/www.profactor.at\/en\/wp-json\/wp\/v2\/pages\/6480"}],"wp:featuredmedia":[{"embeddable":true,"href":"https:\/\/www.profactor.at\/en\/wp-json\/wp\/v2\/media\/3151"}],"wp:attachment":[{"href":"https:\/\/www.profactor.at\/en\/wp-json\/wp\/v2\/media?parent=7927"}],"wp:term":[{"taxonomy":"category","embeddable":true,"href":"https:\/\/www.profactor.at\/en\/wp-json\/wp\/v2\/categories?post=7927"},{"taxonomy":"post_tag","embeddable":true,"href":"https:\/\/www.profactor.at\/en\/wp-json\/wp\/v2\/tags?post=7927"}],"curies":[{"name":"wp","href":"https:\/\/api.w.org\/{rel}","templated":true}]}}