{"id":7270,"date":"2017-06-19T05:07:05","date_gmt":"2017-06-19T05:07:05","guid":{"rendered":"https:\/\/www.profactor.at\/?page_id=7270\/"},"modified":"2023-08-30T12:35:58","modified_gmt":"2023-08-30T11:35:58","slug":"smart-factory-lab","status":"publish","type":"page","link":"https:\/\/www.profactor.at\/en\/research\/industrial-automation-systems\/human-centered-computing\/projects-archive\/smart-factory-lab\/","title":{"rendered":"Smart Factory Lab"},"content":{"rendered":"<div class=\"wpb-content-wrapper\"><p>[vc_row][vc_column width=&#8221;3\/4&#8243;][vc_column_text]<div class=\"overview-image-wrapper\"><div class=\"img\" style=\"background-image:url(https:\/\/www.profactor.at\/wp-content\/uploads\/2016\/07\/Technikum_Panorama_02_web.jpg);\"\/><\/div><div class=\"overview-caption\"><\/div><\/div>[\/vc_column_text][vc_column_text]<strong>Technologielabor f\u00fcr die humanzentrierte, assistive Produktion der Zukunft<\/strong><\/p>\n<p>Ziel des Projekts ist der Aufbau eines vernetzten Technologie-Laboratoriums zur Entwicklung und Erprobung neuartiger, assistiver Technologien, Methoden und Konzepte f\u00fcr eine k\u00fcnftige digitale humanzentrierte Produktion.<\/p>\n<p>Hauptzielsetzung ist der Aufbau wissenschaftlicher Expertise in den folgenden Themenfeldern:<\/p>\n<ul>\n<li>Intuitive Interaktion und innovative BedienerInnen Assistenz<\/li>\n<li>Kognitive Systeme im industriellen Produktionsprozess<\/li>\n<li>Situative Entscheidungsunterst\u00fctzung f\u00fcr die Systemauslegung<\/li>\n<li>Mensch Roboter Kooperation in der Fertigung<\/li>\n<\/ul>\n<p>[\/vc_column_text][vc_tta_accordion active_section=&#8221;99&#8243;][vc_tta_section title=&#8221;Intuitive Interaktion und innovative BedienerInnen Assistenz&#8221; tab_id=&#8221;1497849550675-66021ab1-d425&#8243;][vc_column_text]Im Smart Factory Labor ist ein Demonstrationsarbeitsplatz aufgebaut, welcher neue M\u00f6glichkeiten zur Bedienerf\u00fchrung bzw. Interaktionsm\u00f6glichkeiten zwischen Mensch und Maschine zeigt. Besondere Bedeutung hierbei hat die \u201aUseability\u2018 f\u00fcr den Mitarbeiter in der Produktion. Die Entlastung \u00a0des Mitarbeiters ist oberstes Ziel.<\/p>\n<p>Exemplarische Arbeitsabl\u00e4ufe im Produktionskontext werden durch dynamische Projektion direkt auf den Arbeitsbereich oder das Bauteil angeleitet. Der Mitarbeiter wird gef\u00fchrt und \u201adie <strong>Bedienungsanleitung<\/strong> f\u00fcr den aktuellen Bauplan\u2018 wird im direkt im Arbeitsbereich eingeblendet. F\u00fcr zus\u00e4tzliche Systemintelligenz dient eine 3D Sensorik, welche mittels <strong>Objeklageerkennung bzw. Objekttracking<\/strong> (2D oder 3D) permanent das Bauteil bzw. die H\u00e4nde des Werkers im Auge beh\u00e4lt und somit dynamisch den Projektionsinhalt ver\u00e4ndern kann. Alternative bzw. komplement\u00e4re Technologien werden laufend evaluiert und gegen\u00fcbergestellt; das Grundkonzept mit neueren Endger\u00e4ten umgesetzt basiert beispielsweise auf der Kombination aus einem Trackingsystem und einer Datenbrille.<\/p>\n<p>F\u00fcr <strong>intuitivere Benutzereingaben<\/strong> (Mensch zu Maschine Kommunikation) werden Tasten und Eingabem\u00f6glichkeiten in den unmittelbaren Arbeitsbereich (z.B. mittels Projektion) des Produktionsmitarbeiters verlagert, welcher dann durch einfache Gesten oder ganz nat\u00fcrlichen Bewegungen die entsprechenden Maschinen und (Assistenz-)Werkzeuge triggern kann.<\/p>\n<p>Im Allgemeinen wird in diesem Themenbereich gro\u00dfer Wert darauf gelegt mit low-cost Ans\u00e4tzen und entsprechender Systemintelligenz dem Mitarbeiter komplexe Produktion m\u00f6glichst einfach zu gestalten.[\/vc_column_text][\/vc_tta_section][vc_tta_section title=&#8221;Kognitive Systeme im industriellen Produktionsprozess&#8221; tab_id=&#8221;1497849550711-9b3a9616-83f7&#8243;][vc_column_text]F\u00fcr die visuelle Pr\u00fcfung von kompliziert geformten Bauteilen wird ein Inspektionsroboter eingesetzt, der den Bauteil unter dem jeweiligen Pr\u00fcfsystem positioniert und in ein einer kontinuierlichen Scan-Bewegung die gesamte Oberfl\u00e4che erfasst. In der Pr\u00fcfzelle sind verschiedene Sensoren integriert:<\/p>\n<p>Der <strong>Faserwinkelsensor \u201eFScan\u201c<\/strong> pr\u00fcft die Verl\u00e4ufe von Fasern auf <strong>Verbundbauteilen aus Karbon- oder Glasfaser<\/strong> und erm\u00f6glicht die Detektion von Defekten, wie Einschl\u00fcssen im Bauteil.<\/p>\n<p>Der Sensor<strong> \u201eLScan\u201c<\/strong> wird f\u00fcr die \u00dcberwachung von <strong>Ablegeprozessen<\/strong> (\u201eAutomated Fiber Placement\u201c) von CFK-Bauteilen verwendet, und detektiert typische Abweichungen im Prozess wie gaps, overlaps, twisted tows oder fuzzballs.<\/p>\n<p>Der <strong>\u201eTP-Scan\u201c<\/strong> Sensor wird f\u00fcr die Pr\u00fcfung von <strong>metallischen<\/strong> Oberfl\u00e4chen eingesetzt und erlaubt eine sichere Unterscheidung von Lunkern, Kratzern oder Besch\u00e4digungen, die als Fehler erkannt werden sollen, und Verschmutzungen oder Verf\u00e4rbungen, die akzeptable Abweichungen darstellen. Die Roboterbewegung f\u00fcr die jeweilige Pr\u00fcfaufgabe wird auf Basis des CAD Modells des Bauteils und eines physikalischen Modells des Pr\u00fcfprozesses automatisch kollisionsfrei geplant.[\/vc_column_text][\/vc_tta_section][vc_tta_section title=&#8221;Situative Entscheidungsunterst\u00fctzung f\u00fcr Systemauslegung und Produktionsbetrieb&#8221; tab_id=&#8221;1497849604877-08a682a0-c20d&#8221;][vc_column_text]In diesem Themenfeld werden Technologien der Verteilten K\u00fcnstlichen Intelligenz auf ihre Anwendbarkeit in Produktionsprozessen untersucht. Insbesondere die Teilbereiche Multi-Agenten-Systeme, Actor-Systeme, Holonik und Semantische Interoperabilit\u00e4t werden hier untersucht und ein Demonstrator entwickelt.[\/vc_column_text][\/vc_tta_section][vc_tta_section title=&#8221;Mensch Roboter Kooperation in der Fertigung&#8221; tab_id=&#8221;1497849606172-175dce81-e926&#8243;][vc_column_text]<\/p>\n<p style=\"background: white; margin: 0cm 0cm 7.5pt 0cm;\"><span style=\"font-family: 'Helvetica',sans-serif; color: #333333;\">Im Mittelpunkt steht die Interaktion von Mensch und Maschine \/ Robotersystemen im gemeinsamen Arbeitsraum . <\/span><\/p>\n<p style=\"margin: 0cm; margin-bottom: .0001pt; background: white; box-sizing: border-box; font-variant-ligatures: normal; font-variant-caps: normal; orphans: 2; text-align: start; widows: 2; -webkit-text-stroke-width: 0px; text-decoration-style: initial; text-decoration-color: initial; word-spacing: 0px;\"><span style=\"font-family: 'Helvetica',sans-serif; color: #333333;\">Die Demonstratoren im \u00a0Smart Factory LAB erm\u00f6glichen das schnelle und einfache Erstellen von verschiedener Arbeitsprozesse mit dem Roboter. Ziel ist es, die Systeme binnen wenigen Minuten auch von Nicht-Experten programmiert werden k\u00f6nnen. Interaktive Bedienung durch Mixed Reality Interaktion aber auch einfache \u00a0\u201eDrag &amp; Drop\u201c Funktionen erleichtern das Erstellen und Einf\u00fcgen neuer Skills (F\u00e4higkeiten) am Robotersystem.<\/span><\/p>\n<p>[\/vc_column_text][\/vc_tta_section][\/vc_tta_accordion][\/vc_column][vc_column width=&#8221;1\/4&#8243; el_class=&#8221;page-sidebar page-reference-sidebar&#8221;][vc_column_text el_class=&#8221;reference-person&#8221;]<\/p>\n<div class=\"img-wrapper\"><img loading=\"lazy\" decoding=\"async\" class=\"alignnone wp-image-2773 size-medium\" src=\"http:\/\/www.profactor.at\/wp-content\/uploads\/2016\/07\/Ansprechpartner_hbauer_visualcomputing_web-300x261.jpg\" width=\"300\" height=\"261\" srcset=\"https:\/\/www.profactor.at\/wp-content\/uploads\/2016\/07\/Ansprechpartner_hbauer_visualcomputing_web-300x261.jpg 300w, https:\/\/www.profactor.at\/wp-content\/uploads\/2016\/07\/Ansprechpartner_hbauer_visualcomputing_web.jpg 466w\" sizes=\"auto, (max-width: 300px) 100vw, 300px\" \/><\/div>\n<div class=\"reference\">\n<h4>Ihr Ansprechpartner<\/h4>\n<p><strong>DI (FH)\u00a0Harald Bauer<\/strong><br \/>\nHead of Visual Computing<\/p>\n<p>+43 7252 885 302<br \/>\n&#x68;&#x61;&#x72;&#x61;&#x6c;&#x64;&#x2e;&#x62;&#x61;&#x75;&#x65;&#x72;&#x40;<span class=\"oe_displaynone\">null<\/span>&#x70;&#x72;&#x6f;&#x66;&#x61;&#x63;&#x74;&#x6f;&#x72;&#x2e;&#x61;&#x74;<\/p>\n<\/div>\n<p>[\/vc_column_text][vc_column_text el_class=&#8221;cta-area&#8221;]<a href=\"http:\/\/www.efre.gv.at\/\" target=\"_blank\" rel=\"noopener\"><img loading=\"lazy\" decoding=\"async\" class=\"alignnone wp-image-6859\" src=\"https:\/\/www.profactor.at\/wp-content\/uploads\/2016\/07\/EFRE2014-4c-Logo1000x250px-300x75.jpg\" alt=\"\" width=\"280\" height=\"70\" srcset=\"https:\/\/www.profactor.at\/wp-content\/uploads\/2016\/07\/EFRE2014-4c-Logo1000x250px-300x75.jpg 300w, https:\/\/www.profactor.at\/wp-content\/uploads\/2016\/07\/EFRE2014-4c-Logo1000x250px-768x192.jpg 768w, https:\/\/www.profactor.at\/wp-content\/uploads\/2016\/07\/EFRE2014-4c-Logo1000x250px.jpg 1000w\" sizes=\"auto, (max-width: 280px) 100vw, 280px\" \/><\/a><\/p>\n<p><img loading=\"lazy\" decoding=\"async\" class=\"alignnone wp-image-7297\" src=\"https:\/\/www.profactor.at\/wp-content\/uploads\/2017\/06\/landooe.jpg\" alt=\"\" width=\"100\" height=\"58\" \/><\/p>\n<h4><span style=\"color: #000000;\">Dieses Projekt wird aus Mitteln des Europ\u00e4ischen Fonds f\u00fcr regionale Entwicklung kofinanziert.<\/span><\/h4>\n<p>N\u00e4here Infos finden Sie unter:\u00a0<a href=\"http:\/\/www.efre.gv.at\">www.efre.gv.at\u00a0<\/a>[\/vc_column_text][vc_column_text el_class=&#8221;cta-area&#8221;]<\/p>\n<h3>Gerne antworten wir&#8230;<\/h3>\n<p><a class=\"btn cta\" href=\"mailto:&#x68;&#x61;&#x72;&#x61;&#x6c;&#x64;&#x2e;&#x62;&#x61;&#x75;&#x65;&#x72;&#x40;&#x70;&#x72;&#x6f;&#x66;&#x61;&#x63;&#x74;&#x6f;&#x72;&#x2e;&#x61;&#x74;\">&#8230; auf Ihre Fragen<\/a>[\/vc_column_text][\/vc_column][\/vc_row]<\/p>\n<div class=\"shariff shariff-align-flex-start shariff-widget-align-flex-start\"><ul class=\"shariff-buttons theme-round orientation-horizontal buttonsize-medium\"><li class=\"shariff-button linkedin shariff-nocustomcolor\" style=\"background-color:#1488bf\"><a href=\"https:\/\/www.linkedin.com\/sharing\/share-offsite\/?url=https%3A%2F%2Fwww.profactor.at%2Fen%2Fresearch%2Findustrial-automation-systems%2Fhuman-centered-computing%2Fprojects-archive%2Fsmart-factory-lab%2F\" title=\"Bei LinkedIn teilen\" aria-label=\"Bei LinkedIn teilen\" role=\"button\" rel=\"noopener nofollow\" class=\"shariff-link\" style=\"; background-color:#0077b5; color:#fff\" target=\"_blank\"><span class=\"shariff-icon\" style=\"\"><svg width=\"32px\" height=\"20px\" xmlns=\"http:\/\/www.w3.org\/2000\/svg\" viewBox=\"0 0 27 32\"><path fill=\"#0077b5\" d=\"M6.2 11.2v17.7h-5.9v-17.7h5.9zM6.6 5.7q0 1.3-0.9 2.2t-2.4 0.9h0q-1.5 0-2.4-0.9t-0.9-2.2 0.9-2.2 2.4-0.9 2.4 0.9 0.9 2.2zM27.4 18.7v10.1h-5.9v-9.5q0-1.9-0.7-2.9t-2.3-1.1q-1.1 0-1.9 0.6t-1.2 1.5q-0.2 0.5-0.2 1.4v9.9h-5.9q0-7.1 0-11.6t0-5.3l0-0.9h5.9v2.6h0q0.4-0.6 0.7-1t1-0.9 1.6-0.8 2-0.3q3 0 4.9 2t1.9 6z\"\/><\/svg><\/span><\/a><\/li><\/ul><\/div><\/div>","protected":false},"excerpt":{"rendered":"<p>[vc_row][vc_column width=&#8221;3\/4&#8243;][vc_column_text][\/vc_column_text][vc_column_text]Technologielabor f\u00fcr die humanzentrierte, assistive Produktion der Zukunft Ziel des Projekts ist der Aufbau eines vernetzten Technologie-Laboratoriums zur Entwicklung und Erprobung neuartiger, assistiver Technologien, Methoden und Konzepte f\u00fcr eine k\u00fcnftige digitale humanzentrierte Produktion. Hauptzielsetzung ist der Aufbau wissenschaftlicher Expertise in den folgenden Themenfeldern: Intuitive Interaktion und innovative BedienerInnen Assistenz Kognitive Systeme im industriellen Produktionsprozess &hellip;<\/p>\n","protected":false},"author":13,"featured_media":3695,"parent":16829,"menu_order":1000,"comment_status":"closed","ping_status":"closed","template":"","meta":{"footnotes":""},"categories":[12],"tags":[],"class_list":["post-7270","page","type-page","status-publish","has-post-thumbnail","hentry","category-industrial-assistive-systems"],"_links":{"self":[{"href":"https:\/\/www.profactor.at\/en\/wp-json\/wp\/v2\/pages\/7270","targetHints":{"allow":["GET"]}}],"collection":[{"href":"https:\/\/www.profactor.at\/en\/wp-json\/wp\/v2\/pages"}],"about":[{"href":"https:\/\/www.profactor.at\/en\/wp-json\/wp\/v2\/types\/page"}],"author":[{"embeddable":true,"href":"https:\/\/www.profactor.at\/en\/wp-json\/wp\/v2\/users\/13"}],"replies":[{"embeddable":true,"href":"https:\/\/www.profactor.at\/en\/wp-json\/wp\/v2\/comments?post=7270"}],"version-history":[{"count":4,"href":"https:\/\/www.profactor.at\/en\/wp-json\/wp\/v2\/pages\/7270\/revisions"}],"predecessor-version":[{"id":16645,"href":"https:\/\/www.profactor.at\/en\/wp-json\/wp\/v2\/pages\/7270\/revisions\/16645"}],"up":[{"embeddable":true,"href":"https:\/\/www.profactor.at\/en\/wp-json\/wp\/v2\/pages\/16829"}],"wp:featuredmedia":[{"embeddable":true,"href":"https:\/\/www.profactor.at\/en\/wp-json\/wp\/v2\/media\/3695"}],"wp:attachment":[{"href":"https:\/\/www.profactor.at\/en\/wp-json\/wp\/v2\/media?parent=7270"}],"wp:term":[{"taxonomy":"category","embeddable":true,"href":"https:\/\/www.profactor.at\/en\/wp-json\/wp\/v2\/categories?post=7270"},{"taxonomy":"post_tag","embeddable":true,"href":"https:\/\/www.profactor.at\/en\/wp-json\/wp\/v2\/tags?post=7270"}],"curies":[{"name":"wp","href":"https:\/\/api.w.org\/{rel}","templated":true}]}}