{"id":6723,"date":"2017-03-06T10:31:22","date_gmt":"2017-03-06T10:31:22","guid":{"rendered":"https:\/\/www.profactor.at\/?page_id=6723\/"},"modified":"2022-02-04T12:52:16","modified_gmt":"2022-02-04T11:52:16","slug":"profactorianer","status":"publish","type":"page","link":"https:\/\/www.profactor.at\/en\/people\/profactorianer\/","title":{"rendered":"PROFACTORIANER"},"content":{"rendered":"<div class=\"wpb-content-wrapper\"><p>[vc_row][vc_column][\/vc_column][\/vc_row][vc_row][vc_column width=&#8221;3\/4&#8243;][vc_column_text]<div class=\"overview-image-wrapper\"><div class=\"img\" style=\"background-image:url(https:\/\/www.profactor.at\/wp-content\/uploads\/2016\/07\/PROFACTORIANER_web_03.jpg);\"\/><\/div><div class=\"overview-caption\"><\/div><\/div>[\/vc_column_text][vc_column_text]<strong>PROFACTOR ein Platz f\u00fcr Querdenker<\/strong><\/p>\n<p>Innovationen f\u00fcr die Industrie werden von den besten K\u00f6pfen gemacht. PROFACTOR setzt auf Querdenker, die ihr Engagement an der Schnittstelle von Industrie und Wissenschaft einbringen. Wir gestalten die Fabrik der Zukunft mit. Bereits w\u00e4hrend der Ausbildung bieten wir M\u00f6glichkeiten zur Mitarbeit. Flexible Arbeitszeitmodelle und Fortbildungsm\u00f6glichkeiten machen uns als Arbeitgeber attraktiv. Interdisziplin\u00e4re Zusammenarbeit ist ein Faktor unseres Erfolgs. Fast alle technischen Disziplinen sind in unserem Team vertreten.<\/p>\n<h2>So machen Sie bei PROFACTOR Karriere<\/h2>\n<p>Vier verschiedene Karrierelaufbahnen stehen Ihnen bei PROFACTOR offen. Ihre Ausbildung und Erfahrung z\u00e4hlen, ihre St\u00e4rken bestimmen den Karriereweg: in der Zusammenarbeit mit dem Kunden, in der Forschung oder im Management von Projekten.[\/vc_column_text][vc_tta_accordion active_section=&#8221;1&#8243;][vc_tta_section title=&#8221;Scientist&#8221; tab_id=&#8221;1480506035527-42fe4322-154b&#8221;][vc_column_text]Wissenschaftliche Forschung ist der Grundstein f\u00fcr unseren Erfolg. Die Scientists setzten Standards in der Produktionsforschung.[\/vc_column_text][\/vc_tta_section][vc_tta_section title=&#8221;Research Engineers and Technician&#8221; tab_id=&#8221;1480506035571-ad940f19-6761&#8243;][vc_column_text]Die Zusammenarbeit mit der Industrie ist unser Gesch\u00e4ft. Als Research Engineer setzen Sie Forschungsergebnisse bei unseren Partnern um. Sie verwerten Entwicklungen zum beiderseitigen Nutzen.<\/p>\n<p>Als Technician unterst\u00fctzen Sie die Research Engineers und Scientists. Sie stellen sicher, dass unsere L\u00f6sungen technisch einwandfrei umgesetzt werden.[\/vc_column_text][\/vc_tta_section][vc_tta_section title=&#8221;Management&#8221; tab_id=&#8221;1480506258061-fe97a39d-b736&#8243;][vc_column_text]PROFACTOR forscht an der Fabrik der Zukunft.\u00a0Den Geist der Innovation sp\u00fcren auch unsere MitarbeiterInnen im Management-Bereich vom Sekretariat bis hin zum\u00a0Controlling.[\/vc_column_text][\/vc_tta_section][\/vc_tta_accordion][vc_column_text]<\/p>\n<h2><\/h2>\n<h2>Testimonials \u2013 Das sagen PROFACTORianer \u00fcber das Unternehmen<\/h2>\n<p>Sie gestalten die Fabrik der Zukunft mit. Sie kommen aus fast allen technischen Disziplinen. Sie sind Querdenker an der Schnittstelle von Industrie und Wissenschaft und Vordenker f\u00fcr Entwicklungen, die unseren Kunden zu Gute kommen.<\/p>\n<p>Und das sagen Sie \u00fcber ihre Arbeit:[\/vc_column_text][vc_column_text]<\/p>\n<table>\n<tbody>\n<tr>\n<td rowspan=\"5\" width=\"167\"><strong>\u00a0<img loading=\"lazy\" decoding=\"async\" class=\"alignnone wp-image-6057\" src=\"https:\/\/www.profactor.at\/wp-content\/uploads\/2016\/11\/jkastn_web2-255x300.jpg\" width=\"123\" height=\"145\" srcset=\"https:\/\/www.profactor.at\/wp-content\/uploads\/2016\/11\/jkastn_web2-255x300.jpg 255w, https:\/\/www.profactor.at\/wp-content\/uploads\/2016\/11\/jkastn_web2.jpg 343w\" sizes=\"auto, (max-width: 123px) 100vw, 123px\" \/><\/strong><\/td>\n<td colspan=\"2\" width=\"431\"><strong>DI Julia Kastner<\/strong><\/td>\n<\/tr>\n<tr>\n<td width=\"215\"><u>Karriere:<\/u><\/td>\n<td width=\"600\">Scientist<\/td>\n<\/tr>\n<tr>\n<td width=\"184\"><u>Themenschwerpunkt:<\/u><\/td>\n<td width=\"245\">Funktionelle Oberfl\u00e4chen und Nanostrukturen (Schwerpunkt: Inkjet Printing)<\/td>\n<\/tr>\n<tr>\n<td width=\"184\"><u>Ausbildung:<\/u><\/td>\n<td width=\"245\">Chemie, JKU Linz<\/td>\n<\/tr>\n<tr>\n<td width=\"184\"><u>PROFACTORianer:<\/u><\/td>\n<td width=\"245\">seit 2011<\/td>\n<\/tr>\n<tr>\n<td width=\"167\"><\/td>\n<td colspan=\"2\" width=\"431\">\u201ePROFACTOR unterst\u00fctzt mich bei der Entfaltung meiner F\u00e4higkeiten. Von Beginn an wurde ich herzlich aufgenommen und konnte durch gute Zusammenarbeit mit meinen Kollegen viel lernen. Nach dem Abschluss meiner Diplomarbeit bei PROFACTOR habe ich die M\u00f6glichkeit bekommen, als wissenschaftliche Mitarbeiterin meine Doktorarbeit zu verfassen, welche ich bald abschlie\u00dfen werde. Ich freue mich auf viele weitere interessante und herausfordernde Projekte.<\/td>\n<\/tr>\n<\/tbody>\n<\/table>\n<p>[\/vc_column_text][vc_column_text]<\/p>\n<table>\n<tbody>\n<tr>\n<td rowspan=\"5\" width=\"167\"><img loading=\"lazy\" decoding=\"async\" class=\"size-full wp-image-6047 alignnone\" src=\"https:\/\/www.profactor.at\/wp-content\/uploads\/2016\/11\/gebenh-web.jpg\" alt=\"\" width=\"123\" height=\"160\" \/><\/td>\n<td width=\"215\"><strong>DI (FH) Gerhard Ebenhofer<\/strong><\/td>\n<td width=\"600\"><\/td>\n<\/tr>\n<tr>\n<td width=\"157\"><u>Karriere:<\/u><\/td>\n<td width=\"272\">Research Engineer<\/td>\n<\/tr>\n<tr>\n<td width=\"157\"><u>Themenschwerpunkt:<\/u><\/td>\n<td width=\"272\">Verteilte Informationssysteme<\/td>\n<\/tr>\n<tr>\n<td width=\"157\"><u>Ausbildung:<\/u><\/td>\n<td width=\"272\">Software Engineering, FH Hagenberg<\/td>\n<\/tr>\n<tr>\n<td width=\"157\"><u>PROFACTORianer:<\/u><\/td>\n<td width=\"272\">seit 2006<\/td>\n<\/tr>\n<tr>\n<td width=\"167\"><\/td>\n<td colspan=\"2\" width=\"431\">\u201eBei PROFACTOR gibt es ein sehr angenehmes Arbeitsklima. Man hat die M\u00f6glichkeit, sich mit interessanten Aufgaben auch \u00fcber einen l\u00e4ngeren Zeitraum zu besch\u00e4ftigen. Dazu kommt die Vielfalt an unterschiedlichen Projekten mit st\u00e4ndig neuen Herausforderungen, auch mit internationalen Projektpartnern.<\/td>\n<\/tr>\n<\/tbody>\n<\/table>\n<p>[\/vc_column_text][vc_column_text]<\/p>\n<table>\n<tbody>\n<tr>\n<td rowspan=\"5\" width=\"167\"><img loading=\"lazy\" decoding=\"async\" class=\"alignnone wp-image-6049\" src=\"https:\/\/www.profactor.at\/wp-content\/uploads\/2016\/11\/mplasch-web-228x300.jpg\" width=\"123\" height=\"162\" \/><\/td>\n<td width=\"215\"><strong>DI Matthias Plasch<\/strong><\/td>\n<td width=\"600\"><\/td>\n<\/tr>\n<tr>\n<td width=\"148\"><u>Karriere:<\/u><\/td>\n<td width=\"281\">Research Engineer<\/td>\n<\/tr>\n<tr>\n<td width=\"148\"><u>Themenschwerpunkt:<\/u><\/td>\n<td width=\"281\">Cognitive Roboterassistenzsysteme<\/td>\n<\/tr>\n<tr>\n<td width=\"148\"><u>Ausbildung:<\/u><\/td>\n<td width=\"281\">Automatisierungstechnik. TU Wien<\/td>\n<\/tr>\n<tr>\n<td width=\"148\"><u>PROFACTORianer:<\/u><\/td>\n<td width=\"281\">seit 2011<\/td>\n<\/tr>\n<tr>\n<td width=\"167\"><\/td>\n<td colspan=\"2\" width=\"431\">\u201eDie Themenvielfalt meiner Arbeit finde ich toll. Es fordert stets ein Einarbeiten in neue Fachgebiete. Die Zusammenarbeit mit internationalen Projektpartnern ist sehr lehrreich. Sie f\u00f6rdert nicht nur den fachlichen Wissensaustausch sondern auch soziale Kompetenz und Offenheit.\u201c<\/td>\n<\/tr>\n<\/tbody>\n<\/table>\n<p>[\/vc_column_text][vc_column_text]<\/p>\n<table>\n<tbody>\n<tr>\n<td rowspan=\"5\" width=\"166\"><strong>\u00a0<img loading=\"lazy\" decoding=\"async\" class=\"alignnone wp-image-6255\" src=\"https:\/\/www.profactor.at\/wp-content\/uploads\/2016\/12\/dkirch_web-251x300.jpg\" width=\"120\" height=\"144\" srcset=\"https:\/\/www.profactor.at\/wp-content\/uploads\/2016\/12\/dkirch_web-251x300.jpg 251w, https:\/\/www.profactor.at\/wp-content\/uploads\/2016\/12\/dkirch_web.jpg 504w\" sizes=\"auto, (max-width: 120px) 100vw, 120px\" \/><\/strong><\/td>\n<td width=\"215\"><strong>DI Daniela Kirchberger<\/strong><\/td>\n<td width=\"600\"><\/td>\n<\/tr>\n<tr>\n<td width=\"188\"><u>Karriere:<\/u><\/td>\n<td width=\"250\">Research Engineer<\/td>\n<\/tr>\n<tr>\n<td width=\"188\"><u>Themenschwerpunkt:<\/u><\/td>\n<td width=\"250\">Digitale Bildverarbeitung<\/td>\n<\/tr>\n<tr>\n<td width=\"188\"><u>Ausbildung:<\/u><\/td>\n<td width=\"250\">Mechatronik, JKU Linz<\/td>\n<\/tr>\n<tr>\n<td width=\"188\"><u>PROFACTORianer:<\/u><\/td>\n<td width=\"250\">seit 2008<\/td>\n<\/tr>\n<tr>\n<td width=\"166\"><strong>\u00a0<\/strong><\/td>\n<td colspan=\"2\" width=\"438\">Schon vor meinem Studium erhielt ich die M\u00f6glichkeit bei PROFACTOR ein Ferialpraktikum zu absolvieren. W\u00e4hrend dieser sehr lehrreichen Zeit konnte ich mein Interesse und meine Neugier f\u00fcr Forschung und Technik voll ausleben.Ich arbeite sehr gerne bei PROFACTOR. Das Arbeiten an neuen Forschungs- und Industriebereichen erm\u00f6glicht mir, mich weiterzubilden. Die Herausforderungen in den Projekten gestalten den Arbeitsalltag stets spannend. Die flexible Einteilung der Arbeitszeit ist au\u00dferdem sehr familienfreundlich.<\/p>\n<p><strong>\u00a0<\/strong><\/td>\n<\/tr>\n<\/tbody>\n<\/table>\n<p>[\/vc_column_text][\/vc_column][vc_column width=&#8221;1\/4&#8243; el_class=&#8221;page-sidebar page-reference-sidebar&#8221;][vc_column_text el_class=&#8221;reference-person&#8221;]<\/p>\n<div class=\"img-wrapper\">\n<p><img loading=\"lazy\" decoding=\"async\" class=\"alignnone wp-image-8431 size-full\" src=\"https:\/\/www.profactor.at\/wp-content\/uploads\/2016\/07\/cbreit_web2.jpg\" alt=\"\" width=\"300\" height=\"261\" \/><\/p>\n<\/div>\n<div class=\"reference\">\n<h4>Your contact<\/h4>\n<p><strong>Dr. Christoph Breitschopf<\/strong><br \/>\nCEO<\/p>\n<p>+43 72 52 885 111<br \/>\n&#x63;&#x68;&#x72;&#x69;&#x73;&#x74;&#x6f;&#x70;&#x68;&#x2e;&#x62;&#x72;&#x65;&#x69;&#x74;&#x73;&#x63;&#x68;&#x6f;&#x70;&#x66;&#x40;<span class=\"oe_displaynone\">null<\/span>&#x70;&#x72;&#x6f;&#x66;&#x61;&#x63;&#x74;&#x6f;&#x72;&#x2e;&#x61;&#x74;<\/p>\n<\/div>\n<p>[\/vc_column_text][vc_column_text el_class=&#8221;cta-area&#8221;]<\/p>\n<h3>We answer &#8230;<\/h3>\n<p><a class=\"btn cta\" href=\"mailto:&#x73;&#x65;&#x6b;&#x72;&#x65;&#x74;&#x61;&#x72;&#x69;&#x61;&#x74;&#x40;&#x70;&#x72;&#x6f;&#x66;&#x61;&#x63;&#x74;&#x6f;&#x72;&#x2e;&#x61;&#x74;\">&#8230; your questions<\/a>[\/vc_column_text][\/vc_column][\/vc_row]<\/p>\n<div class=\"shariff shariff-align-flex-start shariff-widget-align-flex-start\"><ul class=\"shariff-buttons theme-round orientation-horizontal buttonsize-medium\"><li class=\"shariff-button linkedin shariff-nocustomcolor\" style=\"background-color:#1488bf\"><a href=\"https:\/\/www.linkedin.com\/sharing\/share-offsite\/?url=https%3A%2F%2Fwww.profactor.at%2Fen%2Fpeople%2Fprofactorianer%2F\" title=\"Bei LinkedIn teilen\" aria-label=\"Bei LinkedIn teilen\" role=\"button\" rel=\"noopener nofollow\" class=\"shariff-link\" style=\"; background-color:#0077b5; color:#fff\" target=\"_blank\"><span class=\"shariff-icon\" style=\"\"><svg width=\"32px\" height=\"20px\" xmlns=\"http:\/\/www.w3.org\/2000\/svg\" viewBox=\"0 0 27 32\"><path fill=\"#0077b5\" d=\"M6.2 11.2v17.7h-5.9v-17.7h5.9zM6.6 5.7q0 1.3-0.9 2.2t-2.4 0.9h0q-1.5 0-2.4-0.9t-0.9-2.2 0.9-2.2 2.4-0.9 2.4 0.9 0.9 2.2zM27.4 18.7v10.1h-5.9v-9.5q0-1.9-0.7-2.9t-2.3-1.1q-1.1 0-1.9 0.6t-1.2 1.5q-0.2 0.5-0.2 1.4v9.9h-5.9q0-7.1 0-11.6t0-5.3l0-0.9h5.9v2.6h0q0.4-0.6 0.7-1t1-0.9 1.6-0.8 2-0.3q3 0 4.9 2t1.9 6z\"\/><\/svg><\/span><\/a><\/li><\/ul><\/div><\/div>","protected":false},"excerpt":{"rendered":"<p>[vc_row][vc_column][\/vc_column][\/vc_row][vc_row][vc_column width=&#8221;3\/4&#8243;][vc_column_text][\/vc_column_text][vc_column_text]PROFACTOR ein Platz f\u00fcr Querdenker Innovationen f\u00fcr die Industrie werden von den besten K\u00f6pfen gemacht. PROFACTOR setzt auf Querdenker, die ihr Engagement an der Schnittstelle von Industrie und Wissenschaft einbringen. Wir gestalten die Fabrik der Zukunft mit. Bereits w\u00e4hrend der Ausbildung bieten wir M\u00f6glichkeiten zur Mitarbeit. Flexible Arbeitszeitmodelle und Fortbildungsm\u00f6glichkeiten machen uns als Arbeitgeber &hellip;<\/p>\n","protected":false},"author":13,"featured_media":5866,"parent":441,"menu_order":10,"comment_status":"closed","ping_status":"closed","template":"","meta":{"footnotes":""},"categories":[50],"tags":[],"class_list":["post-6723","page","type-page","status-publish","has-post-thumbnail","hentry","category-people"],"_links":{"self":[{"href":"https:\/\/www.profactor.at\/en\/wp-json\/wp\/v2\/pages\/6723","targetHints":{"allow":["GET"]}}],"collection":[{"href":"https:\/\/www.profactor.at\/en\/wp-json\/wp\/v2\/pages"}],"about":[{"href":"https:\/\/www.profactor.at\/en\/wp-json\/wp\/v2\/types\/page"}],"author":[{"embeddable":true,"href":"https:\/\/www.profactor.at\/en\/wp-json\/wp\/v2\/users\/13"}],"replies":[{"embeddable":true,"href":"https:\/\/www.profactor.at\/en\/wp-json\/wp\/v2\/comments?post=6723"}],"version-history":[{"count":7,"href":"https:\/\/www.profactor.at\/en\/wp-json\/wp\/v2\/pages\/6723\/revisions"}],"predecessor-version":[{"id":14793,"href":"https:\/\/www.profactor.at\/en\/wp-json\/wp\/v2\/pages\/6723\/revisions\/14793"}],"up":[{"embeddable":true,"href":"https:\/\/www.profactor.at\/en\/wp-json\/wp\/v2\/pages\/441"}],"wp:featuredmedia":[{"embeddable":true,"href":"https:\/\/www.profactor.at\/en\/wp-json\/wp\/v2\/media\/5866"}],"wp:attachment":[{"href":"https:\/\/www.profactor.at\/en\/wp-json\/wp\/v2\/media?parent=6723"}],"wp:term":[{"taxonomy":"category","embeddable":true,"href":"https:\/\/www.profactor.at\/en\/wp-json\/wp\/v2\/categories?post=6723"},{"taxonomy":"post_tag","embeddable":true,"href":"https:\/\/www.profactor.at\/en\/wp-json\/wp\/v2\/tags?post=6723"}],"curies":[{"name":"wp","href":"https:\/\/api.w.org\/{rel}","templated":true}]}}