{"id":6179,"date":"2016-12-13T11:18:03","date_gmt":"2016-12-13T11:18:03","guid":{"rendered":"https:\/\/www.profactor.at\/en\/?page_id=6179"},"modified":"2023-08-30T12:56:41","modified_gmt":"2023-08-30T11:56:41","slug":"flexrop","status":"publish","type":"page","link":"https:\/\/www.profactor.at\/en\/research\/industrial-automation-systems\/robotics\/projects-archive\/flexrop\/","title":{"rendered":"FlexRoP"},"content":{"rendered":"<div class=\"wpb-content-wrapper\"><p>[vc_row][vc_column][vc_column_text][\/vc_column_text][\/vc_column][\/vc_row][vc_row][vc_column width=&#8221;3\/4&#8243;][vc_column_text]<div class=\"overview-image-wrapper\"><div class=\"img\" style=\"background-image:url(https:\/\/www.profactor.at\/wp-content\/uploads\/2016\/08\/xRob_schrauben_02.jpg);\"\/><\/div><div class=\"overview-caption\"><\/div><\/div>[\/vc_column_text][vc_column_text]M\u00e4rkte, in denen die Nachfrage nicht immer genau vorhergesagt werden kann, bzw. Unternehmen, die mit kleinen Fertigungslosen arbeiten, profitieren nicht von der erh\u00f6hten Produktivit\u00e4t durch Roboter. Der Trend hin <strong>zu individualisierten Serienfertigung<\/strong> versch\u00e4rft die Problematik zus\u00e4tzlich. Industrieroboter-Anlagen haben gro\u00dfen Platzbedarf und erfordern Sicherheitsinfrastruktur wie automatisierte Z\u00e4une und T\u00fcren. Das erh\u00f6ht die Systemkosten sowie die Kosten f\u00fcr die Automatisierung und Programmierung der Anlagen. Produktion in <strong>kleinen Losgr\u00f6\u00dfen bis hin zu Losgr\u00f6\u00dfe 1<\/strong> Produkten erfordert Robotersysteme die mobil sind, <strong>ohne Schutzzaun arbeiten<\/strong> k\u00f6nnen \u2013 im Idealfall in <strong>Mensch-Roboter-Kooperation<\/strong>, und aufgrund <strong>sensorischen F\u00e4higkeiten<\/strong> in der Lage sind ihre Programmierung an die a priori undefinierte Umgebungssituation (hinsichtlich Werkst\u00fcckpr\u00e4sentation, \u2026) anzupassen. Das erh\u00f6ht die Systemkomplexit\u00e4t enorm, da zu Anlagenbauern und Roboterprogrammierern im Extremfall Bildverarbeitungsspezialisten und Spezialisten zur Programmierung Sensordatenabh\u00e4ngiger Robotersoftware hinzukommen.<\/p>\n<p>Im Projekt FlexRoP werden Systeme entwickelt, die <strong>flexibler und einfacher zu programmieren und die lernf\u00e4hig<\/strong> sind.<\/p>\n<p>Projektziele im Detail:<\/p>\n<ul>\n<li>Integration einer Assistenzroboterplattform mit erweiterten sensorischen F\u00e4higkeiten<\/li>\n<li>Definition einer universellen Darstellung f\u00fcr die F\u00e4higkeit (Skill), eine Montageaufgabe zu bew\u00e4ltigen.<\/li>\n<li>Implementierung automatischer und halbautomatischer F\u00e4higkeiten zur Parametrierung der Skills \u00fcber visuelle und kin\u00e4sthetische Beobachtung von Menschen.<\/li>\n<li>Techniken zur Verallgemeinerung, um die in der Anlernphase erworbenen F\u00e4higkeiten in unterschiedlichen Situationen anwenden zu k\u00f6nnen.<\/li>\n<li>Implementierung von Algorithmen zur Aktionssynthese, um Bearbeitungsprogramme aus Sensordaten ableiten zu k\u00f6nnen.<\/li>\n<\/ul>\n<p><strong>Projektname:<\/strong><br \/>\nFlexible, assistive robot for the customized production.<\/p>\n<p><strong>F\u00f6rderung:<\/strong><br \/>\nFFG \u2013 \u00a0<em>ICT of the Future<\/em><\/p>\n<p><strong>Laufzeit:\u00a0\u00a0<\/strong><br \/>\n1.09.2016 \u2013 31.08.2018[\/vc_column_text][\/vc_column][vc_column width=&#8221;1\/4&#8243; el_class=&#8221;page-sidebar page-reference-sidebar&#8221;][vc_column_text el_class=&#8221;reference-person&#8221;]<\/p>\n<div class=\"img-wrapper\">\n<div class=\"img-wrapper\"><img loading=\"lazy\" decoding=\"async\" class=\"alignnone wp-image-6184 size-medium\" src=\"https:\/\/www.profactor.at\/wp-content\/uploads\/2016\/12\/ikeda-web-300x263.jpg\" width=\"300\" height=\"263\" srcset=\"https:\/\/www.profactor.at\/wp-content\/uploads\/2016\/12\/ikeda-web-300x263.jpg 300w, https:\/\/www.profactor.at\/wp-content\/uploads\/2016\/12\/ikeda-web.jpg 463w\" sizes=\"auto, (max-width: 300px) 100vw, 300px\" \/><\/div>\n<div class=\"reference\">\n<h4>Your Contact<\/h4>\n<p><strong>Markus Ikeda<\/strong><br \/>\nScientist<br \/>\nRobotics and Assistive Systems<\/p>\n<p>+43 72 52 885 308<br \/>\n&#x6d;&#x61;&#x72;&#x6b;&#x75;&#x73;&#x2e;&#x69;&#x6b;&#x65;&#x64;&#x61;&#x40;<span class=\"oe_displaynone\">null<\/span>&#x70;&#x72;&#x6f;&#x66;&#x61;&#x63;&#x74;&#x6f;&#x72;&#x2e;&#x61;&#x74;<\/p>\n<\/div>\n<\/div>\n<p>[\/vc_column_text][vc_column_text el_class=&#8221;cta-area&#8221;]<\/p>\n<h3>We answer &#8230;<\/h3>\n<p><a class=\"btn cta\" href=\"mailto:&#x6d;&#x61;&#x72;&#x6b;&#x75;&#x73;&#x2e;&#x69;&#x6b;&#x65;&#x64;&#x61;&#x40;&#x70;&#x72;&#x6f;&#x66;&#x61;&#x63;&#x74;&#x6f;&#x72;&#x2e;&#x61;&#x74;\">&#8230; your questions<\/a>[\/vc_column_text][vc_column_text el_class=&#8221;downloads-area&#8221;]<strong>Partner:<br \/>\n<\/strong><span style=\"color: #000000;\"><a style=\"color: #000000;\" href=\"https:\/\/iis.uibk.ac.at\/\">University of Innsbruck, Intelligent and Interactive Systems<\/a><\/span><\/p>\n<p><span style=\"color: #000000;\"><a style=\"color: #000000;\" href=\"http:\/\/www.magna.com\/de\/kompetenzen\/fahrzeugentwicklung-und-auftragsfertigung\">Magna Steyr<\/a><\/span>[\/vc_column_text][\/vc_column][\/vc_row]<\/p>\n<div class=\"shariff shariff-align-flex-start shariff-widget-align-flex-start\"><ul class=\"shariff-buttons theme-round orientation-horizontal buttonsize-medium\"><li class=\"shariff-button linkedin shariff-nocustomcolor\" style=\"background-color:#1488bf\"><a href=\"https:\/\/www.linkedin.com\/sharing\/share-offsite\/?url=https%3A%2F%2Fwww.profactor.at%2Fen%2Fresearch%2Findustrial-automation-systems%2Frobotics%2Fprojects-archive%2Fflexrop%2F\" title=\"Bei LinkedIn teilen\" aria-label=\"Bei LinkedIn teilen\" role=\"button\" rel=\"noopener nofollow\" class=\"shariff-link\" style=\"; background-color:#0077b5; color:#fff\" target=\"_blank\"><span class=\"shariff-icon\" style=\"\"><svg width=\"32px\" height=\"20px\" xmlns=\"http:\/\/www.w3.org\/2000\/svg\" viewBox=\"0 0 27 32\"><path fill=\"#0077b5\" d=\"M6.2 11.2v17.7h-5.9v-17.7h5.9zM6.6 5.7q0 1.3-0.9 2.2t-2.4 0.9h0q-1.5 0-2.4-0.9t-0.9-2.2 0.9-2.2 2.4-0.9 2.4 0.9 0.9 2.2zM27.4 18.7v10.1h-5.9v-9.5q0-1.9-0.7-2.9t-2.3-1.1q-1.1 0-1.9 0.6t-1.2 1.5q-0.2 0.5-0.2 1.4v9.9h-5.9q0-7.1 0-11.6t0-5.3l0-0.9h5.9v2.6h0q0.4-0.6 0.7-1t1-0.9 1.6-0.8 2-0.3q3 0 4.9 2t1.9 6z\"\/><\/svg><\/span><\/a><\/li><\/ul><\/div><\/div>","protected":false},"excerpt":{"rendered":"<p>[vc_row][vc_column][vc_column_text][\/vc_column_text][\/vc_column][\/vc_row][vc_row][vc_column width=&#8221;3\/4&#8243;][vc_column_text][\/vc_column_text][vc_column_text]M\u00e4rkte, in denen die Nachfrage nicht immer genau vorhergesagt werden kann, bzw. Unternehmen, die mit kleinen Fertigungslosen arbeiten, profitieren nicht von der erh\u00f6hten Produktivit\u00e4t durch Roboter. Der Trend hin zu individualisierten Serienfertigung versch\u00e4rft die Problematik zus\u00e4tzlich. Industrieroboter-Anlagen haben gro\u00dfen Platzbedarf und erfordern Sicherheitsinfrastruktur wie automatisierte Z\u00e4une und T\u00fcren. Das erh\u00f6ht die Systemkosten sowie die &hellip;<\/p>\n","protected":false},"author":13,"featured_media":5125,"parent":16838,"menu_order":1000,"comment_status":"closed","ping_status":"closed","template":"","meta":{"footnotes":""},"categories":[16],"tags":[],"class_list":["post-6179","page","type-page","status-publish","has-post-thumbnail","hentry","category-assistive-robotics"],"_links":{"self":[{"href":"https:\/\/www.profactor.at\/en\/wp-json\/wp\/v2\/pages\/6179","targetHints":{"allow":["GET"]}}],"collection":[{"href":"https:\/\/www.profactor.at\/en\/wp-json\/wp\/v2\/pages"}],"about":[{"href":"https:\/\/www.profactor.at\/en\/wp-json\/wp\/v2\/types\/page"}],"author":[{"embeddable":true,"href":"https:\/\/www.profactor.at\/en\/wp-json\/wp\/v2\/users\/13"}],"replies":[{"embeddable":true,"href":"https:\/\/www.profactor.at\/en\/wp-json\/wp\/v2\/comments?post=6179"}],"version-history":[{"count":9,"href":"https:\/\/www.profactor.at\/en\/wp-json\/wp\/v2\/pages\/6179\/revisions"}],"predecessor-version":[{"id":11830,"href":"https:\/\/www.profactor.at\/en\/wp-json\/wp\/v2\/pages\/6179\/revisions\/11830"}],"up":[{"embeddable":true,"href":"https:\/\/www.profactor.at\/en\/wp-json\/wp\/v2\/pages\/16838"}],"wp:featuredmedia":[{"embeddable":true,"href":"https:\/\/www.profactor.at\/en\/wp-json\/wp\/v2\/media\/5125"}],"wp:attachment":[{"href":"https:\/\/www.profactor.at\/en\/wp-json\/wp\/v2\/media?parent=6179"}],"wp:term":[{"taxonomy":"category","embeddable":true,"href":"https:\/\/www.profactor.at\/en\/wp-json\/wp\/v2\/categories?post=6179"},{"taxonomy":"post_tag","embeddable":true,"href":"https:\/\/www.profactor.at\/en\/wp-json\/wp\/v2\/tags?post=6179"}],"curies":[{"name":"wp","href":"https:\/\/api.w.org\/{rel}","templated":true}]}}