{"id":53220,"date":"2025-12-03T14:58:20","date_gmt":"2025-12-03T13:58:20","guid":{"rendered":"https:\/\/www.profactor.at\/?page_id=53220"},"modified":"2026-01-15T13:03:46","modified_gmt":"2026-01-15T12:03:46","slug":"head-of-multimaterial-inkjet-printing","status":"publish","type":"page","link":"https:\/\/www.profactor.at\/en\/head-of-multimaterial-inkjet-printing\/","title":{"rendered":"Head of Multimaterial-Inkjet Printing (m\/w\/d)"},"content":{"rendered":"<div class=\"wpb-content-wrapper\"><p>[vc_row][vc_column width=&#8221;3\/4&#8243;][vc_column_text css=&#8221;&#8221;]<\/p>\n<h1><strong>Head of Multimaterial-Inkjet Printing (m\/w\/d)<\/strong><\/h1>\n<p>&nbsp;<\/p>\n<p>Auf dem Weg zur Produktion der Zukunft spielt die Additive Fertigung eine entscheidende Rolle. PROFACTOR entwickelt dabei Inkjet-basierte Druckprozesse zur Dekoration, Funktionalisierung und Herstellung von Produkten. Diese Prozesse finden vielf\u00e4ltige Anwendungen in der Industrie, u.a. zur Mikro-\/Nanostrukturierung von optischen, photonischen und biosensorischen Systemen, gedruckte Elektronik f\u00fcr smarte Verpackungen oder Textilien, Digitaldruck auf 3D Oberfl\u00e4chen und 3D gedruckte Implantate f\u00fcr die Medizin. Die Entwicklung nachhaltiger, ressourcenschonender Produktionsverfahren ist fixer Bestandteil unserer Strategie. Die bei PROFACTOR entwickelten L\u00f6sungen reichen von der Prozessentwicklung \u00fcber prototypisches Equipment hin zu serienreifen Anlagen.<\/p>\n<p>Zur weiteren Entwicklung in diesem spannenden Umfeld suchen wir nun\u00a0eine kommunikative, soziale und starke\u00a0Pers\u00f6nlichkeit f\u00fcr\u00a0die Leitung\u00a0Multimaterial-Inkjet Printing. Die Position bietet gro\u00dfen Gestaltungsspielraum von der Strategie- und Personalentwicklung bis hin zu der Umsetzung von Forschungs- und Kundenprojekten. Werden Sie Teil dieses gro\u00dfartigen Teams, das zu den weltweit f\u00fchrenden in seiner Nische z\u00e4hlt.<\/p>\n<p>&nbsp;<\/p>\n<h3>Ihre Aufgaben<\/h3>\n<p>&nbsp;<\/p>\n<ul>\n<li>Personelle und fachliche Leitung und Entwicklung eines Teams von ca. 9 Mitarbeiter:innen<\/li>\n<li>F\u00fchrung mit Weitblick und dem Anspruch zur industriellen Umsetzung<\/li>\n<li>Als Ruhepol fungieren und dem Team den Rahmen und die Richtung weisen und R\u00fcckendeckung geben<\/li>\n<li>Definition der techn.-wiss. Strategie gemeinsam mit den Kolleg:innen und den internen Stakeholdern<\/li>\n<li>Akquisition von F\u00f6rderprojekten<\/li>\n<li>Weiterentwicklung des Technologie-, Equipment- und Projektportfolios<\/li>\n<li>Identifikation von Marktpotentialen und Weiterentwicklung des L\u00f6sungsportfolios<\/li>\n<li>Koordination und Pflege des Partnernetzwerks, Betreuung und Aufbau von Schl\u00fcsselkundenbeziehungen<\/li>\n<li>Akquisition von Auftragsforschungsprojekten von der Industrie, Erstellung von Kalkulationen und Angeboten<\/li>\n<li>Monitoring und Steuerung der laufenden Projekte<\/li>\n<li>Budgetierung und Budgetverantwortung, Kostenplanung und Ressourcenplanung<\/li>\n<\/ul>\n<p>&nbsp;<\/p>\n<h3>Ihre Qualifikationen<\/h3>\n<p>&nbsp;<\/p>\n<ul>\n<li>Abgeschlossenes technisches oder naturwissenschaftliches Studium mit einschl\u00e4giger Berufserfahrung<\/li>\n<li>F\u00fchrungserfahrung im R&amp;D Umfeld in der Industrie und\/oder in angewandter Forschung<\/li>\n<li>Kundenorientierung<\/li>\n<li>Kenntnisse in den Bereichen Chemie, Physik, Additive Fertigung, Optik, Medizintechnik, Elektronik<\/li>\n<li>Erfahrung in der Akquisition von F\u00f6rderprojekten<\/li>\n<li>Ausgepr\u00e4gte Hands-on Mentalit\u00e4t sowie Gestaltungswille und Umsetzungsst\u00e4rke<\/li>\n<li>Ausgezeichnete Deutsch- und verhandlungssichere Englischkenntnisse<\/li>\n<\/ul>\n<p>&nbsp;<\/p>\n<h3>Benefits (Flexible Arbeitszeit, Homeoffice und zahlreiche Benefits sind f\u00fcr uns selbstverst\u00e4ndlich)<\/h3>\n<p>&nbsp;<\/p>\n<h3><img decoding=\"async\" src=\"https:\/\/www.profactor.at\/wp-content\/uploads\/2017\/06\/Benefits_PROFACTOR_Mitarbeit.jpg\" \/><\/h3>\n<p>&nbsp;<\/p>\n<h3>Dienstort<\/h3>\n<p>Steyr<\/p>\n<p>&nbsp;<\/p>\n<h3>Unsere Mission<\/h3>\n<p>Wir forschen f\u00fcr die Wettbewerbsf\u00e4higkeit der europ\u00e4ischen Industrie. Wir sind Pioniere f\u00fcr die denkende Produktion. Wir bringen Produktion nach Hause.<\/p>\n<p>F\u00fcr die Position wird ein j\u00e4hrliches Mindestgehalt All-In von 72.000,- \u20ac brutto auf Basis einer Vollzeitbesch\u00e4ftigung geboten. Bei entsprechender Qualifikation und Berufserfahrung besteht Bereitschaft zur \u00dcberzahlung.<\/p>\n<p>Haben wir Ihr Interesse an dieser Position geweckt? Dann freuen wir uns auf Ihre Bewerbung <a href=\"https:\/\/jobs.profactor.at\/jobs\/bmdweb2.dll\">online<\/a> unter www.profactor.at\u00a0oder per E-Mail: <a href=\"mailto:&#x70;&#x65;&#x72;&#x73;&#x6f;&#x6e;&#x61;&#x6c;&#x40;&#x70;&#x72;&#x6f;&#x66;&#x61;&#x63;&#x74;&#x6f;&#x72;&#x2e;&#x61;&#x74;\">&#x70;&#x65;&#x72;&#x73;&#x6f;&#x6e;&#x61;&#x6c;&#x40;<span class=\"oe_displaynone\">null<\/span>&#x70;&#x72;&#x6f;&#x66;&#x61;&#x63;&#x74;&#x6f;&#x72;&#x2e;&#x61;&#x74;<\/a>.<\/p>\n<p>F\u00fcr Fragen stehen wir jederzeit gerne zur Verf\u00fcgung! Melden Sie sich einfach bei:<\/p>\n<p>Mag. Alexandra Siegl (Human Resources) Tel: +43 7252 885 225[\/vc_column_text][\/vc_column][vc_column width=&#8221;1\/4&#8243; el_class=&#8221;page-sidebar page-reference-sidebar&#8221;][vc_column_text css=&#8221;&#8221; el_class=&#8221;reference-person&#8221;]<\/p>\n<div class=\"reference\">\n<h4><a href=\"https:\/\/www.profactor.at\/mitarbeit\/offene-stellen\/attachment\/siegl_causal_closeup\/\"><img loading=\"lazy\" decoding=\"async\" class=\"aligncenter wp-image-26575 size-medium\" src=\"https:\/\/www.profactor.at\/wp-content\/uploads\/2025\/09\/Siegl_causal_closeup-300x225.jpg\" alt=\"\" width=\"300\" height=\"225\" srcset=\"https:\/\/www.profactor.at\/wp-content\/uploads\/2025\/09\/Siegl_causal_closeup-300x225.jpg 300w, https:\/\/www.profactor.at\/wp-content\/uploads\/2025\/09\/Siegl_causal_closeup-1024x768.jpg 1024w, https:\/\/www.profactor.at\/wp-content\/uploads\/2025\/09\/Siegl_causal_closeup-768x576.jpg 768w, https:\/\/www.profactor.at\/wp-content\/uploads\/2025\/09\/Siegl_causal_closeup-1536x1152.jpg 1536w, https:\/\/www.profactor.at\/wp-content\/uploads\/2025\/09\/Siegl_causal_closeup-2048x1536.jpg 2048w\" sizes=\"auto, (max-width: 300px) 100vw, 300px\" \/><\/a><\/h4>\n<h4>Ihre Ansprechpartnerin<\/h4>\n<p><strong>Mag. Alexandra Siegl<\/strong><br \/>\nHuman Resources Management<\/p>\n<p>+43 72 52 885 &#8211; 225<br \/>\n<a href=\"mailto:&#x70;&#x65;&#x72;&#x73;&#x6f;&#x6e;&#x61;&#x6c;&#x40;&#x70;&#x72;&#x6f;&#x66;&#x61;&#x63;&#x74;&#x6f;&#x72;&#x2e;&#x61;&#x74;\">&#x70;&#x65;&#x72;&#x73;&#x6f;&#x6e;&#x61;&#x6c;&#x40;<span class=\"oe_displaynone\">null<\/span>&#x70;&#x72;&#x6f;&#x66;&#x61;&#x63;&#x74;&#x6f;&#x72;&#x2e;&#x61;&#x74;<\/a><\/p>\n<\/div>\n<p>[\/vc_column_text][vc_column_text css=&#8221;&#8221; el_class=&#8221;cta-area&#8221;]<a class=\"btn cta\" href=\"https:\/\/jobs.profactor.at\/jobs\/bmdweb2.dll\/STARTFUNC\/?func=MCS_FRMONLBEWWEB_CREATE&amp;job=729413755320513\" target=\"_blank\" rel=\"noopener\">Jetzt online bewerben<\/a>[\/vc_column_text][\/vc_column][\/vc_row]<\/p>\n<div class=\"shariff shariff-align-flex-start shariff-widget-align-flex-start\"><ul class=\"shariff-buttons theme-round orientation-horizontal buttonsize-medium\"><li class=\"shariff-button linkedin shariff-nocustomcolor\" style=\"background-color:#1488bf\"><a href=\"https:\/\/www.linkedin.com\/sharing\/share-offsite\/?url=https%3A%2F%2Fwww.profactor.at%2Fen%2Fhead-of-multimaterial-inkjet-printing%2F\" title=\"Bei LinkedIn teilen\" aria-label=\"Bei LinkedIn teilen\" role=\"button\" rel=\"noopener nofollow\" class=\"shariff-link\" style=\"; background-color:#0077b5; color:#fff\" target=\"_blank\"><span class=\"shariff-icon\" style=\"\"><svg width=\"32px\" height=\"20px\" xmlns=\"http:\/\/www.w3.org\/2000\/svg\" viewBox=\"0 0 27 32\"><path fill=\"#0077b5\" d=\"M6.2 11.2v17.7h-5.9v-17.7h5.9zM6.6 5.7q0 1.3-0.9 2.2t-2.4 0.9h0q-1.5 0-2.4-0.9t-0.9-2.2 0.9-2.2 2.4-0.9 2.4 0.9 0.9 2.2zM27.4 18.7v10.1h-5.9v-9.5q0-1.9-0.7-2.9t-2.3-1.1q-1.1 0-1.9 0.6t-1.2 1.5q-0.2 0.5-0.2 1.4v9.9h-5.9q0-7.1 0-11.6t0-5.3l0-0.9h5.9v2.6h0q0.4-0.6 0.7-1t1-0.9 1.6-0.8 2-0.3q3 0 4.9 2t1.9 6z\"\/><\/svg><\/span><\/a><\/li><\/ul><\/div><\/div>","protected":false},"excerpt":{"rendered":"<p>[vc_row][vc_column width=&#8221;3\/4&#8243;][vc_column_text css=&#8221;&#8221;] Head of Multimaterial-Inkjet Printing (m\/w\/d) &nbsp; Auf dem Weg zur Produktion der Zukunft spielt die Additive Fertigung eine entscheidende Rolle. PROFACTOR entwickelt dabei Inkjet-basierte Druckprozesse zur Dekoration, Funktionalisierung und Herstellung von Produkten. Diese Prozesse finden vielf\u00e4ltige Anwendungen in der Industrie, u.a. zur Mikro-\/Nanostrukturierung von optischen, photonischen und biosensorischen Systemen, gedruckte Elektronik f\u00fcr &hellip;<\/p>\n","protected":false},"author":24,"featured_media":0,"parent":0,"menu_order":1,"comment_status":"closed","ping_status":"closed","template":"","meta":{"footnotes":""},"categories":[],"tags":[],"class_list":["post-53220","page","type-page","status-publish","hentry"],"_links":{"self":[{"href":"https:\/\/www.profactor.at\/en\/wp-json\/wp\/v2\/pages\/53220","targetHints":{"allow":["GET"]}}],"collection":[{"href":"https:\/\/www.profactor.at\/en\/wp-json\/wp\/v2\/pages"}],"about":[{"href":"https:\/\/www.profactor.at\/en\/wp-json\/wp\/v2\/types\/page"}],"author":[{"embeddable":true,"href":"https:\/\/www.profactor.at\/en\/wp-json\/wp\/v2\/users\/24"}],"replies":[{"embeddable":true,"href":"https:\/\/www.profactor.at\/en\/wp-json\/wp\/v2\/comments?post=53220"}],"version-history":[{"count":8,"href":"https:\/\/www.profactor.at\/en\/wp-json\/wp\/v2\/pages\/53220\/revisions"}],"predecessor-version":[{"id":57075,"href":"https:\/\/www.profactor.at\/en\/wp-json\/wp\/v2\/pages\/53220\/revisions\/57075"}],"wp:attachment":[{"href":"https:\/\/www.profactor.at\/en\/wp-json\/wp\/v2\/media?parent=53220"}],"wp:term":[{"taxonomy":"category","embeddable":true,"href":"https:\/\/www.profactor.at\/en\/wp-json\/wp\/v2\/categories?post=53220"},{"taxonomy":"post_tag","embeddable":true,"href":"https:\/\/www.profactor.at\/en\/wp-json\/wp\/v2\/tags?post=53220"}],"curies":[{"name":"wp","href":"https:\/\/api.w.org\/{rel}","templated":true}]}}