{"id":5263,"date":"2016-11-02T13:55:29","date_gmt":"2016-11-02T13:55:29","guid":{"rendered":"http:\/\/www.profactor.at\/en\/?page_id=5263"},"modified":"2025-02-04T13:09:10","modified_gmt":"2025-02-04T12:09:10","slug":"impressum","status":"publish","type":"page","link":"https:\/\/www.profactor.at\/en\/impressum\/","title":{"rendered":"Imprint"},"content":{"rendered":"<div class=\"wpb-content-wrapper\"><p>[vc_row][vc_column width=&#8221;3\/4&#8243;][vc_column_text css=&#8221;&#8221;]<\/p>\n<h3><strong>Editor, owner and operator<\/strong><\/h3>\n<p><b>PROFACTOR GmbH<\/b><br \/>\n4407 Steyr-Gleink, Austria<br \/>\nIm Stadtgut D1<\/p>\n<p>Telephone: +43 (0)7252 885-0<br \/>\nFax: +43 (0)7252 885-101<br \/>\nWeb:\u00a0 <a href=\"http:\/\/www.profactor.at\/\">www.profactor.at<\/a><\/p>\n<p>Company Registry Number: FN 129658z<br \/>\nCompany Registry: Landesgericht Steyr<br \/>\nValue Added Tax Identification Number: ATU 38 42 05 07<\/p>\n<p>Management<br \/>\nDr. Christoph Breitschopf<\/p>\n<p><a href=\"https:\/\/firmen.wko.at\/Web\/DetailsKontakt.aspx?FirmaID=6cbae608-c19d-4e42-9566-df355bf23e5b&amp;StandortID=0&amp;Suchbegriff=PROFACTOR&amp;Page=1\" target=\"_blank\" rel=\"noopener noreferrer\"><img loading=\"lazy\" decoding=\"async\" class=\"alignnone wp-image-11674 size-full\" src=\"https:\/\/www.profactor.at\/wp-content\/uploads\/2019\/03\/ecg.gif\" alt=\"\" width=\"169\" height=\"23\" \/><\/a><\/p>\n<p><b>Ownership<\/b><\/p>\n<p>AIT Austrian Institute of Technology GmbH (51 %),\u00a0Giefinggasse 4,\u00a01210 Vienna<br \/>\nShareholder\u00a0of AIT: Republik \u00d6sterreich (Bundesministerium f\u00fcr Verkehr, Innovation und Technologie), Verein zur F\u00f6rderung von Forschung und Innovation (Industriellenvereinigung \u00d6sterreich)<\/p>\n<p>Upper Austrian Research GmbH (49 %), Hafenstra\u00dfe 47-51, 4020 Linz<br \/>\nUnternehmensgegenstand: Beteiligungsmanagement von Unternehmen, deren Gesch\u00e4ftsfelder die Bereiche Forschung und Entwicklung betreffen, sowie Weiterentwicklung des Forschungs-, Technologie-, und Wirtschaftsstandortes Ober\u00f6sterreich<\/p>\n<p>The sole shareholder of Upper Austrian Research GmbH is:<br \/>\nBusiness Upper Austria &#8211; Upper Austrian Business Agency GmbH<br \/>\nHafenstrasse 47-51<br \/>\nA-4020 Linz<br \/>\nObject of the company: Investment management<\/p>\n<p>The sole shareholders each have sole voting rights. The ownership structure corresponds to the shareholding structure.<\/p>\n<p><strong>Legal Notice<\/strong><\/p>\n<p>With regard to the technical characteristics of the Internet, no guarantee can be given for the authenticity, correctness and completeness of the information made available on the Internet. Nor is any guarantee given for the availability or operation of this website and its contents.<\/p>\n<p>Any liability for direct, indirect or other damages, irrespective of their causes, which arise from the use or non-availability of the data and information of this homepage, is excluded, as far as legally permissible.<\/p>\n<p>Our website contains links to external websites of third parties over whose contents we have no influence. Therefore, we cannot assume any liability for these external contents. The respective provider or operator of the pages is always responsible for the contents of the linked pages. The linked pages were checked for possible legal infringements at the time of linking. Illegal contents were not recognizable at the time of linking.<\/p>\n<p>&nbsp;<\/p>\n<p><b>Compliance<\/b><\/p>\n<p>PROFACTOR customers can expect special integrity from our employees in all matters when working with us.<\/p>\n<p>Serious rule violations can be documented via an internal reporting channel that protects the identity of the whistleblower: <a href=\"https:\/\/www.bkms-system.com\/compliance-uar\/\">Whistleblower system<\/a>. We check every report and follow it up.[\/vc_column_text][vc_column_text]<div class=\"overview-image-wrapper\"><div class=\"img\" style=\"background-image:url();\"\/><\/div><div class=\"overview-caption\"><\/div><\/div>[\/vc_column_text][\/vc_column][vc_column width=&#8221;1\/4&#8243; el_class=&#8221;page-static-sidebar&#8221;][vc_column_text el_class=&#8221;reference-person&#8221;]<\/p>\n<div class=\"img-wrapper\">\n<div class=\"img-wrapper\">\n<p><img loading=\"lazy\" decoding=\"async\" class=\"alignnone wp-image-8431 size-full\" src=\"https:\/\/www.profactor.at\/wp-content\/uploads\/2016\/07\/cbreit_web2.jpg\" alt=\"\" width=\"300\" height=\"261\" \/><\/p>\n<\/div>\n<div class=\"reference\">\n<h4>Your contact<\/h4>\n<p><strong>Dr. Christoph Breitschopf<\/strong><br \/>\nCEO<\/p>\n<p>+43 72 52 885 0<br \/>\n&#x63;&#x68;&#x72;&#x69;&#x73;&#x74;&#x6f;&#x70;&#x68;&#x2e;&#x62;&#x72;&#x65;&#x69;&#x74;&#x73;&#x63;&#x68;&#x6f;&#x70;&#x66;&#x40;<span class=\"oe_displaynone\">null<\/span>&#x70;&#x72;&#x6f;&#x66;&#x61;&#x63;&#x74;&#x6f;&#x72;&#x2e;&#x61;&#x74;<\/p>\n<\/div>\n<\/div>\n<p>[\/vc_column_text][\/vc_column][\/vc_row][vc_row][vc_column][vc_column_text el_class=&#8221;overview-description&#8221;][\/vc_column_text][\/vc_column][\/vc_row][vc_row][vc_column][vc_column_text el_class=&#8221;overview-subpages&#8221;]<div class=\"row\"><\/div>[\/vc_column_text][\/vc_column][\/vc_row]<\/p>\n<div class=\"shariff shariff-align-flex-start shariff-widget-align-flex-start\"><ul class=\"shariff-buttons theme-round orientation-horizontal buttonsize-medium\"><li class=\"shariff-button linkedin shariff-nocustomcolor\" style=\"background-color:#1488bf\"><a href=\"https:\/\/www.linkedin.com\/sharing\/share-offsite\/?url=https%3A%2F%2Fwww.profactor.at%2Fen%2Fimpressum%2F\" title=\"Bei LinkedIn teilen\" aria-label=\"Bei LinkedIn teilen\" role=\"button\" rel=\"noopener nofollow\" class=\"shariff-link\" style=\"; background-color:#0077b5; color:#fff\" target=\"_blank\"><span class=\"shariff-icon\" style=\"\"><svg width=\"32px\" height=\"20px\" xmlns=\"http:\/\/www.w3.org\/2000\/svg\" viewBox=\"0 0 27 32\"><path fill=\"#0077b5\" d=\"M6.2 11.2v17.7h-5.9v-17.7h5.9zM6.6 5.7q0 1.3-0.9 2.2t-2.4 0.9h0q-1.5 0-2.4-0.9t-0.9-2.2 0.9-2.2 2.4-0.9 2.4 0.9 0.9 2.2zM27.4 18.7v10.1h-5.9v-9.5q0-1.9-0.7-2.9t-2.3-1.1q-1.1 0-1.9 0.6t-1.2 1.5q-0.2 0.5-0.2 1.4v9.9h-5.9q0-7.1 0-11.6t0-5.3l0-0.9h5.9v2.6h0q0.4-0.6 0.7-1t1-0.9 1.6-0.8 2-0.3q3 0 4.9 2t1.9 6z\"\/><\/svg><\/span><\/a><\/li><\/ul><\/div><\/div>","protected":false},"excerpt":{"rendered":"<p>[vc_row][vc_column width=&#8221;3\/4&#8243;][vc_column_text css=&#8221;&#8221;] Editor, owner and operator PROFACTOR GmbH 4407 Steyr-Gleink, Austria Im Stadtgut D1 Telephone: +43 (0)7252 885-0 Fax: +43 (0)7252 885-101 Web:\u00a0 www.profactor.at Company Registry Number: FN 129658z Company Registry: Landesgericht Steyr Value Added Tax Identification Number: ATU 38 42 05 07 Management Dr. Christoph Breitschopf Ownership AIT Austrian Institute of Technology GmbH &hellip;<\/p>\n","protected":false},"author":1,"featured_media":0,"parent":0,"menu_order":0,"comment_status":"closed","ping_status":"closed","template":"","meta":{"footnotes":""},"categories":[],"tags":[],"class_list":["post-5263","page","type-page","status-publish","hentry"],"_links":{"self":[{"href":"https:\/\/www.profactor.at\/en\/wp-json\/wp\/v2\/pages\/5263","targetHints":{"allow":["GET"]}}],"collection":[{"href":"https:\/\/www.profactor.at\/en\/wp-json\/wp\/v2\/pages"}],"about":[{"href":"https:\/\/www.profactor.at\/en\/wp-json\/wp\/v2\/types\/page"}],"author":[{"embeddable":true,"href":"https:\/\/www.profactor.at\/en\/wp-json\/wp\/v2\/users\/1"}],"replies":[{"embeddable":true,"href":"https:\/\/www.profactor.at\/en\/wp-json\/wp\/v2\/comments?post=5263"}],"version-history":[{"count":18,"href":"https:\/\/www.profactor.at\/en\/wp-json\/wp\/v2\/pages\/5263\/revisions"}],"predecessor-version":[{"id":19053,"href":"https:\/\/www.profactor.at\/en\/wp-json\/wp\/v2\/pages\/5263\/revisions\/19053"}],"wp:attachment":[{"href":"https:\/\/www.profactor.at\/en\/wp-json\/wp\/v2\/media?parent=5263"}],"wp:term":[{"taxonomy":"category","embeddable":true,"href":"https:\/\/www.profactor.at\/en\/wp-json\/wp\/v2\/categories?post=5263"},{"taxonomy":"post_tag","embeddable":true,"href":"https:\/\/www.profactor.at\/en\/wp-json\/wp\/v2\/tags?post=5263"}],"curies":[{"name":"wp","href":"https:\/\/api.w.org\/{rel}","templated":true}]}}