{"id":4937,"date":"2016-10-21T11:29:46","date_gmt":"2016-10-21T11:29:46","guid":{"rendered":"http:\/\/www.profactor.at\/en\/?page_id=4937"},"modified":"2019-01-23T12:46:13","modified_gmt":"2019-01-23T12:46:13","slug":"itextil","status":"publish","type":"page","link":"https:\/\/www.profactor.at\/en\/research\/additive-micro-and-nano-manufacturing\/multimaterial-inkjet-printing\/projects-archive\/itextil\/","title":{"rendered":"iTextil"},"content":{"rendered":"<div class=\"wpb-content-wrapper\"><p>[vc_row][vc_column width=&#8221;3\/4&#8243;][vc_column_text]<div class=\"overview-image-wrapper\"><div class=\"img\" style=\"background-image:url(https:\/\/www.profactor.at\/wp-content\/uploads\/2016\/09\/itextil_web.jpg);\"\/><\/div><div class=\"overview-caption\"><\/div><\/div>[\/vc_column_text][vc_column_text]Im Projekt <strong>iTextil<\/strong> widmet sich PROFACTOR \u2013 ausgehend vom globalen Preiswettkampf bei Textilprodukten der Entwicklung technischen, funktioneller Textilien. Im Fokus stehen Nischenanwendungen wie \u00a0Schutzausr\u00fcstungen, medizinische \u00dcberwachungssysteme, technische Textilien und der Heim- und Haus Bereich. iTextil ist ein Sondierungsprojekt, in dem die M\u00f6glichkeit des Bedruckens von Textilien mittels leitf\u00e4higer, elastischer, polymerbasierter Materialien (Matrix-Systeme) mit der Technologie des InkJet-Drucks m\u00f6glich ist.<\/p>\n<p>Die Forschung und Entwicklung soll Verbesserungen in Bezug auf Leiterbahnmateria-lien, Matrix-Systeme, Faser-Matrix-Bindung sowie Topologie \u00a0und Strukturen bringen. Dazu werden drei unterschiedliche Materialkombinationen- und Systeme evaluiert.<\/p>\n<p>Besonderes Augenmerk wird den Faserausgangsstoffen geschenkt werden. Sie haben \u00fcber die Einstellung der Oberfl\u00e4chenchemie gro\u00dfen Einfluss auf das Verhalten beim Materialauftrag. Der Fokus wird auf die TENCEL\u00ae-Fasern von Lenzing gerichtet, da diese durch einen geschlossenen Produktionskreislauf zugleich \u00f6konomisch sinnvoll und umweltfreundlich sind.<\/p>\n<p>Publikation:<\/p>\n<p>Kastner, T. Faury, H. M. Au\u00dferhuber, T: Oberm\u00fcller, H. Leichtfried, M. J. Haslinger, E. Liftinger, J. Innerlohinger, I. Gnatiuk, D. Holzinger, T. Lederer; <strong>Silver-based reactive ink for inkjet-printing of conductive lines on textiles<\/strong>, Microelectronic Engineering 176 (2017) 84-88, <u><a href=\"http:\/\/dx.doi.org\/10.1016\/j.mee.2017.02.004\">http:\/\/dx.doi.org\/10.1016\/j.mee.2017.02.004<\/a><\/u><\/p>\n<p><strong>Projektname: <\/strong><br \/>\nInkjet-Tinten f\u00fcr flexible Leiterbahnen zur Herstellung Smarter Elektronik auf Textilen<\/p>\n<p><strong>F\u00f6rderung: <\/strong><br \/>\nFFG,\u00a0High-Tech-Materialien und Oberfl\u00e4chen, Nanotechnologie<\/p>\n<p><strong>Laufzeit:<\/strong><br \/>\n1.04.2015 &#8211; 31.3.2016[\/vc_column_text][\/vc_column][vc_column width=&#8221;1\/4&#8243; el_class=&#8221;page-sidebar page-reference-sidebar&#8221;][vc_column_text el_class=&#8221;reference-person&#8221;]<\/p>\n<div class=\"img-wrapper\">\n<div class=\"img-wrapper\">\n<div class=\"img-wrapper\">\n<div class=\"img-wrapper\">\n<div class=\"img-wrapper\">\n<div class=\"img-wrapper\"><img loading=\"lazy\" decoding=\"async\" class=\"alignnone wp-image-10265 size-medium\" src=\"https:\/\/www.profactor.at\/wp-content\/uploads\/2018\/07\/jkastn_web6-300x261.jpg\" alt=\"\" width=\"300\" height=\"261\" \/><\/div>\n<div class=\"reference\">\n<h4>Your Contact<\/h4>\n<p><strong>Dr. Julia Kastner<br \/>\n<\/strong>Functional Surfaces and Nanostructures<\/p>\n<p>+43 7252 885 421<br \/>\n&#x6a;&#x75;&#x6c;&#x69;&#x61;&#x2e;&#x6b;&#x61;&#x73;&#x74;&#x6e;&#x65;&#x72;&#x40;<span class=\"oe_displaynone\">null<\/span>&#x70;&#x72;&#x6f;&#x66;&#x61;&#x63;&#x74;&#x6f;&#x72;&#x2e;&#x61;&#x74;<\/p>\n<\/div>\n<\/div>\n<\/div>\n<\/div>\n<\/div>\n<\/div>\n<p>[\/vc_column_text][vc_column_text el_class=&#8221;cta-area&#8221;]<\/p>\n<h3>We answer &#8230;<\/h3>\n<p><a class=\"btn cta\" href=\"mailto:&#x6a;&#x75;&#x6c;&#x69;&#x61;&#x2e;&#x6b;&#x61;&#x73;&#x74;&#x6e;&#x65;&#x72;&#x40;&#x70;&#x72;&#x6f;&#x66;&#x61;&#x63;&#x74;&#x6f;&#x72;&#x2e;&#x61;&#x74;\">&#8230; your Questions<\/a>[\/vc_column_text][vc_column_text el_class=&#8221;links-area&#8221;]<strong>Links<\/strong><\/p>\n<p><a href=\"https:\/\/www.youtube.com\/watch?v=I1k_I-d47cU\" target=\"_blank\" rel=\"noopener\"><span style=\"color: #000000;\">Video: iTextil<\/span><\/a>[\/vc_column_text][\/vc_column][\/vc_row]<\/p>\n<div class=\"shariff shariff-align-flex-start shariff-widget-align-flex-start\"><ul class=\"shariff-buttons theme-round orientation-horizontal buttonsize-medium\"><li class=\"shariff-button linkedin shariff-nocustomcolor\" style=\"background-color:#1488bf\"><a href=\"https:\/\/www.linkedin.com\/sharing\/share-offsite\/?url=https%3A%2F%2Fwww.profactor.at%2Fen%2Fresearch%2Fadditive-micro-and-nano-manufacturing%2Fmultimaterial-inkjet-printing%2Fprojects-archive%2Fitextil%2F\" title=\"Bei LinkedIn teilen\" aria-label=\"Bei LinkedIn teilen\" role=\"button\" rel=\"noopener nofollow\" class=\"shariff-link\" style=\"; background-color:#0077b5; color:#fff\" target=\"_blank\"><span class=\"shariff-icon\" style=\"\"><svg width=\"32px\" height=\"20px\" xmlns=\"http:\/\/www.w3.org\/2000\/svg\" viewBox=\"0 0 27 32\"><path fill=\"#0077b5\" d=\"M6.2 11.2v17.7h-5.9v-17.7h5.9zM6.6 5.7q0 1.3-0.9 2.2t-2.4 0.9h0q-1.5 0-2.4-0.9t-0.9-2.2 0.9-2.2 2.4-0.9 2.4 0.9 0.9 2.2zM27.4 18.7v10.1h-5.9v-9.5q0-1.9-0.7-2.9t-2.3-1.1q-1.1 0-1.9 0.6t-1.2 1.5q-0.2 0.5-0.2 1.4v9.9h-5.9q0-7.1 0-11.6t0-5.3l0-0.9h5.9v2.6h0q0.4-0.6 0.7-1t1-0.9 1.6-0.8 2-0.3q3 0 4.9 2t1.9 6z\"\/><\/svg><\/span><\/a><\/li><\/ul><\/div><\/div>","protected":false},"excerpt":{"rendered":"<p>[vc_row][vc_column width=&#8221;3\/4&#8243;][vc_column_text][\/vc_column_text][vc_column_text]Im Projekt iTextil widmet sich PROFACTOR \u2013 ausgehend vom globalen Preiswettkampf bei Textilprodukten der Entwicklung technischen, funktioneller Textilien. Im Fokus stehen Nischenanwendungen wie \u00a0Schutzausr\u00fcstungen, medizinische \u00dcberwachungssysteme, technische Textilien und der Heim- und Haus Bereich. iTextil ist ein Sondierungsprojekt, in dem die M\u00f6glichkeit des Bedruckens von Textilien mittels leitf\u00e4higer, elastischer, polymerbasierter Materialien (Matrix-Systeme) mit der &hellip;<\/p>\n","protected":false},"author":1,"featured_media":4473,"parent":16820,"menu_order":1000,"comment_status":"closed","ping_status":"closed","template":"","meta":{"footnotes":""},"categories":[],"tags":[],"class_list":["post-4937","page","type-page","status-publish","has-post-thumbnail","hentry"],"_links":{"self":[{"href":"https:\/\/www.profactor.at\/en\/wp-json\/wp\/v2\/pages\/4937","targetHints":{"allow":["GET"]}}],"collection":[{"href":"https:\/\/www.profactor.at\/en\/wp-json\/wp\/v2\/pages"}],"about":[{"href":"https:\/\/www.profactor.at\/en\/wp-json\/wp\/v2\/types\/page"}],"author":[{"embeddable":true,"href":"https:\/\/www.profactor.at\/en\/wp-json\/wp\/v2\/users\/1"}],"replies":[{"embeddable":true,"href":"https:\/\/www.profactor.at\/en\/wp-json\/wp\/v2\/comments?post=4937"}],"version-history":[{"count":5,"href":"https:\/\/www.profactor.at\/en\/wp-json\/wp\/v2\/pages\/4937\/revisions"}],"predecessor-version":[{"id":11385,"href":"https:\/\/www.profactor.at\/en\/wp-json\/wp\/v2\/pages\/4937\/revisions\/11385"}],"up":[{"embeddable":true,"href":"https:\/\/www.profactor.at\/en\/wp-json\/wp\/v2\/pages\/16820"}],"wp:featuredmedia":[{"embeddable":true,"href":"https:\/\/www.profactor.at\/en\/wp-json\/wp\/v2\/media\/4473"}],"wp:attachment":[{"href":"https:\/\/www.profactor.at\/en\/wp-json\/wp\/v2\/media?parent=4937"}],"wp:term":[{"taxonomy":"category","embeddable":true,"href":"https:\/\/www.profactor.at\/en\/wp-json\/wp\/v2\/categories?post=4937"},{"taxonomy":"post_tag","embeddable":true,"href":"https:\/\/www.profactor.at\/en\/wp-json\/wp\/v2\/tags?post=4937"}],"curies":[{"name":"wp","href":"https:\/\/api.w.org\/{rel}","templated":true}]}}