{"id":4762,"date":"2016-10-20T15:00:16","date_gmt":"2016-10-20T15:00:16","guid":{"rendered":"http:\/\/www.profactor.at\/en\/?page_id=4762"},"modified":"2021-06-16T09:56:15","modified_gmt":"2021-06-16T09:56:15","slug":"rollernil","status":"publish","type":"page","link":"https:\/\/www.profactor.at\/en\/research\/additive-micro-and-nano-manufacturing\/nanoimprint-lithography\/projects-archive\/rollernil\/","title":{"rendered":"RollerNIL"},"content":{"rendered":"<div class=\"wpb-content-wrapper\"><p>[vc_row][vc_column width=&#8221;3\/4&#8243;][vc_column_text]<div class=\"overview-image-wrapper\"><div class=\"img\" style=\"background-image:url(https:\/\/www.profactor.at\/wp-content\/uploads\/2016\/09\/Rollernil_web.jpg);\"\/><\/div><div class=\"overview-caption\"><\/div><\/div>[\/vc_column_text][vc_column_text]Large area Nanostructuring is one of the\u00a0 main challengens in Nanotechnology. The <b>rollerNIL <\/b>project aims at the replication of different kinds of complex optical nanostructures using roller-based nanoimprint lithography. Roll-to-roll as well as roll-to-plate nanoimprinting will be used. Master, material and quality controll issues will be treated as well.<\/p>\n<p><strong>Project Name: \u00a0\u00a0\u00a0 <\/strong><br \/>\nLarge Roller Nanoimprint Lithographie for optical and life-science applications<\/p>\n<p><strong>Funding: \u00a0\u00a0\u00a0 <\/strong><br \/>\nFFG &#8211; 4. Ausschreibung Produktion der Zukunft<\/p>\n<p><strong>Duration: \u00a0\u00a0\u00a0 <\/strong><br \/>\n04\/2014 \u2013 03\/2017<\/p>\n<p>[\/vc_column_text][\/vc_column][vc_column width=&#8221;1\/4&#8243; el_class=&#8221;page-sidebar page-reference-sidebar&#8221;][vc_column_text el_class=&#8221;reference-person&#8221;]<\/p>\n<div class=\"img-wrapper\">\n<div class=\"img-wrapper\">\n<div class=\"img-wrapper\"><img loading=\"lazy\" decoding=\"async\" class=\"alignnone wp-image-2778 size-medium\" src=\"http:\/\/www.profactor.at\/wp-content\/uploads\/2016\/07\/Ansprechpartner_MichaelM\u00fchlberger_web-300x261.jpg\" width=\"300\" height=\"261\" srcset=\"https:\/\/www.profactor.at\/wp-content\/uploads\/2016\/07\/Ansprechpartner_MichaelM\u00fchlberger_web-300x261.jpg 300w, https:\/\/www.profactor.at\/wp-content\/uploads\/2016\/07\/Ansprechpartner_MichaelM\u00fchlberger_web.jpg 466w\" sizes=\"auto, (max-width: 300px) 100vw, 300px\" \/><\/div>\n<div class=\"reference\">\n<h4>Your Contact<\/h4>\n<p><strong>Dr. Michael M\u00fchlberger<\/strong><br \/>\nFunctional Surfaces and Nanostructures<\/p>\n<p>+43 7252 885 253<br \/>\n&#x6d;&#x69;&#x63;&#x68;&#x61;&#x65;&#x6c;&#x2e;&#x6d;&#x75;&#x65;&#x68;&#x6c;&#x62;&#x65;&#x72;&#x67;&#x65;&#x72;&#x40;<span class=\"oe_displaynone\">null<\/span>&#x70;&#x72;&#x6f;&#x66;&#x61;&#x63;&#x74;&#x6f;&#x72;&#x2e;&#x61;&#x74;<\/p>\n<\/div>\n<\/div>\n<\/div>\n<p>[\/vc_column_text][vc_column_text el_class=&#8221;cta-area&#8221;]<\/p>\n<h3>We answer &#8230;<\/h3>\n<p><a class=\"btn cta\" href=\"mailto:&#x6d;&#x69;&#x63;&#x68;&#x61;&#x65;&#x6c;&#x2e;&#x6d;&#x75;&#x65;&#x68;&#x6c;&#x62;&#x65;&#x72;&#x67;&#x65;&#x72;&#x40;&#x70;&#x72;&#x6f;&#x66;&#x61;&#x63;&#x74;&#x6f;&#x72;&#x2e;&#x61;&#x74;\">&#8230; your Questions<\/a>[\/vc_column_text][vc_column_text el_class=&#8221;links-area&#8221;]<strong>Links<\/strong><\/p>\n<p><b>Webseite:\u00a0<\/b><br \/>\n<a class=\"external-link-new-window\" title=\"\u00d6ffnet einen externen Link in einem neuen Fenster\" href=\"http:\/\/www.profactor.at\/nilaustria\/index.php?id=rollernil\" target=\"_blank\" rel=\"noopener\">www.rollernil.at<\/a>[\/vc_column_text][vc_column_text el_class=&#8221;downloads-area&#8221;]<b>Partner:<br \/>\n<\/b><a href=\"https:\/\/www.joanneum.at\/\" target=\"_blank\" rel=\"noopener\"><span style=\"color: #000000;\">JOANNEUM RESEARCH Forschungsgesellschaft mbH<\/span><\/a><br \/>\n<a href=\"http:\/\/www.jku.at\/zona\/content\" target=\"_blank\" rel=\"noopener\"><span style=\"color: #000000;\">Universit\u00e4t Linz &#8211; Zentrum f\u00fcr Oberfl\u00e4chen und Nanoanalytik<\/span><\/a><br \/>\n<a href=\"http:\/\/www.sonydadc.com\/\" target=\"_blank\" rel=\"noopener\"><span style=\"color: #000000;\">Sony DADC Austria Aktiengesellschaft<\/span><\/a><br \/>\n<a href=\"http:\/\/www.microresist.de\/\" target=\"_blank\" rel=\"noopener\"><span style=\"color: #000000;\">micro resist technology Gesellschaft f\u00fcr Chemische Materialien Spezieller Photoresistsysteme mbH<\/span><\/a><br \/>\n<a href=\"http:\/\/www.hueck-folien.at\/\" target=\"_blank\" rel=\"noopener\"><span style=\"color: #000000;\">Hueck Folien Gesellschaft m.b.H.<\/span><\/a><br \/>\n<a href=\"http:\/\/www.swarovski.com\/Web_AT\/de\/index\" target=\"_blank\" rel=\"noopener\"><span style=\"color: #000000;\">D. Swarovski KG<\/span><\/a><br \/>\n<a href=\"http:\/\/www.sentech.de\/en\/site__2235\/\" target=\"_blank\" rel=\"noopener\"><span style=\"color: #000000;\">SENTECH Instruments<\/span><\/a><br \/>\n<a href=\"http:\/\/fke.tuwien.ac.at\/e362home\/\" target=\"_blank\" rel=\"noopener\"><span style=\"color: #000000;\">Technische Universit\u00e4t Wien &#8211; Institut f\u00fcr Festk\u00f6rperelektronik<\/span><\/a><br \/>\n<a href=\"http:\/\/stensborg.com\/\" target=\"_blank\" rel=\"noopener\"><span style=\"color: #000000;\">Stensborg A\/S<\/span><\/a>[\/vc_column_text][\/vc_column][\/vc_row]<\/p>\n<div class=\"shariff shariff-align-flex-start shariff-widget-align-flex-start\"><ul class=\"shariff-buttons theme-round orientation-horizontal buttonsize-medium\"><li class=\"shariff-button linkedin shariff-nocustomcolor\" style=\"background-color:#1488bf\"><a href=\"https:\/\/www.linkedin.com\/sharing\/share-offsite\/?url=https%3A%2F%2Fwww.profactor.at%2Fen%2Fresearch%2Fadditive-micro-and-nano-manufacturing%2Fnanoimprint-lithography%2Fprojects-archive%2Frollernil%2F\" title=\"Bei LinkedIn teilen\" aria-label=\"Bei LinkedIn teilen\" role=\"button\" rel=\"noopener nofollow\" class=\"shariff-link\" style=\"; background-color:#0077b5; color:#fff\" target=\"_blank\"><span class=\"shariff-icon\" style=\"\"><svg width=\"32px\" height=\"20px\" xmlns=\"http:\/\/www.w3.org\/2000\/svg\" viewBox=\"0 0 27 32\"><path fill=\"#0077b5\" d=\"M6.2 11.2v17.7h-5.9v-17.7h5.9zM6.6 5.7q0 1.3-0.9 2.2t-2.4 0.9h0q-1.5 0-2.4-0.9t-0.9-2.2 0.9-2.2 2.4-0.9 2.4 0.9 0.9 2.2zM27.4 18.7v10.1h-5.9v-9.5q0-1.9-0.7-2.9t-2.3-1.1q-1.1 0-1.9 0.6t-1.2 1.5q-0.2 0.5-0.2 1.4v9.9h-5.9q0-7.1 0-11.6t0-5.3l0-0.9h5.9v2.6h0q0.4-0.6 0.7-1t1-0.9 1.6-0.8 2-0.3q3 0 4.9 2t1.9 6z\"\/><\/svg><\/span><\/a><\/li><\/ul><\/div><\/div>","protected":false},"excerpt":{"rendered":"<p>[vc_row][vc_column width=&#8221;3\/4&#8243;][vc_column_text][\/vc_column_text][vc_column_text]Large area Nanostructuring is one of the\u00a0 main challengens in Nanotechnology. The rollerNIL project aims at the replication of different kinds of complex optical nanostructures using roller-based nanoimprint lithography. Roll-to-roll as well as roll-to-plate nanoimprinting will be used. Master, material and quality controll issues will be treated as well. Project Name: \u00a0\u00a0\u00a0 Large Roller &hellip;<\/p>\n","protected":false},"author":1,"featured_media":4491,"parent":16796,"menu_order":1006,"comment_status":"closed","ping_status":"closed","template":"","meta":{"footnotes":""},"categories":[],"tags":[],"class_list":["post-4762","page","type-page","status-publish","has-post-thumbnail","hentry"],"_links":{"self":[{"href":"https:\/\/www.profactor.at\/en\/wp-json\/wp\/v2\/pages\/4762","targetHints":{"allow":["GET"]}}],"collection":[{"href":"https:\/\/www.profactor.at\/en\/wp-json\/wp\/v2\/pages"}],"about":[{"href":"https:\/\/www.profactor.at\/en\/wp-json\/wp\/v2\/types\/page"}],"author":[{"embeddable":true,"href":"https:\/\/www.profactor.at\/en\/wp-json\/wp\/v2\/users\/1"}],"replies":[{"embeddable":true,"href":"https:\/\/www.profactor.at\/en\/wp-json\/wp\/v2\/comments?post=4762"}],"version-history":[{"count":3,"href":"https:\/\/www.profactor.at\/en\/wp-json\/wp\/v2\/pages\/4762\/revisions"}],"predecessor-version":[{"id":14156,"href":"https:\/\/www.profactor.at\/en\/wp-json\/wp\/v2\/pages\/4762\/revisions\/14156"}],"up":[{"embeddable":true,"href":"https:\/\/www.profactor.at\/en\/wp-json\/wp\/v2\/pages\/16796"}],"wp:featuredmedia":[{"embeddable":true,"href":"https:\/\/www.profactor.at\/en\/wp-json\/wp\/v2\/media\/4491"}],"wp:attachment":[{"href":"https:\/\/www.profactor.at\/en\/wp-json\/wp\/v2\/media?parent=4762"}],"wp:term":[{"taxonomy":"category","embeddable":true,"href":"https:\/\/www.profactor.at\/en\/wp-json\/wp\/v2\/categories?post=4762"},{"taxonomy":"post_tag","embeddable":true,"href":"https:\/\/www.profactor.at\/en\/wp-json\/wp\/v2\/tags?post=4762"}],"curies":[{"name":"wp","href":"https:\/\/api.w.org\/{rel}","templated":true}]}}