{"id":4748,"date":"2016-10-20T14:38:05","date_gmt":"2016-10-20T14:38:05","guid":{"rendered":"http:\/\/www.profactor.at\/en\/?page_id=4748"},"modified":"2021-06-16T09:56:23","modified_gmt":"2021-06-16T09:56:23","slug":"aniipf","status":"publish","type":"page","link":"https:\/\/www.profactor.at\/en\/research\/additive-micro-and-nano-manufacturing\/nanoimprint-lithography\/projects-archive\/aniipf\/","title":{"rendered":"ANIIPF\/multiLINK"},"content":{"rendered":"<div class=\"wpb-content-wrapper\"><p>[vc_row][vc_column][\/vc_column][\/vc_row][vc_row][vc_column width=&#8221;3\/4&#8243;][vc_column_text]<div class=\"overview-image-wrapper\"><div class=\"img\" style=\"background-image:url(https:\/\/www.profactor.at\/wp-content\/uploads\/2016\/08\/02_additive_Fertigung.jpg);\"\/><\/div><div class=\"overview-caption\"><\/div><\/div>[\/vc_column_text][vc_column_text]Many \u201eintelligent products\u201c, that can be thought of today,\u00a0 cannot be fabricated with existing production methods or cannot be fabricated in a cost efficient way. These are \u2013 among others \u2013 especially individualized, 3D printed products with directly integrated sensors, LEDs, OLEDs, displays, etc. Additive manufacturing technologies are ideally suited for the efficient manufacturing of individualized products.<\/p>\n<p>The\u00a0projects focused on micro- and nanostructuring technologies on arbitrarily shaped surfaces (e.g. additively manufactured), to achieve an additional functionalization of the surface. Structuring is done via inkjet printing or by nanoimprinting.<\/p>\n<p>In both cases the challenge is the use of the technologies on curved surfaces. Second closely connected topic is the development and adaptation of materials for these special cases of nanoimprinting and inkjetprinting.<\/p>\n<p>The research covered single layer printing on free form surfaces as well as multilayer multimaterial printing.<\/p>\n<p><strong>Project Name: \u00a0<\/strong><b><br \/>\n<\/b>Additives Nanoimprinting and Inkjet Printing on Free-Form Surfaces<\/p>\n<p>Multimaterial Multilayer Additive Manufacturing by Linking Nanoimprinting and Inkjetprinting<\/p>\n<p><strong>Funding: \u00a0\u00a0<\/strong><br \/>\nbmvit<\/p>\n<p><strong>Duration: \u00a0\u00a0\u00a0<\/strong><br \/>\n01.07.2014 &#8211; 30.06.2017<\/p>\n<p>01.7.2017 \u2013 31.12.2018<\/p>\n<p><strong>Selected Publications:<\/strong><\/p>\n<p>[1] Thomas K\u00f6pplmayr, et al., <strong>Nanoimprint lithography on curved surfaces prepared by fused deposition modelling<\/strong>, Surf. Topogr.: Metrol. Prop. 3 (2015) 024003<\/p>\n<p>[2] Thomas K\u00f6pplmayr*, Michael M\u00fchlberger, <strong>Inkjet Printing of PLA on Substrates Prepared by Fused Deposition Modeling and its Potential for Selective Surface Finishing<\/strong>, Journal of Applied Polymer Science 132 (2016) 43527<\/p>\n<p>[3] M. Muehlberger, M. J. Haslinger, J. Kurzmann, M. Ikeda, A. Fuchsbauer, T. Faury, T. Koepplmayr, H. Ausserhuber, J. Kastner, C. Woegerer, D. Fechtig; <strong>Function Follows Form: Combining Nanoimprint and Inkjet Printing<\/strong>,\u00a0 Proc. SPIE 10446, 33rd European Mask and Lithography Conference, 104460Z (28 September 2017); doi: 10.1117\/12.2282503;<\/p>\n<p>[4] M. M\u00fchlberger, T. K\u00f6pplmayr, M. Haslinger, T. Faury, L. H\u00e4usler, T. Voglhuber, H. Fachberger, T. Lederer; <strong>Verfahren zum Bedrucken von Substraten mit einem Druckbild, METHOD FOR PRINTING A PRINTED IMAGE ONTO SUBSTRATES<\/strong>, AT519172 (B1), <a href=\"https:\/\/worldwide.espacenet.com\/publicationDetails\/biblio?FT=D&amp;date=20180125&amp;DB=&amp;locale=en_EP&amp;CC=WO&amp;NR=2018015366A1&amp;KC=A1&amp;ND=4\">PCT\/EP 2017\/7068091<\/a>[\/vc_column_text][\/vc_column][vc_column width=&#8221;1\/4&#8243; el_class=&#8221;page-sidebar page-reference-sidebar&#8221;][vc_column_text el_class=&#8221;reference-person&#8221;]<\/p>\n<div class=\"img-wrapper\">\n<div class=\"img-wrapper\"><img loading=\"lazy\" decoding=\"async\" class=\"alignnone wp-image-2778 size-medium\" src=\"http:\/\/www.profactor.at\/wp-content\/uploads\/2016\/07\/Ansprechpartner_MichaelM\u00fchlberger_web-300x261.jpg\" width=\"300\" height=\"261\" srcset=\"https:\/\/www.profactor.at\/wp-content\/uploads\/2016\/07\/Ansprechpartner_MichaelM\u00fchlberger_web-300x261.jpg 300w, https:\/\/www.profactor.at\/wp-content\/uploads\/2016\/07\/Ansprechpartner_MichaelM\u00fchlberger_web.jpg 466w\" sizes=\"auto, (max-width: 300px) 100vw, 300px\" \/><\/div>\n<div class=\"reference\">\n<h4>Your Contact<\/h4>\n<p><strong>Dr. Michael M\u00fchlberger<\/strong><br \/>\nFunctional Surfaces and Nanostructures<\/p>\n<p>+43 7252 885 253<br \/>\n&#x6d;&#x69;&#x63;&#x68;&#x61;&#x65;&#x6c;&#x2e;&#x6d;&#x75;&#x65;&#x68;&#x6c;&#x62;&#x65;&#x72;&#x67;&#x65;&#x72;&#x40;<span class=\"oe_displaynone\">null<\/span>&#x70;&#x72;&#x6f;&#x66;&#x61;&#x63;&#x74;&#x6f;&#x72;&#x2e;&#x61;&#x74;<\/p>\n<\/div>\n<\/div>\n<p>[\/vc_column_text][vc_column_text el_class=&#8221;cta-area&#8221;]<\/p>\n<h3>We answer &#8230;<\/h3>\n<p><a class=\"btn cta\" href=\"mailto:&#x6d;&#x69;&#x63;&#x68;&#x61;&#x65;&#x6c;&#x2e;&#x6d;&#x75;&#x65;&#x6c;&#x62;&#x65;&#x72;&#x67;&#x65;&#x72;&#x40;&#x70;&#x72;&#x6f;&#x66;&#x61;&#x63;&#x74;&#x6f;&#x72;&#x2e;&#x61;&#x74;\">&#8230; your Questions<\/a>[\/vc_column_text][\/vc_column][\/vc_row]<\/p>\n<div class=\"shariff shariff-align-flex-start shariff-widget-align-flex-start\"><ul class=\"shariff-buttons theme-round orientation-horizontal buttonsize-medium\"><li class=\"shariff-button linkedin shariff-nocustomcolor\" style=\"background-color:#1488bf\"><a href=\"https:\/\/www.linkedin.com\/sharing\/share-offsite\/?url=https%3A%2F%2Fwww.profactor.at%2Fen%2Fresearch%2Fadditive-micro-and-nano-manufacturing%2Fnanoimprint-lithography%2Fprojects-archive%2Faniipf%2F\" title=\"Bei LinkedIn teilen\" aria-label=\"Bei LinkedIn teilen\" role=\"button\" rel=\"noopener nofollow\" class=\"shariff-link\" style=\"; background-color:#0077b5; color:#fff\" target=\"_blank\"><span class=\"shariff-icon\" style=\"\"><svg width=\"32px\" height=\"20px\" xmlns=\"http:\/\/www.w3.org\/2000\/svg\" viewBox=\"0 0 27 32\"><path fill=\"#0077b5\" d=\"M6.2 11.2v17.7h-5.9v-17.7h5.9zM6.6 5.7q0 1.3-0.9 2.2t-2.4 0.9h0q-1.5 0-2.4-0.9t-0.9-2.2 0.9-2.2 2.4-0.9 2.4 0.9 0.9 2.2zM27.4 18.7v10.1h-5.9v-9.5q0-1.9-0.7-2.9t-2.3-1.1q-1.1 0-1.9 0.6t-1.2 1.5q-0.2 0.5-0.2 1.4v9.9h-5.9q0-7.1 0-11.6t0-5.3l0-0.9h5.9v2.6h0q0.4-0.6 0.7-1t1-0.9 1.6-0.8 2-0.3q3 0 4.9 2t1.9 6z\"\/><\/svg><\/span><\/a><\/li><\/ul><\/div><\/div>","protected":false},"excerpt":{"rendered":"<p>[vc_row][vc_column][\/vc_column][\/vc_row][vc_row][vc_column width=&#8221;3\/4&#8243;][vc_column_text][\/vc_column_text][vc_column_text]Many \u201eintelligent products\u201c, that can be thought of today,\u00a0 cannot be fabricated with existing production methods or cannot be fabricated in a cost efficient way. These are \u2013 among others \u2013 especially individualized, 3D printed products with directly integrated sensors, LEDs, OLEDs, displays, etc. Additive manufacturing technologies are ideally suited for the efficient manufacturing &hellip;<\/p>\n","protected":false},"author":1,"featured_media":3149,"parent":16796,"menu_order":1007,"comment_status":"closed","ping_status":"closed","template":"","meta":{"footnotes":""},"categories":[],"tags":[],"class_list":["post-4748","page","type-page","status-publish","has-post-thumbnail","hentry"],"_links":{"self":[{"href":"https:\/\/www.profactor.at\/en\/wp-json\/wp\/v2\/pages\/4748","targetHints":{"allow":["GET"]}}],"collection":[{"href":"https:\/\/www.profactor.at\/en\/wp-json\/wp\/v2\/pages"}],"about":[{"href":"https:\/\/www.profactor.at\/en\/wp-json\/wp\/v2\/types\/page"}],"author":[{"embeddable":true,"href":"https:\/\/www.profactor.at\/en\/wp-json\/wp\/v2\/users\/1"}],"replies":[{"embeddable":true,"href":"https:\/\/www.profactor.at\/en\/wp-json\/wp\/v2\/comments?post=4748"}],"version-history":[{"count":3,"href":"https:\/\/www.profactor.at\/en\/wp-json\/wp\/v2\/pages\/4748\/revisions"}],"predecessor-version":[{"id":11368,"href":"https:\/\/www.profactor.at\/en\/wp-json\/wp\/v2\/pages\/4748\/revisions\/11368"}],"up":[{"embeddable":true,"href":"https:\/\/www.profactor.at\/en\/wp-json\/wp\/v2\/pages\/16796"}],"wp:featuredmedia":[{"embeddable":true,"href":"https:\/\/www.profactor.at\/en\/wp-json\/wp\/v2\/media\/3149"}],"wp:attachment":[{"href":"https:\/\/www.profactor.at\/en\/wp-json\/wp\/v2\/media?parent=4748"}],"wp:term":[{"taxonomy":"category","embeddable":true,"href":"https:\/\/www.profactor.at\/en\/wp-json\/wp\/v2\/categories?post=4748"},{"taxonomy":"post_tag","embeddable":true,"href":"https:\/\/www.profactor.at\/en\/wp-json\/wp\/v2\/tags?post=4748"}],"curies":[{"name":"wp","href":"https:\/\/api.w.org\/{rel}","templated":true}]}}