{"id":4705,"date":"2016-10-20T14:06:11","date_gmt":"2016-10-20T14:06:11","guid":{"rendered":"http:\/\/www.profactor.at\/en\/?page_id=4705"},"modified":"2022-10-24T10:59:43","modified_gmt":"2022-10-24T09:59:43","slug":"qualityskill","status":"publish","type":"page","link":"https:\/\/www.profactor.at\/en\/research\/industrial-automation-systems\/non-destructive-inspection\/projects-archive\/qualityskill\/","title":{"rendered":"QualitySkill"},"content":{"rendered":"<div class=\"wpb-content-wrapper\"><p>[vc_row][vc_column width=&#8221;3\/4&#8243;][vc_column_text]<div class=\"overview-image-wrapper\"><div class=\"img\" style=\"background-image:url(https:\/\/www.profactor.at\/wp-content\/uploads\/2016\/09\/Qualityskill_web.jpg);\"\/><\/div><div class=\"overview-caption\"><\/div><\/div>[\/vc_column_text][vc_column_text]Die <strong>automatische Pr\u00fcfung von Composite-Bauteilen<\/strong> gewinnt sowohl \u00a0in der Automobilindustrie als auch in der Luftfahrt zunehmend an Bedeutung. W\u00e4hrend es bei den Produktionsverfahren substantielle Fortschritte gegeben hat, wird die Pr\u00fcfung immer noch manuell durchgef\u00fchrt, nimmt aber 30-50 Prozent der Produktionszeit in Anspruch. Die automatische Pr\u00fcfung von Composite-Bauteilen muss kurze Taktzeiten und\u00a0 Losgr\u00f6\u00dfen bis zu 300.000 St\u00fcck pro Jahr bew\u00e4ltigen. Dazu kommen eine hohe Flexibilit\u00e4t hinsichtlich der Bauteilgr\u00f6\u00dfe\u00a0 und der Pr\u00fcfverfahren sowie die Notwendigkeit, dass auch komplex geformte Bauteile vollfl\u00e4chig \u00fcberpr\u00fcft werden.<\/p>\n<p>Diese Anforderungen sollen im Projekt durch die Entwicklung eines allgemeinen <strong>\u201einspection skill\u201c f\u00fcr Pr\u00fcfroboter<\/strong> erf\u00fcllt werden. Die Pr\u00fcfzelle stellt dabei gewisse F\u00e4higkeiten zur Pr\u00fcfung bereit &#8211; \u00a0und kann diese ohne gr\u00f6\u00dfere Umr\u00fcstung oder Neuprogrammierung auf neue Bauteile und Pr\u00fcfverfahren anwenden. Im Projekt werden Ultraschall, visuelle Inspektion- und Thermographie untersucht. Diese haben sich \u2013 neben R\u00f6ntgen \u2013 in der Herstellung von Composite-Bauteilen als Standard etabliert.<\/p>\n<p>Der \u201einspection skill\u201c umfasst ein<strong> Prozessmodell, die Bewegungsplanung und Integrationsaspekte<\/strong>.\u00a0 Methodisch orientiert sich das Projekt an den in der Robotik bereits etablierten \u201egrasping skills\u201c, die ein Greifen von beliebigen Objekten erm\u00f6glichen. Zentrales Element des zu entwickelnden \u201einspection skills\u201c sind die Schnittstellen zum Prozessmodell. Es bildet die physikalischen Eigenschaften des Pr\u00fcfprozesses ab. Die Modellierung muss dabei relativ detailliert sein und vor allem Anforderungen der Automatisierung \u00a0&#8211; kontinuierlich bewegte Sensorik, variable Arbeitsabst\u00e4nde &#8211; ber\u00fccksichtigen. Auf Basis dieser Schnittstellen wird eine Prozess-, Pfad- und Bewegungsplanung entwickelt, die dem Roboter oder einem mehrachsigen Handlingssystem \u00a0die vollfl\u00e4chige Inspektion des Bauteils erm\u00f6glicht.<\/p>\n<p><strong>Projektname:<\/strong><br \/>\nEntwicklung eines \u201einspection skills\u201c f\u00fcr Roboter mit Anwendung in der Qualit\u00e4tssicherung von Composite-Bauteilen<\/p>\n<p><strong>F\u00f6rderung: <\/strong><br \/>\nFFG \u2013 7. Ausschreibung Produktion der Zukunft nat. Projekte<\/p>\n<p><strong>Laufzeit:<\/strong><b>\u00a0\u00a0<\/b><br \/>\n01.03.2015 \u2013 28.02.2017[\/vc_column_text][\/vc_column][vc_column width=&#8221;1\/4&#8243; el_class=&#8221;page-sidebar page-reference-sidebar&#8221;][vc_column_text el_class=&#8221;reference-person&#8221;]<\/p>\n<div class=\"img-wrapper\">\n<div class=\"img-wrapper\"><img loading=\"lazy\" decoding=\"async\" class=\"alignnone wp-image-2416 size-medium\" src=\"https:\/\/www.profactor.at\/wp-content\/uploads\/2016\/07\/ceitzi_Ansprepartner_web-300x261.jpg\" width=\"300\" height=\"261\" srcset=\"https:\/\/www.profactor.at\/wp-content\/uploads\/2016\/07\/ceitzi_Ansprepartner_web-300x261.jpg 300w, https:\/\/www.profactor.at\/wp-content\/uploads\/2016\/07\/ceitzi_Ansprepartner_web.jpg 466w\" sizes=\"auto, (max-width: 300px) 100vw, 300px\" \/><\/div>\n<div class=\"reference\">\n<h4>Your Contact<\/h4>\n<p><strong>Dr. Christian Eitzinger<\/strong><br \/>\nHead of Machine Vision<\/p>\n<p>+43 7252 885 250<br \/>\n&#x63;&#x68;&#x72;&#x69;&#x73;&#x74;&#x69;&#x61;&#x6e;&#x2e;&#x65;&#x69;&#x74;&#x7a;&#x69;&#x6e;&#x67;&#x65;&#x72;&#x40;<span class=\"oe_displaynone\">null<\/span>&#x70;&#x72;&#x6f;&#x66;&#x61;&#x63;&#x74;&#x6f;&#x72;&#x2e;&#x61;&#x74;<\/p>\n<\/div>\n<\/div>\n<p>[\/vc_column_text][vc_column_text el_class=&#8221;cta-area&#8221;]<\/p>\n<h3>We answer &#8230;<\/h3>\n<p><a class=\"btn cta\" href=\"mailto:&#x63;&#x68;&#x72;&#x69;&#x73;&#x74;&#x69;&#x61;&#x6e;&#x2e;&#x65;&#x69;&#x74;&#x7a;&#x69;&#x6e;&#x67;&#x65;&#x72;&#x40;&#x70;&#x72;&#x6f;&#x66;&#x61;&#x63;&#x74;&#x6f;&#x72;&#x2e;&#x61;&#x74;\">&#8230; your Questions<\/a>[\/vc_column_text][vc_column_text el_class=&#8221;downloads-area&#8221;]<strong>Partner<\/strong><\/p>\n<p><a href=\"http:\/\/www.benteler-sgl.de\/\" target=\"_blank\" rel=\"noopener\"><span style=\"color: #000000;\">Benteler SGL Composite Technology GmbH<\/span><\/a><br \/>\n<a href=\"https:\/\/www.fh-ooe.at\/forschung\/\" target=\"_blank\" rel=\"noopener\"><span style=\"color: #000000;\">FH O\u00d6 Forschungs &amp; Entwicklungs GmbH<\/span><\/a><br \/>\n<span style=\"color: #000000;\"><a style=\"color: #000000;\" href=\"http:\/\/www.facc.com\/\" target=\"_blank\" rel=\"noopener\">FACC Operations GmbH<\/a><\/span><br \/>\n<a href=\"http:\/\/www.fill.co.at\/\" target=\"_blank\" rel=\"noopener\"><span style=\"color: #000000;\">Fill Gesellschaft m.b.H.<\/span><\/a>[\/vc_column_text][\/vc_column][\/vc_row]<\/p>\n<div class=\"shariff shariff-align-flex-start shariff-widget-align-flex-start\"><ul class=\"shariff-buttons theme-round orientation-horizontal buttonsize-medium\"><li class=\"shariff-button linkedin shariff-nocustomcolor\" style=\"background-color:#1488bf\"><a href=\"https:\/\/www.linkedin.com\/sharing\/share-offsite\/?url=https%3A%2F%2Fwww.profactor.at%2Fen%2Fresearch%2Findustrial-automation-systems%2Fnon-destructive-inspection%2Fprojects-archive%2Fqualityskill%2F\" title=\"Bei LinkedIn teilen\" aria-label=\"Bei LinkedIn teilen\" role=\"button\" rel=\"noopener nofollow\" class=\"shariff-link\" style=\"; background-color:#0077b5; color:#fff\" target=\"_blank\"><span class=\"shariff-icon\" style=\"\"><svg width=\"32px\" height=\"20px\" xmlns=\"http:\/\/www.w3.org\/2000\/svg\" viewBox=\"0 0 27 32\"><path fill=\"#0077b5\" d=\"M6.2 11.2v17.7h-5.9v-17.7h5.9zM6.6 5.7q0 1.3-0.9 2.2t-2.4 0.9h0q-1.5 0-2.4-0.9t-0.9-2.2 0.9-2.2 2.4-0.9 2.4 0.9 0.9 2.2zM27.4 18.7v10.1h-5.9v-9.5q0-1.9-0.7-2.9t-2.3-1.1q-1.1 0-1.9 0.6t-1.2 1.5q-0.2 0.5-0.2 1.4v9.9h-5.9q0-7.1 0-11.6t0-5.3l0-0.9h5.9v2.6h0q0.4-0.6 0.7-1t1-0.9 1.6-0.8 2-0.3q3 0 4.9 2t1.9 6z\"\/><\/svg><\/span><\/a><\/li><\/ul><\/div><\/div>","protected":false},"excerpt":{"rendered":"<p>[vc_row][vc_column width=&#8221;3\/4&#8243;][vc_column_text][\/vc_column_text][vc_column_text]Die automatische Pr\u00fcfung von Composite-Bauteilen gewinnt sowohl \u00a0in der Automobilindustrie als auch in der Luftfahrt zunehmend an Bedeutung. W\u00e4hrend es bei den Produktionsverfahren substantielle Fortschritte gegeben hat, wird die Pr\u00fcfung immer noch manuell durchgef\u00fchrt, nimmt aber 30-50 Prozent der Produktionszeit in Anspruch. Die automatische Pr\u00fcfung von Composite-Bauteilen muss kurze Taktzeiten und\u00a0 Losgr\u00f6\u00dfen bis zu &hellip;<\/p>\n","protected":false},"author":1,"featured_media":4269,"parent":16852,"menu_order":60,"comment_status":"closed","ping_status":"closed","template":"","meta":{"footnotes":""},"categories":[],"tags":[],"class_list":["post-4705","page","type-page","status-publish","has-post-thumbnail","hentry"],"_links":{"self":[{"href":"https:\/\/www.profactor.at\/en\/wp-json\/wp\/v2\/pages\/4705","targetHints":{"allow":["GET"]}}],"collection":[{"href":"https:\/\/www.profactor.at\/en\/wp-json\/wp\/v2\/pages"}],"about":[{"href":"https:\/\/www.profactor.at\/en\/wp-json\/wp\/v2\/types\/page"}],"author":[{"embeddable":true,"href":"https:\/\/www.profactor.at\/en\/wp-json\/wp\/v2\/users\/1"}],"replies":[{"embeddable":true,"href":"https:\/\/www.profactor.at\/en\/wp-json\/wp\/v2\/comments?post=4705"}],"version-history":[{"count":2,"href":"https:\/\/www.profactor.at\/en\/wp-json\/wp\/v2\/pages\/4705\/revisions"}],"predecessor-version":[{"id":15767,"href":"https:\/\/www.profactor.at\/en\/wp-json\/wp\/v2\/pages\/4705\/revisions\/15767"}],"up":[{"embeddable":true,"href":"https:\/\/www.profactor.at\/en\/wp-json\/wp\/v2\/pages\/16852"}],"wp:featuredmedia":[{"embeddable":true,"href":"https:\/\/www.profactor.at\/en\/wp-json\/wp\/v2\/media\/4269"}],"wp:attachment":[{"href":"https:\/\/www.profactor.at\/en\/wp-json\/wp\/v2\/media?parent=4705"}],"wp:term":[{"taxonomy":"category","embeddable":true,"href":"https:\/\/www.profactor.at\/en\/wp-json\/wp\/v2\/categories?post=4705"},{"taxonomy":"post_tag","embeddable":true,"href":"https:\/\/www.profactor.at\/en\/wp-json\/wp\/v2\/tags?post=4705"}],"curies":[{"name":"wp","href":"https:\/\/api.w.org\/{rel}","templated":true}]}}