{"id":4692,"date":"2016-10-20T13:59:34","date_gmt":"2016-10-20T13:59:34","guid":{"rendered":"http:\/\/www.profactor.at\/en\/?page_id=4692"},"modified":"2017-02-23T15:50:11","modified_gmt":"2017-02-23T15:50:11","slug":"qualitygloss","status":"publish","type":"page","link":"https:\/\/www.profactor.at\/en\/research\/industrial-automation-systems\/non-destructive-inspection\/projects-archive\/qualitygloss\/","title":{"rendered":"QualityGloss"},"content":{"rendered":"<div class=\"wpb-content-wrapper\"><p>[vc_row][vc_column width=&#8221;3\/4&#8243;][vc_column_text]<div class=\"overview-image-wrapper\"><div class=\"img\" style=\"background-image:url(https:\/\/www.profactor.at\/wp-content\/uploads\/2016\/10\/Qualitygloss_web.jpg);\"\/><\/div><div class=\"overview-caption\"><\/div><\/div>[\/vc_column_text][vc_column_text]Holzfurnieroberfl\u00e4chen spielen als <strong>Leichtbau-Dekorteile f\u00fcr die Luftfahrtindustrie<\/strong> eine wichtige Rolle. Diese Oberfl\u00e4chen sind hochgl\u00e4nzend lackiert, deren Qualit\u00e4t wird im Rahmen der Abnahme von den Erstausr\u00fcstern (OEM) kritisch bewertet. Dabei werden Messger\u00e4te eingesetzt, die Kennwerte \u00fcber die Oberfl\u00e4cheneigenschaften liefern<\/p>\n<p>Dabei zeigt sich, dass selbst bei Kennwerten, die den vorgegebenen Toleranzen entsprechen, der subjektive Eindruck der Oberfl\u00e4che oftmals nicht ausreichend gut ist. Diese Diskrepanz f\u00fchrt bei der Auslieferung der Dekorteile regelm\u00e4\u00dfig zu Diskussionen und Problemen. Um diese Problematik zu l\u00f6sen, werden im Projekt zwei Themen behandelt. F\u00fcr die Erzeugung von Oberfl\u00e4chendaten wird auf Basis eine Sensorik entwickelt, die relevante Eigenschaften der Oberfl\u00e4che liefert, ohne die empfindliche Oberfl\u00e4che zu ber\u00fchren. Dabei wird ber\u00fccksichtigt, dass die Oberfl\u00e4che nicht eben ist, sondern eine Kr\u00fcmmung aufweisen kann. Zus\u00e4tzlich ist bei der Auswertung auch die unter der Oberfl\u00e4che liegende, visuelle Holztextur zu ber\u00fccksichtigen.<\/p>\n<p>Im zweiten Schritt werden aus den Rohdaten Merkmale (features) extrahiert, die eine besonders hohe Korrelation mit der menschlichen Einsch\u00e4tzung der Oberfl\u00e4chenqualit\u00e4t aufweisen. Mit Hilfe von Regressionsmodellen werden aus den Oberfl\u00e4chenmerkmalen ein oder mehrere Kennwerte berechnet, die zur Objektivierung der Beurteilung dienen. Zur Einstellung des Regressionsmodells werden in einem Experiment Referenzbauteile bewertet und zur Optimierung des Modells verwendet.&#8221;<\/p>\n<p><strong>Ziele des Projekts<\/strong> sind die Entwicklung eines <strong>Sensordesigns<\/strong> zur Erzeugung von topographischen Daten von gekr\u00fcmmten Bauteiloberfl\u00e4chen, Algorithmen zur Bewertung der Oberfl\u00e4chenqualit\u00e4t, die mit der menschlichen Bewertung \u00fcbereinstimmen und experimentelle Daten, die zum Nachweis der Leistungsf\u00e4higkeit der Methoden dienen.<\/p>\n<p><strong>Projektname:<\/strong><br \/>\nModellierung der menschlichen Bewertung von dekorativen Hochglanzoberfl\u00e4chen in Luftfahrtanwendungen<\/p>\n<p><strong>F\u00f6rderung: <\/strong><br \/>\nFFG \u2013 PRODUKTIONSSTANDORT O\u00d6 2050: INDUSTRIE 4.0<\/p>\n<p><strong>Laufzeit:<\/strong><b>\u00a0\u00a0<\/b><br \/>\n01.09.2015 \u2013 31.08.2017[\/vc_column_text][\/vc_column][vc_column width=&#8221;1\/4&#8243; el_class=&#8221;page-sidebar page-reference-sidebar&#8221;][vc_column_text el_class=&#8221;reference-person&#8221;]<\/p>\n<div class=\"img-wrapper\"><img loading=\"lazy\" decoding=\"async\" class=\"alignnone size-medium wp-image-3584\" src=\"https:\/\/www.profactor.at\/wp-content\/uploads\/2016\/09\/szambal_web-300x261.jpg\" alt=\"szambal_web\" width=\"300\" height=\"261\" srcset=\"https:\/\/www.profactor.at\/wp-content\/uploads\/2016\/09\/szambal_web-300x261.jpg 300w, https:\/\/www.profactor.at\/wp-content\/uploads\/2016\/09\/szambal_web.jpg 466w\" sizes=\"auto, (max-width: 300px) 100vw, 300px\" \/><\/div>\n<div class=\"reference\">\n<h4>Your Contact<\/h4>\n<p><strong>DI Dr.tech. Sebastian Zambal<br \/>\n<\/strong>Machine Vision<\/p>\n<p>+43 7252 885 254<br \/>\n&#x73;&#x65;&#x62;&#x61;&#x73;&#x74;&#x69;&#x61;&#x6e;&#x2e;&#x7a;&#x61;&#x6d;&#x62;&#x61;&#x6c;&#x40;<span class=\"oe_displaynone\">null<\/span>&#x70;&#x72;&#x6f;&#x66;&#x61;&#x63;&#x74;&#x6f;&#x72;&#x2e;&#x61;&#x74;<\/p>\n<\/div>\n<p>[\/vc_column_text][vc_column_text el_class=&#8221;cta-area&#8221;]<\/p>\n<h3>We answer &#8230;<\/h3>\n<p><a class=\"btn cta\" href=\"mailto:&#x73;&#x65;&#x62;&#x61;&#x73;&#x74;&#x69;&#x61;&#x6e;&#x2e;&#x7a;&#x61;&#x6d;&#x62;&#x61;&#x6c;&#x40;&#x70;&#x72;&#x6f;&#x66;&#x61;&#x63;&#x74;&#x6f;&#x72;&#x2e;&#x61;&#x74;\">&#8230; your Questions<\/a>[\/vc_column_text][vc_column_text el_class=&#8221;downloads-area&#8221;]<strong>Partner<\/strong><\/p>\n<p><a href=\"http:\/\/www.facc.com\/\" target=\"_blank\"><span style=\"color: #000000;\">FACC Operations GmbH<\/span><\/a>[\/vc_column_text][\/vc_column][\/vc_row]<\/p>\n<div class=\"shariff shariff-align-flex-start shariff-widget-align-flex-start\"><ul class=\"shariff-buttons theme-round orientation-horizontal buttonsize-medium\"><li class=\"shariff-button linkedin shariff-nocustomcolor\" style=\"background-color:#1488bf\"><a href=\"https:\/\/www.linkedin.com\/sharing\/share-offsite\/?url=https%3A%2F%2Fwww.profactor.at%2Fen%2Fresearch%2Findustrial-automation-systems%2Fnon-destructive-inspection%2Fprojects-archive%2Fqualitygloss%2F\" title=\"Bei LinkedIn teilen\" aria-label=\"Bei LinkedIn teilen\" role=\"button\" rel=\"noopener nofollow\" class=\"shariff-link\" style=\"; background-color:#0077b5; color:#fff\" target=\"_blank\"><span class=\"shariff-icon\" style=\"\"><svg width=\"32px\" height=\"20px\" xmlns=\"http:\/\/www.w3.org\/2000\/svg\" viewBox=\"0 0 27 32\"><path fill=\"#0077b5\" d=\"M6.2 11.2v17.7h-5.9v-17.7h5.9zM6.6 5.7q0 1.3-0.9 2.2t-2.4 0.9h0q-1.5 0-2.4-0.9t-0.9-2.2 0.9-2.2 2.4-0.9 2.4 0.9 0.9 2.2zM27.4 18.7v10.1h-5.9v-9.5q0-1.9-0.7-2.9t-2.3-1.1q-1.1 0-1.9 0.6t-1.2 1.5q-0.2 0.5-0.2 1.4v9.9h-5.9q0-7.1 0-11.6t0-5.3l0-0.9h5.9v2.6h0q0.4-0.6 0.7-1t1-0.9 1.6-0.8 2-0.3q3 0 4.9 2t1.9 6z\"\/><\/svg><\/span><\/a><\/li><\/ul><\/div><\/div>","protected":false},"excerpt":{"rendered":"<p>[vc_row][vc_column width=&#8221;3\/4&#8243;][vc_column_text][\/vc_column_text][vc_column_text]Holzfurnieroberfl\u00e4chen spielen als Leichtbau-Dekorteile f\u00fcr die Luftfahrtindustrie eine wichtige Rolle. Diese Oberfl\u00e4chen sind hochgl\u00e4nzend lackiert, deren Qualit\u00e4t wird im Rahmen der Abnahme von den Erstausr\u00fcstern (OEM) kritisch bewertet. Dabei werden Messger\u00e4te eingesetzt, die Kennwerte \u00fcber die Oberfl\u00e4cheneigenschaften liefern Dabei zeigt sich, dass selbst bei Kennwerten, die den vorgegebenen Toleranzen entsprechen, der subjektive Eindruck der &hellip;<\/p>\n","protected":false},"author":1,"featured_media":4745,"parent":16852,"menu_order":90,"comment_status":"closed","ping_status":"closed","template":"","meta":{"footnotes":""},"categories":[],"tags":[],"class_list":["post-4692","page","type-page","status-publish","has-post-thumbnail","hentry"],"_links":{"self":[{"href":"https:\/\/www.profactor.at\/en\/wp-json\/wp\/v2\/pages\/4692","targetHints":{"allow":["GET"]}}],"collection":[{"href":"https:\/\/www.profactor.at\/en\/wp-json\/wp\/v2\/pages"}],"about":[{"href":"https:\/\/www.profactor.at\/en\/wp-json\/wp\/v2\/types\/page"}],"author":[{"embeddable":true,"href":"https:\/\/www.profactor.at\/en\/wp-json\/wp\/v2\/users\/1"}],"replies":[{"embeddable":true,"href":"https:\/\/www.profactor.at\/en\/wp-json\/wp\/v2\/comments?post=4692"}],"version-history":[{"count":2,"href":"https:\/\/www.profactor.at\/en\/wp-json\/wp\/v2\/pages\/4692\/revisions"}],"predecessor-version":[{"id":6716,"href":"https:\/\/www.profactor.at\/en\/wp-json\/wp\/v2\/pages\/4692\/revisions\/6716"}],"up":[{"embeddable":true,"href":"https:\/\/www.profactor.at\/en\/wp-json\/wp\/v2\/pages\/16852"}],"wp:featuredmedia":[{"embeddable":true,"href":"https:\/\/www.profactor.at\/en\/wp-json\/wp\/v2\/media\/4745"}],"wp:attachment":[{"href":"https:\/\/www.profactor.at\/en\/wp-json\/wp\/v2\/media?parent=4692"}],"wp:term":[{"taxonomy":"category","embeddable":true,"href":"https:\/\/www.profactor.at\/en\/wp-json\/wp\/v2\/categories?post=4692"},{"taxonomy":"post_tag","embeddable":true,"href":"https:\/\/www.profactor.at\/en\/wp-json\/wp\/v2\/tags?post=4692"}],"curies":[{"name":"wp","href":"https:\/\/api.w.org\/{rel}","templated":true}]}}