{"id":459,"date":"2016-07-22T13:08:54","date_gmt":"2016-07-22T13:08:54","guid":{"rendered":"http:\/\/www.profactor.at\/en\/?page_id=459"},"modified":"2026-03-03T13:59:12","modified_gmt":"2026-03-03T12:59:12","slug":"team","status":"publish","type":"page","link":"https:\/\/www.profactor.at\/en\/about-us\/team\/","title":{"rendered":"Team"},"content":{"rendered":"<div class=\"wpb-content-wrapper\"><p>[vc_row][vc_column][\/vc_column][\/vc_row][vc_row][vc_column][vc_column_text]<div class=\"overview-image-wrapper\"><div class=\"img\" style=\"background-image:url(https:\/\/www.profactor.at\/wp-content\/uploads\/2016\/07\/03_PROFACTOR_MitarbeiterInnen_web_v2.jpg);\"\/><\/div><div class=\"overview-caption\"><\/div><\/div>[\/vc_column_text][vc_column_text]<\/p>\n<h4>Das PROFACTOR Team steht Ihnen f\u00fcr Fragen, W\u00fcnsche und Anregungen zur Verf\u00fcgung.<\/h4>\n<p>[\/vc_column_text][vc_column_text css=&#8221;&#8221;]<\/p>\n<h2>Management<\/h2>\n<table>\n<tbody>\n<tr>\n<td style=\"text-align: left;\" width=\"700\"><a href=\"https:\/\/www.profactor.at\/wp-content\/uploads\/2025\/09\/Breitschopf_closeup_2025.jpg\"><img loading=\"lazy\" decoding=\"async\" class=\"alignleft wp-image-26434 size-medium\" src=\"https:\/\/www.profactor.at\/wp-content\/uploads\/2025\/09\/Breitschopf_closeup_2025-300x225.jpg\" alt=\"\" width=\"300\" height=\"225\" srcset=\"https:\/\/www.profactor.at\/wp-content\/uploads\/2025\/09\/Breitschopf_closeup_2025-300x225.jpg 300w, https:\/\/www.profactor.at\/wp-content\/uploads\/2025\/09\/Breitschopf_closeup_2025-1024x768.jpg 1024w, https:\/\/www.profactor.at\/wp-content\/uploads\/2025\/09\/Breitschopf_closeup_2025-768x576.jpg 768w, https:\/\/www.profactor.at\/wp-content\/uploads\/2025\/09\/Breitschopf_closeup_2025-1536x1152.jpg 1536w, https:\/\/www.profactor.at\/wp-content\/uploads\/2025\/09\/Breitschopf_closeup_2025.jpg 2048w\" sizes=\"auto, (max-width: 300px) 100vw, 300px\" \/><\/a><strong>Dr. Christoph Breitschopf<\/strong><\/p>\n<p>Chief Executive Officer<\/p>\n<p>Tel.: +43 (0)7252 885-0<br \/>\n<a href=\"mailto:&#x63;&#x68;&#x72;&#x69;&#x73;&#x74;&#x6f;&#x70;&#x68;&#x2e;&#x62;&#x72;&#x65;&#x69;&#x74;&#x73;&#x63;&#x68;&#x6f;&#x70;&#x66;&#x40;&#x70;&#x72;&#x6f;&#x66;&#x61;&#x63;&#x74;&#x6f;&#x72;&#x2e;&#x61;&#x74;\">E-Mail<\/a><\/td>\n<td width=\"700\"><a href=\"https:\/\/www.profactor.at\/wp-content\/uploads\/2025\/09\/Pichler_closeup_2025_web.jpg\"><img loading=\"lazy\" decoding=\"async\" class=\"alignleft wp-image-26436 size-medium\" src=\"https:\/\/www.profactor.at\/wp-content\/uploads\/2025\/09\/Pichler_closeup_2025_web-300x225.jpg\" alt=\"\" width=\"300\" height=\"225\" srcset=\"https:\/\/www.profactor.at\/wp-content\/uploads\/2025\/09\/Pichler_closeup_2025_web-300x225.jpg 300w, https:\/\/www.profactor.at\/wp-content\/uploads\/2025\/09\/Pichler_closeup_2025_web-1024x768.jpg 1024w, https:\/\/www.profactor.at\/wp-content\/uploads\/2025\/09\/Pichler_closeup_2025_web-768x576.jpg 768w, https:\/\/www.profactor.at\/wp-content\/uploads\/2025\/09\/Pichler_closeup_2025_web-1536x1152.jpg 1536w, https:\/\/www.profactor.at\/wp-content\/uploads\/2025\/09\/Pichler_closeup_2025_web.jpg 2048w\" sizes=\"auto, (max-width: 300px) 100vw, 300px\" \/><\/a><strong>DI Dr. Andreas Pichler<\/strong><\/p>\n<p>Chief Technology Officer<br \/>\nHead of Robotic and Automation Systems<\/p>\n<p>Tel.: +43 (0)7252 885-306<br \/>\n<a href=\"mailto:&#x61;&#x6e;&#x64;&#x72;&#x65;&#x61;&#x73;&#x2e;&#x70;&#x69;&#x63;&#x68;&#x6c;&#x65;&#x72;&#x40;&#x70;&#x72;&#x6f;&#x66;&#x61;&#x63;&#x74;&#x6f;&#x72;&#x2e;&#x61;&#x74;\">E-Mail<\/a><\/p>\n<p><strong>\u00a0<\/strong><\/p>\n<p>&nbsp;<\/td>\n<\/tr>\n<tr>\n<td width=\"302\"><\/td>\n<td width=\"302\"><\/td>\n<\/tr>\n<\/tbody>\n<\/table>\n<p>[\/vc_column_text][vc_column_text css=&#8221;&#8221;]<\/p>\n<h2>Departments<\/h2>\n<table>\n<tbody>\n<tr>\n<td width=\"700\"><strong><a href=\"https:\/\/www.profactor.at\/wp-content\/uploads\/2025\/09\/Eitzinger_closeup_2025.jpg\"><img loading=\"lazy\" decoding=\"async\" class=\"alignleft wp-image-26447 size-medium\" src=\"https:\/\/www.profactor.at\/wp-content\/uploads\/2025\/09\/Eitzinger_closeup_2025-300x225.jpg\" alt=\"\" width=\"300\" height=\"225\" srcset=\"https:\/\/www.profactor.at\/wp-content\/uploads\/2025\/09\/Eitzinger_closeup_2025-300x225.jpg 300w, https:\/\/www.profactor.at\/wp-content\/uploads\/2025\/09\/Eitzinger_closeup_2025-1024x768.jpg 1024w, https:\/\/www.profactor.at\/wp-content\/uploads\/2025\/09\/Eitzinger_closeup_2025-768x576.jpg 768w, https:\/\/www.profactor.at\/wp-content\/uploads\/2025\/09\/Eitzinger_closeup_2025-1536x1152.jpg 1536w, https:\/\/www.profactor.at\/wp-content\/uploads\/2025\/09\/Eitzinger_closeup_2025.jpg 2048w\" sizes=\"auto, (max-width: 300px) 100vw, 300px\" \/><\/a><\/strong><strong>DI Dr. Christian Eitzinger<\/strong><\/p>\n<p>Head of Machine Vision<\/p>\n<p>Tel.: +43 (0)7252 885-250<br \/>\n<a href=\"mailto:&#x63;&#x68;&#x72;&#x69;&#x73;&#x74;&#x69;&#x61;&#x6e;&#x2e;&#x65;&#x69;&#x74;&#x7a;&#x69;&#x6e;&#x67;&#x65;&#x72;&#x40;&#x70;&#x72;&#x6f;&#x66;&#x61;&#x63;&#x74;&#x6f;&#x72;&#x2e;&#x61;&#x74;\">E-Mail<\/a><\/td>\n<td width=\"700\"><a href=\"https:\/\/www.profactor.at\/wp-content\/uploads\/2025\/09\/Bauer_closeup_2025_web.jpg\"><img loading=\"lazy\" decoding=\"async\" class=\"alignleft wp-image-26449 size-medium\" src=\"https:\/\/www.profactor.at\/wp-content\/uploads\/2025\/09\/Bauer_closeup_2025_web-300x225.jpg\" alt=\"\" width=\"300\" height=\"225\" srcset=\"https:\/\/www.profactor.at\/wp-content\/uploads\/2025\/09\/Bauer_closeup_2025_web-300x225.jpg 300w, https:\/\/www.profactor.at\/wp-content\/uploads\/2025\/09\/Bauer_closeup_2025_web-1024x768.jpg 1024w, https:\/\/www.profactor.at\/wp-content\/uploads\/2025\/09\/Bauer_closeup_2025_web-768x576.jpg 768w, https:\/\/www.profactor.at\/wp-content\/uploads\/2025\/09\/Bauer_closeup_2025_web-1536x1152.jpg 1536w, https:\/\/www.profactor.at\/wp-content\/uploads\/2025\/09\/Bauer_closeup_2025_web.jpg 2048w\" sizes=\"auto, (max-width: 300px) 100vw, 300px\" \/><\/a><strong>DI (FH) Harald Bauer<\/strong><\/p>\n<p>Head of Visual Computing<\/p>\n<p>Tel.: +43 (0)7252 885-302<br \/>\n<a href=\"mailto:&#x68;&#x61;&#x72;&#x61;&#x6c;&#x64;&#x2e;&#x62;&#x61;&#x75;&#x65;&#x72;&#x40;&#x70;&#x72;&#x6f;&#x66;&#x61;&#x63;&#x74;&#x6f;&#x72;&#x2e;&#x61;&#x74;\">E-Mail<\/a><\/td>\n<\/tr>\n<tr>\n<td width=\"302\">&nbsp;<\/p>\n<p>&nbsp;<\/td>\n<td width=\"302\"><\/td>\n<\/tr>\n<tr>\n<td width=\"302\"><a href=\"https:\/\/www.profactor.at\/wp-content\/uploads\/2026\/03\/Haslinger_Portrait_2025_closeup_web.jpg\"><img loading=\"lazy\" decoding=\"async\" class=\"alignleft wp-image-68229 size-medium\" src=\"https:\/\/www.profactor.at\/wp-content\/uploads\/2026\/03\/Haslinger_Portrait_2025_closeup_web-300x225.jpg\" alt=\"\" width=\"300\" height=\"225\" srcset=\"https:\/\/www.profactor.at\/wp-content\/uploads\/2026\/03\/Haslinger_Portrait_2025_closeup_web-300x225.jpg 300w, https:\/\/www.profactor.at\/wp-content\/uploads\/2026\/03\/Haslinger_Portrait_2025_closeup_web-1024x768.jpg 1024w, https:\/\/www.profactor.at\/wp-content\/uploads\/2026\/03\/Haslinger_Portrait_2025_closeup_web-768x576.jpg 768w, https:\/\/www.profactor.at\/wp-content\/uploads\/2026\/03\/Haslinger_Portrait_2025_closeup_web-1536x1152.jpg 1536w, https:\/\/www.profactor.at\/wp-content\/uploads\/2026\/03\/Haslinger_Portrait_2025_closeup_web.jpg 2048w\" sizes=\"auto, (max-width: 300px) 100vw, 300px\" \/><\/a><strong>Dr. Michael Haslinger<\/strong><\/p>\n<p>Head of Nanoimprint Lithography<\/p>\n<p>Tel.: +43 (0)7252 885-422<br \/>\n<a href=\"mailto:&#x6d;&#x69;&#x63;&#x68;&#x61;&#x65;&#x6c;&#x2e;&#x68;&#x61;&#x73;&#x6c;&#x69;&#x6e;&#x67;&#x65;&#x72;&#x40;&#x70;&#x72;&#x6f;&#x66;&#x61;&#x63;&#x74;&#x6f;&#x72;&#x2e;&#x61;&#x74;\">E-Mail<\/a><\/td>\n<td width=\"302\"><a href=\"https:\/\/www.profactor.at\/wp-content\/uploads\/2025\/09\/Haumer_closeup_2025_web.jpg\"><img loading=\"lazy\" decoding=\"async\" class=\"alignleft wp-image-26455 size-medium\" src=\"https:\/\/www.profactor.at\/wp-content\/uploads\/2025\/09\/Haumer_closeup_2025_web-300x225.jpg\" alt=\"\" width=\"300\" height=\"225\" srcset=\"https:\/\/www.profactor.at\/wp-content\/uploads\/2025\/09\/Haumer_closeup_2025_web-300x225.jpg 300w, https:\/\/www.profactor.at\/wp-content\/uploads\/2025\/09\/Haumer_closeup_2025_web-1024x768.jpg 1024w, https:\/\/www.profactor.at\/wp-content\/uploads\/2025\/09\/Haumer_closeup_2025_web-768x576.jpg 768w, https:\/\/www.profactor.at\/wp-content\/uploads\/2025\/09\/Haumer_closeup_2025_web-1536x1152.jpg 1536w, https:\/\/www.profactor.at\/wp-content\/uploads\/2025\/09\/Haumer_closeup_2025_web.jpg 2048w\" sizes=\"auto, (max-width: 300px) 100vw, 300px\" \/><\/a><strong>Ing. Walter Haumer<\/strong><\/p>\n<p>Head of Industrial Solutions<\/p>\n<p>Tel.: +43 (0)7252 885-328<br \/>\n<a href=\"mailto:&#x77;&#x61;&#x6c;&#x74;&#x65;&#x72;&#x2e;&#x68;&#x61;&#x75;&#x6d;&#x65;&#x72;&#x40;&#x70;&#x72;&#x6f;&#x66;&#x61;&#x63;&#x74;&#x6f;&#x72;&#x2e;&#x61;&#x74;\">E-Mail<\/a><\/td>\n<\/tr>\n<tr>\n<td width=\"302\">&nbsp;<\/p>\n<p>&nbsp;<\/td>\n<td width=\"302\"><\/td>\n<\/tr>\n<tr>\n<td width=\"302\"><img loading=\"lazy\" decoding=\"async\" class=\"alignleft wp-image-26460 size-medium\" src=\"https:\/\/www.profactor.at\/wp-content\/uploads\/2025\/09\/Brandstaetter_closeup_2025_web-300x225.jpg\" alt=\"\" width=\"300\" height=\"225\" srcset=\"https:\/\/www.profactor.at\/wp-content\/uploads\/2025\/09\/Brandstaetter_closeup_2025_web-300x225.jpg 300w, https:\/\/www.profactor.at\/wp-content\/uploads\/2025\/09\/Brandstaetter_closeup_2025_web-1024x768.jpg 1024w, https:\/\/www.profactor.at\/wp-content\/uploads\/2025\/09\/Brandstaetter_closeup_2025_web-768x576.jpg 768w, https:\/\/www.profactor.at\/wp-content\/uploads\/2025\/09\/Brandstaetter_closeup_2025_web-1536x1152.jpg 1536w, https:\/\/www.profactor.at\/wp-content\/uploads\/2025\/09\/Brandstaetter_closeup_2025_web.jpg 2048w\" sizes=\"auto, (max-width: 300px) 100vw, 300px\" \/><strong>DI Christoph Brandst\u00e4tter<\/strong><\/p>\n<p>Head of Business Development<\/p>\n<p>Tel.: +43 (0)7252 885-252<br \/>\n<a href=\"mailto:&#x63;&#x68;&#x72;&#x69;&#x73;&#x74;&#x6f;&#x70;&#x68;&#x2e;&#x62;&#x72;&#x61;&#x6e;&#x64;&#x73;&#x74;&#x61;&#x65;&#x74;&#x74;&#x65;&#x72;&#x40;&#x70;&#x72;&#x6f;&#x66;&#x61;&#x63;&#x74;&#x6f;&#x72;&#x2e;&#x61;&#x74;\">E-Mail<\/a><\/td>\n<td width=\"302\"><\/td>\n<\/tr>\n<\/tbody>\n<\/table>\n<h2><\/h2>\n<p>[\/vc_column_text][vc_column_text css=&#8221;&#8221;]<\/p>\n<h2>Administration<\/h2>\n<table>\n<tbody>\n<tr>\n<td width=\"700\"><strong> <a href=\"https:\/\/www.profactor.at\/wp-content\/uploads\/2025\/09\/Muehlberghuber_closeup_2025_web.jpg\"><img loading=\"lazy\" decoding=\"async\" class=\"alignleft wp-image-26462 size-medium\" src=\"https:\/\/www.profactor.at\/wp-content\/uploads\/2025\/09\/Muehlberghuber_closeup_2025_web-300x225.jpg\" alt=\"\" width=\"300\" height=\"225\" srcset=\"https:\/\/www.profactor.at\/wp-content\/uploads\/2025\/09\/Muehlberghuber_closeup_2025_web-300x225.jpg 300w, https:\/\/www.profactor.at\/wp-content\/uploads\/2025\/09\/Muehlberghuber_closeup_2025_web-1024x768.jpg 1024w, https:\/\/www.profactor.at\/wp-content\/uploads\/2025\/09\/Muehlberghuber_closeup_2025_web-768x576.jpg 768w, https:\/\/www.profactor.at\/wp-content\/uploads\/2025\/09\/Muehlberghuber_closeup_2025_web-1536x1152.jpg 1536w, https:\/\/www.profactor.at\/wp-content\/uploads\/2025\/09\/Muehlberghuber_closeup_2025_web.jpg 2048w\" sizes=\"auto, (max-width: 300px) 100vw, 300px\" \/><\/a><strong>Eva M\u00fchlberghuber, MA<\/strong><\/strong><\/p>\n<p>Head of Finance &amp; Controlling<\/p>\n<p>Tel.: +43 (0)7252 885-216<br \/>\n<a href=\"mailto:&#x45;&#x76;&#x61;&#x2e;&#x4d;&#x75;&#x65;&#x68;&#x6c;&#x62;&#x65;&#x72;&#x67;&#x68;&#x75;&#x62;&#x65;&#x72;&#x40;&#x70;&#x72;&#x6f;&#x66;&#x61;&#x63;&#x74;&#x6f;&#x72;&#x2e;&#x61;&#x74;\">E-Mail<\/a><\/td>\n<td width=\"700\"><a href=\"https:\/\/www.profactor.at\/wp-content\/uploads\/2025\/09\/Waidhofer_closeup_2025_web.jpg\"><img loading=\"lazy\" decoding=\"async\" class=\"alignleft wp-image-26464 size-medium\" src=\"https:\/\/www.profactor.at\/wp-content\/uploads\/2025\/09\/Waidhofer_closeup_2025_web-300x225.jpg\" alt=\"\" width=\"300\" height=\"225\" srcset=\"https:\/\/www.profactor.at\/wp-content\/uploads\/2025\/09\/Waidhofer_closeup_2025_web-300x225.jpg 300w, https:\/\/www.profactor.at\/wp-content\/uploads\/2025\/09\/Waidhofer_closeup_2025_web-1024x768.jpg 1024w, https:\/\/www.profactor.at\/wp-content\/uploads\/2025\/09\/Waidhofer_closeup_2025_web-768x576.jpg 768w, https:\/\/www.profactor.at\/wp-content\/uploads\/2025\/09\/Waidhofer_closeup_2025_web-1536x1152.jpg 1536w, https:\/\/www.profactor.at\/wp-content\/uploads\/2025\/09\/Waidhofer_closeup_2025_web.jpg 2048w\" sizes=\"auto, (max-width: 300px) 100vw, 300px\" \/><\/a><strong>Karin Waidhofer<\/strong><\/p>\n<p>Head of\u00a0 Human Resources<\/p>\n<p>Tel.: +43 (0)7252 885-118<br \/>\n<a href=\"mailto:&#x6b;&#x61;&#x72;&#x69;&#x6e;&#x2e;&#x77;&#x61;&#x69;&#x64;&#x68;&#x6f;&#x66;&#x65;&#x72;&#x40;&#x70;&#x72;&#x6f;&#x66;&#x61;&#x63;&#x74;&#x6f;&#x72;&#x2e;&#x61;&#x74;\">E-Mail<\/a><\/td>\n<\/tr>\n<tr>\n<td width=\"302\"><strong>\u00a0<\/strong><\/td>\n<td width=\"302\"><strong>\u00a0<\/strong><\/td>\n<\/tr>\n<tr>\n<td width=\"302\"><strong>\u00a0<\/strong><\/p>\n<p>&nbsp;<\/td>\n<td width=\"302\"><strong><a href=\"https:\/\/www.profactor.at\/wp-content\/uploads\/2025\/09\/Schlager_closeup_2025_web.jpg\"><img loading=\"lazy\" decoding=\"async\" class=\"alignleft wp-image-26466 size-medium\" src=\"https:\/\/www.profactor.at\/wp-content\/uploads\/2025\/09\/Schlager_closeup_2025_web-300x225.jpg\" alt=\"\" width=\"300\" height=\"225\" srcset=\"https:\/\/www.profactor.at\/wp-content\/uploads\/2025\/09\/Schlager_closeup_2025_web-300x225.jpg 300w, https:\/\/www.profactor.at\/wp-content\/uploads\/2025\/09\/Schlager_closeup_2025_web-1024x768.jpg 1024w, https:\/\/www.profactor.at\/wp-content\/uploads\/2025\/09\/Schlager_closeup_2025_web-768x576.jpg 768w, https:\/\/www.profactor.at\/wp-content\/uploads\/2025\/09\/Schlager_closeup_2025_web-1536x1152.jpg 1536w, https:\/\/www.profactor.at\/wp-content\/uploads\/2025\/09\/Schlager_closeup_2025_web.jpg 2048w\" sizes=\"auto, (max-width: 300px) 100vw, 300px\" \/><\/a><strong>Martin Schlager<\/strong><\/strong><\/p>\n<p>Head of IT<br \/>\n<a href=\"mailto:&#x6d;&#x61;&#x72;&#x74;&#x69;&#x6e;&#x2e;&#x73;&#x63;&#x68;&#x6c;&#x61;&#x67;&#x65;&#x72;&#x40;&#x70;&#x72;&#x6f;&#x66;&#x61;&#x63;&#x74;&#x6f;&#x72;&#x2e;&#x61;&#x74;\">E-Mail<\/a><\/td>\n<\/tr>\n<\/tbody>\n<\/table>\n<p>[\/vc_column_text][\/vc_column][\/vc_row][vc_row][vc_column][vc_column_text el_class=&#8221;overview-subpages&#8221;]<div class=\"row\"><\/div>[\/vc_column_text][\/vc_column][\/vc_row]<\/p>\n<div class=\"shariff shariff-align-flex-start shariff-widget-align-flex-start\"><ul class=\"shariff-buttons theme-round orientation-horizontal buttonsize-medium\"><li class=\"shariff-button linkedin shariff-nocustomcolor\" style=\"background-color:#1488bf\"><a href=\"https:\/\/www.linkedin.com\/sharing\/share-offsite\/?url=https%3A%2F%2Fwww.profactor.at%2Fen%2Fabout-us%2Fteam%2F\" title=\"Bei LinkedIn teilen\" aria-label=\"Bei LinkedIn teilen\" role=\"button\" rel=\"noopener nofollow\" class=\"shariff-link\" style=\"; background-color:#0077b5; color:#fff\" target=\"_blank\"><span class=\"shariff-icon\" style=\"\"><svg width=\"32px\" height=\"20px\" xmlns=\"http:\/\/www.w3.org\/2000\/svg\" viewBox=\"0 0 27 32\"><path fill=\"#0077b5\" d=\"M6.2 11.2v17.7h-5.9v-17.7h5.9zM6.6 5.7q0 1.3-0.9 2.2t-2.4 0.9h0q-1.5 0-2.4-0.9t-0.9-2.2 0.9-2.2 2.4-0.9 2.4 0.9 0.9 2.2zM27.4 18.7v10.1h-5.9v-9.5q0-1.9-0.7-2.9t-2.3-1.1q-1.1 0-1.9 0.6t-1.2 1.5q-0.2 0.5-0.2 1.4v9.9h-5.9q0-7.1 0-11.6t0-5.3l0-0.9h5.9v2.6h0q0.4-0.6 0.7-1t1-0.9 1.6-0.8 2-0.3q3 0 4.9 2t1.9 6z\"\/><\/svg><\/span><\/a><\/li><\/ul><\/div><\/div>","protected":false},"excerpt":{"rendered":"<p>[vc_row][vc_column][\/vc_column][\/vc_row][vc_row][vc_column][vc_column_text][\/vc_column_text][vc_column_text] Das PROFACTOR Team steht Ihnen f\u00fcr Fragen, W\u00fcnsche und Anregungen zur Verf\u00fcgung. [\/vc_column_text][vc_column_text css=&#8221;&#8221;] Management Dr. Christoph Breitschopf Chief Executive Officer Tel.: +43 (0)7252 885-0 E-Mail DI Dr. Andreas Pichler Chief Technology Officer Head of Robotic and Automation Systems Tel.: +43 (0)7252 885-306 E-Mail \u00a0 &nbsp; [\/vc_column_text][vc_column_text css=&#8221;&#8221;] Departments DI Dr. Christian Eitzinger Head &hellip;<\/p>\n","protected":false},"author":1,"featured_media":3505,"parent":455,"menu_order":20,"comment_status":"closed","ping_status":"closed","template":"","meta":{"footnotes":""},"categories":[51],"tags":[],"class_list":["post-459","page","type-page","status-publish","has-post-thumbnail","hentry","category-about-us"],"_links":{"self":[{"href":"https:\/\/www.profactor.at\/en\/wp-json\/wp\/v2\/pages\/459","targetHints":{"allow":["GET"]}}],"collection":[{"href":"https:\/\/www.profactor.at\/en\/wp-json\/wp\/v2\/pages"}],"about":[{"href":"https:\/\/www.profactor.at\/en\/wp-json\/wp\/v2\/types\/page"}],"author":[{"embeddable":true,"href":"https:\/\/www.profactor.at\/en\/wp-json\/wp\/v2\/users\/1"}],"replies":[{"embeddable":true,"href":"https:\/\/www.profactor.at\/en\/wp-json\/wp\/v2\/comments?post=459"}],"version-history":[{"count":76,"href":"https:\/\/www.profactor.at\/en\/wp-json\/wp\/v2\/pages\/459\/revisions"}],"predecessor-version":[{"id":68232,"href":"https:\/\/www.profactor.at\/en\/wp-json\/wp\/v2\/pages\/459\/revisions\/68232"}],"up":[{"embeddable":true,"href":"https:\/\/www.profactor.at\/en\/wp-json\/wp\/v2\/pages\/455"}],"wp:featuredmedia":[{"embeddable":true,"href":"https:\/\/www.profactor.at\/en\/wp-json\/wp\/v2\/media\/3505"}],"wp:attachment":[{"href":"https:\/\/www.profactor.at\/en\/wp-json\/wp\/v2\/media?parent=459"}],"wp:term":[{"taxonomy":"category","embeddable":true,"href":"https:\/\/www.profactor.at\/en\/wp-json\/wp\/v2\/categories?post=459"},{"taxonomy":"post_tag","embeddable":true,"href":"https:\/\/www.profactor.at\/en\/wp-json\/wp\/v2\/tags?post=459"}],"curies":[{"name":"wp","href":"https:\/\/api.w.org\/{rel}","templated":true}]}}