{"id":455,"date":"2016-07-22T14:04:39","date_gmt":"2016-07-22T14:04:39","guid":{"rendered":"http:\/\/www.profactor.at\/en\/?page_id=455"},"modified":"2019-02-22T07:33:24","modified_gmt":"2019-02-22T07:33:24","slug":"about-us","status":"publish","type":"page","link":"https:\/\/www.profactor.at\/en\/about-us\/","title":{"rendered":"About us"},"content":{"rendered":"<div class=\"wpb-content-wrapper\"><p>[vc_row][vc_column width=&#8221;3\/4&#8243;][vc_column_text]<div class=\"overview-image-wrapper\"><div class=\"img\" style=\"background-image:url(https:\/\/www.profactor.at\/wp-content\/uploads\/2016\/07\/01_PROFACTOR_MitarbeiterInnen_web.jpg);\"\/><\/div><div class=\"overview-caption\"><\/div><\/div>[\/vc_column_text][\/vc_column][vc_column width=&#8221;1\/4&#8243; el_class=&#8221;page-static-sidebar&#8221;][vc_column_text el_class=&#8221;reference-person&#8221;]<\/p>\n<div class=\"img-wrapper\">\n<p><img loading=\"lazy\" decoding=\"async\" class=\"alignnone wp-image-8431 size-full\" src=\"https:\/\/www.profactor.at\/wp-content\/uploads\/2016\/07\/cbreit_web2.jpg\" alt=\"\" width=\"300\" height=\"261\" \/><\/p>\n<\/div>\n<div class=\"reference\">\n<h4>Your contact<\/h4>\n<p><strong>Dr. Christoph Breitschopf<\/strong><br \/>\nCEO<\/p>\n<p>+43 72 52 885 0<br \/>\n&#x63;&#x68;&#x72;&#x69;&#x73;&#x74;&#x6f;&#x70;&#x68;&#x2e;&#x62;&#x72;&#x65;&#x69;&#x74;&#x73;&#x63;&#x68;&#x6f;&#x70;&#x66;&#x40;<span class=\"oe_displaynone\">null<\/span>&#x70;&#x72;&#x6f;&#x66;&#x61;&#x63;&#x74;&#x6f;&#x72;&#x2e;&#x61;&#x74;<\/p>\n<\/div>\n<p>[\/vc_column_text][\/vc_column][\/vc_row][vc_row][vc_column][vc_column_text el_class=&#8221;overview-description&#8221;]PROFACTOR is an applied research company with headquarters in Steyr and Vienna. The company conducts applied production research in the field of industrial assistive systems and additive micro\/nano manufacturing.<\/p>\n<p>PROFACTOR acts as an interface between <b>science<\/b> and <b>business<\/b>. In more than <b>1,700 projects<\/b>, we have demonstrated what can be created with applied production research: <b>Innovation<\/b>.\u00a0 We enable you to be a step ahead and work to ensure Europe\u2019s continued industrial prosperity.<\/p>\n<p>More than 400 customers have trusted us so far \u2013 from small businesses to enterprises.<\/p>\n<p>Our team consists of 75 employees from 15 academic fields. They work across disciplines to find solutions for the manufacturing industry. We set standards in robotics, image processing, simulation, and functional surfaces and nanostructures.<\/p>\n<p>The Society to promote the modernization of production technologies in Austria (Vereinigung zur F\u00f6rderung der Modernisierung der Produktionstechnologie in \u00d6sterreich or VPT\u00d6 for short) fouded PROFACTOR in 1995. Since 2014, the <a href=\"http:\/\/www.uar.at\" target=\"_blank\" rel=\"noopener\">Upper Austrian Research (UAR)<\/a> has taken over 49 percent of the shares of PROFACTOR GMBH.\u00a0Since June 2018, the<a href=\"https:\/\/www.ait.ac.at\" target=\"_blank\" rel=\"noopener\"> AIT Austrian Institute of Technology<\/a> has owned 51 percent of PRFOACTOR GmbH.[\/vc_column_text][\/vc_column][\/vc_row][vc_row][vc_column][vc_column_text el_class=&#8221;overview-subpages&#8221;]<div class=\"row\">\n            <div class=\"col-md-6 subpage-item\">\n                <h4><a href=\"https:\/\/www.profactor.at\/en\/about-us\/mission-and-values\/\">Mission and Values<\/a><\/h4>\n                <a href=\"https:\/\/www.profactor.at\/en\/about-us\/mission-and-values\/\"><div class=\"img-wrapper\" style=\"background-image:url(https:\/\/www.profactor.at\/wp-content\/uploads\/2016\/07\/02_werte_web.jpg);\"><\/div><\/a>\n                <div class=\"description-wrapper\">Mission PROFACTOR researches for\u00a0the competitiveness of the European Industry. Our technological developments strive for efficiency and sustainability, and work to benefit society. &nbsp; We are pioneers of\u00a0the thinking production. We bring production back home. We join forces and streng ...<\/div>\n            <\/div>\n        \n            <div class=\"col-md-6 subpage-item\">\n                <h4><a href=\"https:\/\/www.profactor.at\/en\/about-us\/team\/\">Team<\/a><\/h4>\n                <a href=\"https:\/\/www.profactor.at\/en\/about-us\/team\/\"><div class=\"img-wrapper\" style=\"background-image:url(https:\/\/www.profactor.at\/wp-content\/uploads\/2016\/07\/03_PROFACTOR_MitarbeiterInnen_web_v2.jpg);\"><\/div><\/a>\n                <div class=\"description-wrapper\">Das PROFACTOR Team steht Ihnen f\u00fcr Fragen, W\u00fcnsche und Anregungen zur Verf\u00fcgung. Management Dr. Christoph Breitschopf Chief Executive Officer Tel.: +43 (0)7252 885-0 E-Mail DI Dr. Andreas Pichler Chief Technology Officer Head of Robotic and Automation Systems Tel.: +43 (0)7252 885-306 E ...<\/div>\n            <\/div>\n        \n            <div class=\"col-md-6 subpage-item\">\n                <h4><a href=\"https:\/\/www.profactor.at\/en\/about-us\/facts-and-figures\/\">Facts and Figures<\/a><\/h4>\n                <a href=\"https:\/\/www.profactor.at\/en\/about-us\/facts-and-figures\/\"><div class=\"img-wrapper\" style=\"background-image:url(https:\/\/www.profactor.at\/wp-content\/uploads\/2016\/07\/01_zahlen.jpg);\"><\/div><\/a>\n                <div class=\"description-wrapper\">Your contact Dr. Christoph Breitschopf CEO +43 72 52 885 0 &#x63;&#x68;&#x72;&#x69;&#x73;&#x74;&#x6f;&#x70;&#x68;&#x2e;&#x62;&#x72;&#x65;&#x69;&#x74;&#x73;&#x63;&#x68;&#x6f;&#x70;&#x66;&#x40;<span class=\"oe_displaynone\">null<\/span>&#x70;&#x72;&#x6f;&#x66;&#x61;&#x63;&#x74;&#x6f;&#x72;&#x2e;&#x61;&#x74; We answer... ... your questions<\/div>\n            <\/div>\n        \n            <div class=\"col-md-6 subpage-item\">\n                <h4><a href=\"https:\/\/www.profactor.at\/en\/about-us\/customers\/\">Customers<\/a><\/h4>\n                <a href=\"https:\/\/www.profactor.at\/en\/about-us\/customers\/\"><div class=\"img-wrapper\" style=\"background-image:url(https:\/\/www.profactor.at\/wp-content\/uploads\/2016\/07\/01_partner_web.jpg);\"><\/div><\/a>\n                <div class=\"description-wrapper\">In more than 1,700 projects, we have demonstrated what can be created with applied production research: Innovation.\u00a0 We enable you to be a step ahead and work to ensure Europe\u2019s continued industrial prosperity. More than 400 customers have trusted us so far \u2013 from small businesses to  ...<\/div>\n            <\/div>\n        \n            <div class=\"col-md-6 subpage-item\">\n                <h4><a href=\"https:\/\/www.profactor.at\/en\/about-us\/news\/\">News<\/a><\/h4>\n                <a href=\"https:\/\/www.profactor.at\/en\/about-us\/news\/\"><div class=\"img-wrapper\" style=\"background-image:url(https:\/\/www.profactor.at\/wp-content\/uploads\/2016\/07\/01_news_web.jpg);\"><\/div><\/a>\n                <div class=\"description-wrapper\">Here you can find news, current reports and highlights about PROFACTOR. The information is only available in German, please don't hestitate to contact the corporate communication department for any question or information needed.<\/div>\n            <\/div>\n        \n            <div class=\"col-md-6 subpage-item\">\n                <h4><a href=\"https:\/\/www.profactor.at\/en\/about-us\/downloads\/\">Downloads<\/a><\/h4>\n                <a href=\"https:\/\/www.profactor.at\/en\/about-us\/downloads\/\"><div class=\"img-wrapper\" style=\"background-image:url(https:\/\/www.profactor.at\/wp-content\/uploads\/2016\/07\/01_downloads_web.jpg);\"><\/div><\/a>\n                <div class=\"description-wrapper\">Our Solutions Surface Inspection of Metal Parts - Image-based inspection with minimal pseudo-error rate Oberfl\u00e4cheninspektion von Metallteilen - Bildbasierte Inspektion mit minimaler Pseudo-Fehlerrate (German) Surface Inspection of Fiber Reinforced Composites - Machine Vision for Advanced ...<\/div>\n            <\/div>\n        <\/div>[\/vc_column_text][\/vc_column][\/vc_row]<\/p>\n<div class=\"shariff shariff-align-flex-start shariff-widget-align-flex-start\"><ul class=\"shariff-buttons theme-round orientation-horizontal buttonsize-medium\"><li class=\"shariff-button linkedin shariff-nocustomcolor\" style=\"background-color:#1488bf\"><a href=\"https:\/\/www.linkedin.com\/sharing\/share-offsite\/?url=https%3A%2F%2Fwww.profactor.at%2Fen%2Fabout-us%2F\" title=\"Bei LinkedIn teilen\" aria-label=\"Bei LinkedIn teilen\" role=\"button\" rel=\"noopener nofollow\" class=\"shariff-link\" style=\"; background-color:#0077b5; color:#fff\" target=\"_blank\"><span class=\"shariff-icon\" style=\"\"><svg width=\"32px\" height=\"20px\" xmlns=\"http:\/\/www.w3.org\/2000\/svg\" viewBox=\"0 0 27 32\"><path fill=\"#0077b5\" d=\"M6.2 11.2v17.7h-5.9v-17.7h5.9zM6.6 5.7q0 1.3-0.9 2.2t-2.4 0.9h0q-1.5 0-2.4-0.9t-0.9-2.2 0.9-2.2 2.4-0.9 2.4 0.9 0.9 2.2zM27.4 18.7v10.1h-5.9v-9.5q0-1.9-0.7-2.9t-2.3-1.1q-1.1 0-1.9 0.6t-1.2 1.5q-0.2 0.5-0.2 1.4v9.9h-5.9q0-7.1 0-11.6t0-5.3l0-0.9h5.9v2.6h0q0.4-0.6 0.7-1t1-0.9 1.6-0.8 2-0.3q3 0 4.9 2t1.9 6z\"\/><\/svg><\/span><\/a><\/li><\/ul><\/div><\/div>","protected":false},"excerpt":{"rendered":"<p>[vc_row][vc_column width=&#8221;3\/4&#8243;][vc_column_text][\/vc_column_text][\/vc_column][vc_column width=&#8221;1\/4&#8243; el_class=&#8221;page-static-sidebar&#8221;][vc_column_text el_class=&#8221;reference-person&#8221;] Your contact Dr. Christoph Breitschopf CEO +43 72 52 885 0 &#x63;&#x68;&#x72;&#x69;&#x73;&#x74;&#x6f;&#x70;&#x68;&#x2e;&#x62;&#x72;&#x65;&#x69;&#x74;&#x73;&#x63;&#x68;&#x6f;&#x70;&#x66;&#x40;null&#x70;&#x72;&#x6f;&#x66;&#x61;&#x63;&#x74;&#x6f;&#x72;&#x2e;&#x61;&#x74; [\/vc_column_text][\/vc_column][\/vc_row][vc_row][vc_column][vc_column_text el_class=&#8221;overview-description&#8221;]PROFACTOR is an applied research company with headquarters in Steyr and Vienna. The company conducts applied production research in the field of industrial assistive systems and additive micro\/nano manufacturing. PROFACTOR acts as an interface between science and &hellip;<\/p>\n","protected":false},"author":1,"featured_media":3184,"parent":0,"menu_order":50,"comment_status":"closed","ping_status":"closed","template":"","meta":{"footnotes":""},"categories":[],"tags":[],"class_list":["post-455","page","type-page","status-publish","has-post-thumbnail","hentry"],"_links":{"self":[{"href":"https:\/\/www.profactor.at\/en\/wp-json\/wp\/v2\/pages\/455","targetHints":{"allow":["GET"]}}],"collection":[{"href":"https:\/\/www.profactor.at\/en\/wp-json\/wp\/v2\/pages"}],"about":[{"href":"https:\/\/www.profactor.at\/en\/wp-json\/wp\/v2\/types\/page"}],"author":[{"embeddable":true,"href":"https:\/\/www.profactor.at\/en\/wp-json\/wp\/v2\/users\/1"}],"replies":[{"embeddable":true,"href":"https:\/\/www.profactor.at\/en\/wp-json\/wp\/v2\/comments?post=455"}],"version-history":[{"count":15,"href":"https:\/\/www.profactor.at\/en\/wp-json\/wp\/v2\/pages\/455\/revisions"}],"predecessor-version":[{"id":10058,"href":"https:\/\/www.profactor.at\/en\/wp-json\/wp\/v2\/pages\/455\/revisions\/10058"}],"wp:featuredmedia":[{"embeddable":true,"href":"https:\/\/www.profactor.at\/en\/wp-json\/wp\/v2\/media\/3184"}],"wp:attachment":[{"href":"https:\/\/www.profactor.at\/en\/wp-json\/wp\/v2\/media?parent=455"}],"wp:term":[{"taxonomy":"category","embeddable":true,"href":"https:\/\/www.profactor.at\/en\/wp-json\/wp\/v2\/categories?post=455"},{"taxonomy":"post_tag","embeddable":true,"href":"https:\/\/www.profactor.at\/en\/wp-json\/wp\/v2\/tags?post=455"}],"curies":[{"name":"wp","href":"https:\/\/api.w.org\/{rel}","templated":true}]}}