{"id":441,"date":"2016-07-22T13:58:00","date_gmt":"2016-07-22T13:58:00","guid":{"rendered":"http:\/\/www.profactor.at\/en\/?page_id=441"},"modified":"2026-03-23T17:45:04","modified_gmt":"2026-03-23T16:45:04","slug":"people","status":"publish","type":"page","link":"https:\/\/www.profactor.at\/en\/people\/","title":{"rendered":"People"},"content":{"rendered":"<div class=\"wpb-content-wrapper\"><p>[vc_row][vc_column width=&#8221;3\/4&#8243;][vc_column_text]<div class=\"overview-image-wrapper\"><div class=\"img\" style=\"background-image:url(https:\/\/www.profactor.at\/wp-content\/uploads\/2016\/07\/01_idealab_mitPersonen_web2.jpg);\"\/><\/div><div class=\"overview-caption\"><\/div><\/div>[\/vc_column_text][\/vc_column][vc_column width=&#8221;1\/4&#8243; el_class=&#8221;page-static-sidebar&#8221;][vc_column_text el_class=&#8221;reference-person&#8221;]<\/p>\n<div class=\"img-wrapper\">\n<p><img loading=\"lazy\" decoding=\"async\" class=\"alignnone wp-image-8431 size-full\" src=\"https:\/\/www.profactor.at\/wp-content\/uploads\/2016\/07\/cbreit_web2.jpg\" alt=\"\" width=\"300\" height=\"261\" \/><\/p>\n<\/div>\n<div class=\"reference\">\n<h4>Ihr Ansprechpartner<\/h4>\n<p><strong>Dr. Christoph Breitschopf<\/strong><br \/>\nCEO<\/p>\n<p>+43 72 52 885 0<br \/>\n&#x63;&#x68;&#x72;&#x69;&#x73;&#x74;&#x6f;&#x70;&#x68;&#x2e;&#x62;&#x72;&#x65;&#x69;&#x74;&#x73;&#x63;&#x68;&#x6f;&#x70;&#x66;&#x40;<span class=\"oe_displaynone\">null<\/span>&#x70;&#x72;&#x6f;&#x66;&#x61;&#x63;&#x74;&#x6f;&#x72;&#x2e;&#x61;&#x74;<\/p>\n<\/div>\n<p>[\/vc_column_text][\/vc_column][\/vc_row][vc_row][vc_column][vc_column_text el_class=&#8221;overview-description&#8221;]<\/p>\n<h3>Wir treiben Innovationen voran<\/h3>\n<p>PROFACTOR \u00a0gestaltet die Fabrik der Zukunft. Die neue Generation von Robotern, Bildverarbeitung in Echtzeit und funktionelle Oberfl\u00e4chen f\u00fcr die Produktwelt von morgen &#8211; das sind die Themen, in denen wir Standards setzen.<\/p>\n<h3>Wir suchen Querdenker<\/h3>\n<p>Innovationen f\u00fcr die Industrie werden von den besten K\u00f6pfen gemacht. PROFACTOR setzt auf Querdenker, die ihr Engagement an der Schnittstelle von Industrie und Wissenschaft einbringen.<\/p>\n<h3>Wir setzen auf Werte<\/h3>\n<p>Unsere Mission ist klar: Forschung schafft einen Vorteil im Wettbewerb. Unsere technologischen Entwicklungen erfolgen unter der Pr\u00e4misse Ressourceneffizienz. Und: Sie geschehen zum Nutzen der Gesellschaft.<\/p>\n<h3>Wir bieten attraktive Arbeitspl\u00e4tze<\/h3>\n<p>Wir sind stolz auf eine wertsch\u00e4tzende Unternehmenskultur. Flexible Arbeitszeitmodelle und Fortbildungsm\u00f6glichkeiten machen uns als Arbeitgeber attraktiv. PROFACTOR wird von seinen Mitarbeitern \u00fcberdurchschnittlich gut bewertet.<\/p>\n<h3>Wir sind interdisziplin\u00e4r<\/h3>\n<p>Die Akademikerquote unserer 75 Mitarbeiter\/innen liegt bei mehr als 80 Prozent. Fast alle naturwissenschaftlichen und technischen F\u00e4cher sind bei uns vertreten und willkommen. Interdisziplin\u00e4re Zusammenarbeit ist ein Faktor unseres Erfolgs.[\/vc_column_text][\/vc_column][\/vc_row][vc_row][vc_column][vc_column_text el_class=&#8221;overview-subpages&#8221;]<div class=\"row\">\n            <div class=\"col-md-6 subpage-item\">\n                <h4><a href=\"https:\/\/www.profactor.at\/en\/people\/profactorianer\/\">PROFACTORIANER<\/a><\/h4>\n                <a href=\"https:\/\/www.profactor.at\/en\/people\/profactorianer\/\"><div class=\"img-wrapper\" style=\"background-image:url(https:\/\/www.profactor.at\/wp-content\/uploads\/2016\/07\/PROFACTORIANER_web_03.jpg);\"><\/div><\/a>\n                <div class=\"description-wrapper\">PROFACTOR ein Platz f\u00fcr Querdenker Innovationen f\u00fcr die Industrie werden von den besten K\u00f6pfen gemacht. PROFACTOR setzt auf Querdenker, die ihr Engagement an der Schnittstelle von Industrie und Wissenschaft einbringen. Wir gestalten die Fabrik der Zukunft mit. Bereits w\u00e4hrend der Ausbi ...<\/div>\n            <\/div>\n        \n            <div class=\"col-md-6 subpage-item\">\n                <h4><a href=\"https:\/\/www.profactor.at\/en\/people\/jobs\/\">Jobs<\/a><\/h4>\n                <a href=\"https:\/\/www.profactor.at\/en\/people\/jobs\/\"><div class=\"img-wrapper\" style=\"background-image:url(https:\/\/www.profactor.at\/wp-content\/uploads\/2019\/07\/PROFACTOR_Mitarbeit_web.jpg);\"><\/div><\/a>\n                <div class=\"description-wrapper\">Recognizing and promoting staff achievement is a firmly anchored part of our business culture. Irrespective of gender, no matter whether you are technically or commercially minded , we respect the individuality of every member of our staff and support their development. The contribution th ...<\/div>\n            <\/div>\n        \n            <div class=\"col-md-6 subpage-item\">\n                <h4><a href=\"https:\/\/www.profactor.at\/en\/people\/theses-internships\/\">Theses & Internships<\/a><\/h4>\n                <a href=\"https:\/\/www.profactor.at\/en\/people\/theses-internships\/\"><div class=\"img-wrapper\" style=\"background-image:url(https:\/\/www.profactor.at\/wp-content\/uploads\/2016\/07\/Bachelor_Master_PROFACTOR_WEB.jpg);\"><\/div><\/a>\n                <div class=\"description-wrapper\">The best training is still found in doing it yourself. Cyril Northcote Parkinson When learning and practicing are also fun, then progress and success are pre-programmed.\u00a0Are you looking for more knowledge and a place to put theory into practice? Then send us your CV. Do you already have a ...<\/div>\n            <\/div>\n        \n            <div class=\"col-md-6 subpage-item\">\n                <h4><a href=\"https:\/\/www.profactor.at\/en\/people\/dissertations\/\">Dissertations<\/a><\/h4>\n                <a href=\"https:\/\/www.profactor.at\/en\/people\/dissertations\/\"><div class=\"img-wrapper\" style=\"background-image:url(https:\/\/www.profactor.at\/wp-content\/uploads\/2016\/07\/Dissertation.jpg);\"><\/div><\/a>\n                <div class=\"description-wrapper\">Experience is the mother of science. German saying Would you like to experience something new and forge innovation? Then send us your CV. Do you have ideas for your dissertation? Then let us know. We are looking forward to getting to know you! Simply apply online Become a member of our suc ...<\/div>\n            <\/div>\n        <\/div>[\/vc_column_text][\/vc_column][\/vc_row]<\/p>\n<div class=\"shariff shariff-align-flex-start shariff-widget-align-flex-start\"><ul class=\"shariff-buttons theme-round orientation-horizontal buttonsize-medium\"><li class=\"shariff-button linkedin shariff-nocustomcolor\" style=\"background-color:#1488bf\"><a href=\"https:\/\/www.linkedin.com\/sharing\/share-offsite\/?url=https%3A%2F%2Fwww.profactor.at%2Fen%2Fpeople%2F\" title=\"Bei LinkedIn teilen\" aria-label=\"Bei LinkedIn teilen\" role=\"button\" rel=\"noopener nofollow\" class=\"shariff-link\" style=\"; background-color:#0077b5; color:#fff\" target=\"_blank\"><span class=\"shariff-icon\" style=\"\"><svg width=\"32px\" height=\"20px\" xmlns=\"http:\/\/www.w3.org\/2000\/svg\" viewBox=\"0 0 27 32\"><path fill=\"#0077b5\" d=\"M6.2 11.2v17.7h-5.9v-17.7h5.9zM6.6 5.7q0 1.3-0.9 2.2t-2.4 0.9h0q-1.5 0-2.4-0.9t-0.9-2.2 0.9-2.2 2.4-0.9 2.4 0.9 0.9 2.2zM27.4 18.7v10.1h-5.9v-9.5q0-1.9-0.7-2.9t-2.3-1.1q-1.1 0-1.9 0.6t-1.2 1.5q-0.2 0.5-0.2 1.4v9.9h-5.9q0-7.1 0-11.6t0-5.3l0-0.9h5.9v2.6h0q0.4-0.6 0.7-1t1-0.9 1.6-0.8 2-0.3q3 0 4.9 2t1.9 6z\"\/><\/svg><\/span><\/a><\/li><\/ul><\/div><\/div>","protected":false},"excerpt":{"rendered":"<p>[vc_row][vc_column width=&#8221;3\/4&#8243;][vc_column_text][\/vc_column_text][\/vc_column][vc_column width=&#8221;1\/4&#8243; el_class=&#8221;page-static-sidebar&#8221;][vc_column_text el_class=&#8221;reference-person&#8221;] Ihr Ansprechpartner Dr. Christoph Breitschopf CEO +43 72 52 885 0 &#x63;&#x68;&#x72;&#x69;&#x73;&#x74;&#x6f;&#x70;&#x68;&#x2e;&#x62;&#x72;&#x65;&#x69;&#x74;&#x73;&#x63;&#x68;&#x6f;&#x70;&#x66;&#x40;null&#x70;&#x72;&#x6f;&#x66;&#x61;&#x63;&#x74;&#x6f;&#x72;&#x2e;&#x61;&#x74; [\/vc_column_text][\/vc_column][\/vc_row][vc_row][vc_column][vc_column_text el_class=&#8221;overview-description&#8221;] Wir treiben Innovationen voran PROFACTOR \u00a0gestaltet die Fabrik der Zukunft. Die neue Generation von Robotern, Bildverarbeitung in Echtzeit und funktionelle Oberfl\u00e4chen f\u00fcr die Produktwelt von morgen &#8211; das sind die Themen, in denen wir Standards setzen. &hellip;<\/p>\n","protected":false},"author":1,"featured_media":8613,"parent":0,"menu_order":40,"comment_status":"closed","ping_status":"closed","template":"","meta":{"footnotes":""},"categories":[],"tags":[],"class_list":["post-441","page","type-page","status-publish","has-post-thumbnail","hentry"],"_links":{"self":[{"href":"https:\/\/www.profactor.at\/en\/wp-json\/wp\/v2\/pages\/441","targetHints":{"allow":["GET"]}}],"collection":[{"href":"https:\/\/www.profactor.at\/en\/wp-json\/wp\/v2\/pages"}],"about":[{"href":"https:\/\/www.profactor.at\/en\/wp-json\/wp\/v2\/types\/page"}],"author":[{"embeddable":true,"href":"https:\/\/www.profactor.at\/en\/wp-json\/wp\/v2\/users\/1"}],"replies":[{"embeddable":true,"href":"https:\/\/www.profactor.at\/en\/wp-json\/wp\/v2\/comments?post=441"}],"version-history":[{"count":10,"href":"https:\/\/www.profactor.at\/en\/wp-json\/wp\/v2\/pages\/441\/revisions"}],"predecessor-version":[{"id":68876,"href":"https:\/\/www.profactor.at\/en\/wp-json\/wp\/v2\/pages\/441\/revisions\/68876"}],"wp:featuredmedia":[{"embeddable":true,"href":"https:\/\/www.profactor.at\/en\/wp-json\/wp\/v2\/media\/8613"}],"wp:attachment":[{"href":"https:\/\/www.profactor.at\/en\/wp-json\/wp\/v2\/media?parent=441"}],"wp:term":[{"taxonomy":"category","embeddable":true,"href":"https:\/\/www.profactor.at\/en\/wp-json\/wp\/v2\/categories?post=441"},{"taxonomy":"post_tag","embeddable":true,"href":"https:\/\/www.profactor.at\/en\/wp-json\/wp\/v2\/tags?post=441"}],"curies":[{"name":"wp","href":"https:\/\/api.w.org\/{rel}","templated":true}]}}