{"id":32995,"date":"2025-11-18T15:25:35","date_gmt":"2025-11-18T14:25:35","guid":{"rendered":"https:\/\/www.profactor.at\/?page_id=32995"},"modified":"2026-01-27T09:56:27","modified_gmt":"2026-01-27T08:56:27","slug":"hr-mitarbeiterin-mit-schwerpunkt-personalverrechnung-m-w-d-teilzeit-ab-20-h-bis-vollzeit","status":"publish","type":"page","link":"https:\/\/www.profactor.at\/en\/hr-mitarbeiterin-mit-schwerpunkt-personalverrechnung-m-w-d-teilzeit-ab-20-h-bis-vollzeit\/","title":{"rendered":"HR-Mitarbeiter:in mit Schwerpunkt Personalverrechnung (m\/w\/d) (Teilzeit ab 20h bis 30h)"},"content":{"rendered":"<div class=\"wpb-content-wrapper\"><p>[vc_row][vc_column width=&#8221;3\/4&#8243;][vc_column_text css=&#8221;&#8221;]<strong>HR-Mitarbeiter:in mit Schwerpunkt Personalverrechnung (m\/w\/d) <\/strong><strong>(Teilzeit ab 20h bis 30h)<\/strong><\/p>\n<p>&nbsp;<\/p>\n<p>PROFACTOR ist ein Forschungs- und Technologieunternehmen mit Fokus auf industrielle Inspektion, robotische\/digitale Assistenz, Mikro\/Nanofertigung sowie digitale Drucktechnologien. Wir erforschen und entwickeln die Produktion der Zukunft. Unsere technologischen Entwicklungen optimieren die Produktion namhafter Industriepartner.<\/p>\n<p>F\u00fcr unsere HR-Abteilung suchen wir Sie als engagierte Pers\u00f6nlichkeit mit Freude an Zahlen, Organisationstalent und Lust, Prozesse aktiv mitzugestalten.<\/p>\n<p>&nbsp;<\/p>\n<h3>Ihre Aufgaben<\/h3>\n<ul>\n<li>Bei uns erwartet Sie ein breites Aufgabenfeld in der Lohnverrechnung \u2013 als Teil eines innovativen flexiblen Unternehmens das Forschung und Technologie lebt. Dabei arbeiten Sie im Team eng mit Kolleg:innen unterschiedlicher Bereiche zusammen<\/li>\n<li>Lohnverrechnung mit Verantwortung &#8211; Sie erstellen die laufende Abrechnung und sind die Schnittstelle zu K\u00f6rperschaften und Beh\u00f6rden<\/li>\n<li>F\u00fcr unsere Mitarbeiter:innen sind Sie die richtige Ansprechperson in arbeitsrechtlichen und steuerlichen Belangen und sorgen f\u00fcr korrekte Reiseabrechnungen unserer Forscher: innen nach ihren Projektreisen<\/li>\n<li>Daneben pflegen Sie unser Personalinformations- und Zeiterfassungssystem und pr\u00fcfen Arbeitszeitaufzeichnungen<\/li>\n<li>An Dienstvertr\u00e4gen und anderen Schriftst\u00fccken im Personalbereich wirken Sie mit bzw. erstellen diese abh\u00e4ngig von Ihren Kenntnissen, wobei wir Sie gerne auch entsprechend weiterentwickeln m\u00f6chten.<\/li>\n<li>Sie gestalten die HR- und Lohnverrechnungsprozesse unseres Bereiches von morgen mit, indem Sie mit uns Abl\u00e4ufe im BMD-System optimal abbilden und automatisieren<\/li>\n<\/ul>\n<p>&nbsp;<\/p>\n<h3>Ihre Qualifikationen<\/h3>\n<ul>\n<li>Abgeschlossene kaufm\u00e4nnische Ausbildung<\/li>\n<li>mind. 3 Jahre Berufserfahrung im Bereich Personalverrechnung und absolvierte Personalverrechnungspr\u00fcfung<\/li>\n<li>Gute Kenntnisse im Arbeits- u. Steuerrecht sowie MS Office (va. Excel)<\/li>\n<li>Solide Praxiserfahrung mit BMD NTCS<\/li>\n<li>Buchhaltungskenntnisse sind ein Plus<\/li>\n<li>Positionsad\u00e4quate sehr gute Deutsch- und Englischkenntnisse<\/li>\n<li>Sie arbeiten genau und selbstst\u00e4ndig, sch\u00e4tzen den Austausch im Team und m\u00f6chten in einer HR-Abteilung mitwirken, die flexible Arbeitszeitmodelle und Homeoffice-M\u00f6glichkeiten bietet.<\/li>\n<\/ul>\n<p>&nbsp;<\/p>\n<h3>Unsere Unternehmenskultur<\/h3>\n<p>PROFACTOR legt Wert auf einen wertsch\u00e4tzenden Umgang und ist stolz auf seine Unternehmenskultur. Flexibilit\u00e4t (nicht zuletzt in Form von Homeoffice, Arbeitszeitmodellen, etc.) ist bei PROFACTOR kein Schlagwort, sondern gelebte Unternehmenspraxis.<\/p>\n<p>&nbsp;<\/p>\n<h3>Benefits<\/h3>\n<h3><img decoding=\"async\" src=\"https:\/\/www.profactor.at\/wp-content\/uploads\/2017\/06\/Benefits_PROFACTOR_Mitarbeit.jpg\" \/><\/h3>\n<h3>Dienstort<\/h3>\n<p>Steyr<\/p>\n<p>&nbsp;<\/p>\n<h3>Unsere Mission<\/h3>\n<p>Wir forschen f\u00fcr die Wettbewerbsf\u00e4higkeit der europ\u00e4ischen Industrie. Wir sind Pioniere f\u00fcr die denkende Produktion. Wir bringen Produktion nach Hause.<\/p>\n<p>F\u00fcr die Position wird ein j\u00e4hrliches Mindestgehalt von 35.000,- \u20ac brutto auf Basis einer Vollzeitbesch\u00e4ftigung geboten (entsprechend aliquotiert auf die Teilzeitstunden). Bei entsprechender Qualifikation und Berufserfahrung besteht Bereitschaft zur \u00dcberbezahlung.<\/p>\n<p>Wir freuen uns auf Ihre Bewerbung bevorzugt\u00a0<a href=\"https:\/\/jobs.profactor.at\/jobs\/bmdweb2.dll\">online<\/a> \u2013 unter\u00a0<a href=\"http:\/\/www.profactor.at\">www.profactor.at<\/a> oder per E-Mail:\u00a0<a href=\"mailto:&#x70;&#x65;&#x72;&#x73;&#x6f;&#x6e;&#x61;&#x6c;&#x40;&#x70;&#x72;&#x6f;&#x66;&#x61;&#x63;&#x74;&#x6f;&#x72;&#x2e;&#x61;&#x74;\">&#x70;&#x65;&#x72;&#x73;&#x6f;&#x6e;&#x61;&#x6c;&#x40;<span class=\"oe_displaynone\">null<\/span>&#x70;&#x72;&#x6f;&#x66;&#x61;&#x63;&#x74;&#x6f;&#x72;&#x2e;&#x61;&#x74;<\/a><\/p>\n<p>&nbsp;<\/p>\n<p>Fragen? Melden Sie sich bei:<\/p>\n<p>Karin Waidhofer (Teamleitung Human Resources), +43 7252 885\u00a0218<\/p>\n<p>Mag. Alexandra Siegl (Human Resources Management) +43 7252 885 225[\/vc_column_text][\/vc_column][vc_column width=&#8221;1\/4&#8243; el_class=&#8221;page-sidebar page-reference-sidebar&#8221;][vc_column_text css=&#8221;&#8221; el_class=&#8221;reference-person&#8221;]<\/p>\n<div class=\"reference\">\n<h4><a href=\"https:\/\/www.profactor.at\/mitarbeit\/offene-stellen\/attachment\/siegl_causal_closeup\/\"><img loading=\"lazy\" decoding=\"async\" class=\"aligncenter wp-image-26575 size-medium\" src=\"https:\/\/www.profactor.at\/wp-content\/uploads\/2025\/09\/Siegl_causal_closeup-300x225.jpg\" alt=\"\" width=\"300\" height=\"225\" srcset=\"https:\/\/www.profactor.at\/wp-content\/uploads\/2025\/09\/Siegl_causal_closeup-300x225.jpg 300w, https:\/\/www.profactor.at\/wp-content\/uploads\/2025\/09\/Siegl_causal_closeup-1024x768.jpg 1024w, https:\/\/www.profactor.at\/wp-content\/uploads\/2025\/09\/Siegl_causal_closeup-768x576.jpg 768w, https:\/\/www.profactor.at\/wp-content\/uploads\/2025\/09\/Siegl_causal_closeup-1536x1152.jpg 1536w, https:\/\/www.profactor.at\/wp-content\/uploads\/2025\/09\/Siegl_causal_closeup-2048x1536.jpg 2048w\" sizes=\"auto, (max-width: 300px) 100vw, 300px\" \/><\/a><\/h4>\n<h4>Ihre Ansprechpartnerin<\/h4>\n<p><strong>Alexandra Siegl<\/strong><br \/>\nHuman Resources Management<\/p>\n<p>+43 72 52 885 &#8211; 225<br \/>\n<a href=\"mailto:&#x70;&#x65;&#x72;&#x73;&#x6f;&#x6e;&#x61;&#x6c;&#x40;&#x70;&#x72;&#x6f;&#x66;&#x61;&#x63;&#x74;&#x6f;&#x72;&#x2e;&#x61;&#x74;\">&#x70;&#x65;&#x72;&#x73;&#x6f;&#x6e;&#x61;&#x6c;&#x40;<span class=\"oe_displaynone\">null<\/span>&#x70;&#x72;&#x6f;&#x66;&#x61;&#x63;&#x74;&#x6f;&#x72;&#x2e;&#x61;&#x74;<\/a><\/p>\n<\/div>\n<p>[\/vc_column_text][vc_column_text css=&#8221;&#8221; el_class=&#8221;cta-area&#8221;]<a href=\"https:\/\/jobs.profactor.at\/jobs\/bmdweb2.dll\/STARTFUNC\/?func=MCS_FRMONLBEWWEB_CREATE&amp;job=553763594687994\">Jetzt online bewerben<\/a>[\/vc_column_text][\/vc_column][\/vc_row]<\/p>\n<div class=\"shariff shariff-align-flex-start shariff-widget-align-flex-start\"><ul class=\"shariff-buttons theme-round orientation-horizontal buttonsize-medium\"><li class=\"shariff-button linkedin shariff-nocustomcolor\" style=\"background-color:#1488bf\"><a href=\"https:\/\/www.linkedin.com\/sharing\/share-offsite\/?url=https%3A%2F%2Fwww.profactor.at%2Fen%2Fhr-mitarbeiterin-mit-schwerpunkt-personalverrechnung-m-w-d-teilzeit-ab-20-h-bis-vollzeit%2F\" title=\"Bei LinkedIn teilen\" aria-label=\"Bei LinkedIn teilen\" role=\"button\" rel=\"noopener nofollow\" class=\"shariff-link\" style=\"; background-color:#0077b5; color:#fff\" target=\"_blank\"><span class=\"shariff-icon\" style=\"\"><svg width=\"32px\" height=\"20px\" xmlns=\"http:\/\/www.w3.org\/2000\/svg\" viewBox=\"0 0 27 32\"><path fill=\"#0077b5\" d=\"M6.2 11.2v17.7h-5.9v-17.7h5.9zM6.6 5.7q0 1.3-0.9 2.2t-2.4 0.9h0q-1.5 0-2.4-0.9t-0.9-2.2 0.9-2.2 2.4-0.9 2.4 0.9 0.9 2.2zM27.4 18.7v10.1h-5.9v-9.5q0-1.9-0.7-2.9t-2.3-1.1q-1.1 0-1.9 0.6t-1.2 1.5q-0.2 0.5-0.2 1.4v9.9h-5.9q0-7.1 0-11.6t0-5.3l0-0.9h5.9v2.6h0q0.4-0.6 0.7-1t1-0.9 1.6-0.8 2-0.3q3 0 4.9 2t1.9 6z\"\/><\/svg><\/span><\/a><\/li><\/ul><\/div><\/div>","protected":false},"excerpt":{"rendered":"<p>[vc_row][vc_column width=&#8221;3\/4&#8243;][vc_column_text css=&#8221;&#8221;]HR-Mitarbeiter:in mit Schwerpunkt Personalverrechnung (m\/w\/d) (Teilzeit ab 20h bis 30h) &nbsp; PROFACTOR ist ein Forschungs- und Technologieunternehmen mit Fokus auf industrielle Inspektion, robotische\/digitale Assistenz, Mikro\/Nanofertigung sowie digitale Drucktechnologien. Wir erforschen und entwickeln die Produktion der Zukunft. Unsere technologischen Entwicklungen optimieren die Produktion namhafter Industriepartner. F\u00fcr unsere HR-Abteilung suchen wir Sie als engagierte Pers\u00f6nlichkeit &hellip;<\/p>\n","protected":false},"author":24,"featured_media":0,"parent":0,"menu_order":1,"comment_status":"closed","ping_status":"closed","template":"","meta":{"footnotes":""},"categories":[],"tags":[],"class_list":["post-32995","page","type-page","status-publish","hentry"],"_links":{"self":[{"href":"https:\/\/www.profactor.at\/en\/wp-json\/wp\/v2\/pages\/32995","targetHints":{"allow":["GET"]}}],"collection":[{"href":"https:\/\/www.profactor.at\/en\/wp-json\/wp\/v2\/pages"}],"about":[{"href":"https:\/\/www.profactor.at\/en\/wp-json\/wp\/v2\/types\/page"}],"author":[{"embeddable":true,"href":"https:\/\/www.profactor.at\/en\/wp-json\/wp\/v2\/users\/24"}],"replies":[{"embeddable":true,"href":"https:\/\/www.profactor.at\/en\/wp-json\/wp\/v2\/comments?post=32995"}],"version-history":[{"count":4,"href":"https:\/\/www.profactor.at\/en\/wp-json\/wp\/v2\/pages\/32995\/revisions"}],"predecessor-version":[{"id":57108,"href":"https:\/\/www.profactor.at\/en\/wp-json\/wp\/v2\/pages\/32995\/revisions\/57108"}],"wp:attachment":[{"href":"https:\/\/www.profactor.at\/en\/wp-json\/wp\/v2\/media?parent=32995"}],"wp:term":[{"taxonomy":"category","embeddable":true,"href":"https:\/\/www.profactor.at\/en\/wp-json\/wp\/v2\/categories?post=32995"},{"taxonomy":"post_tag","embeddable":true,"href":"https:\/\/www.profactor.at\/en\/wp-json\/wp\/v2\/tags?post=32995"}],"curies":[{"name":"wp","href":"https:\/\/api.w.org\/{rel}","templated":true}]}}