{"id":16852,"date":"2023-08-30T13:07:03","date_gmt":"2023-08-30T12:07:03","guid":{"rendered":"https:\/\/www.profactor.at\/?page_id=16852"},"modified":"2023-09-18T09:12:52","modified_gmt":"2023-09-18T08:12:52","slug":"projects-archive","status":"publish","type":"page","link":"https:\/\/www.profactor.at\/en\/research\/industrial-automation-systems\/non-destructive-inspection\/projects-archive\/","title":{"rendered":"Projects Archive"},"content":{"rendered":"<h2>Non-destructive Inspection<\/h2>\n<div class='projects-wrapper'><div class='project-element'><div class='feed-wrapper ex'>\n            <div class='img-wrapper'><div class='img' style='background-image:url(\"https:\/\/www.profactor.at\/wp-content\/uploads\/2021\/05\/zdm.png\")'><\/div> <span class='excerpt'>For complex thermo-dynamical processes such as curing of composite parts, heat treatment, coating, the current standard approach is to use experiments supported by simulation to find a suitable \u201crecipe\u201d for the process. This recipe is then applied in series production and very often the process  ...<a href='https:\/\/www.profactor.at\/en\/research\/industrial-automation-systems\/non-destructive-inspection\/projects-archive\/drapebot-2\/'>+<\/a><\/span><\/div>\n            <div class='title'><a href='https:\/\/www.profactor.at\/en\/research\/industrial-automation-systems\/non-destructive-inspection\/projects-archive\/drapebot-2\/'>ZDM<\/a><\/div>\n            <\/div><\/div><div class='project-element'><div class='feed-wrapper ex'>\n            <div class='img-wrapper'><div class='img' style='background-image:url(\"https:\/\/www.profactor.at\/wp-content\/uploads\/2018\/12\/Spirit.png\")'><\/div> <span class='excerpt'>The requirements for quality control, even for complex components, increase up to a 100% quality inspection.\u00a0The inspection of parts of complex shape requires robotic solutions to move a sensor system in such a way that the whole surface of the part is covered. SPIRIT aims at the development of a s ...<a href='https:\/\/www.profactor.at\/en\/research\/industrial-automation-systems\/non-destructive-inspection\/projects-archive\/spirit\/'>+<\/a><\/span><\/div>\n            <div class='title'><a href='https:\/\/www.profactor.at\/en\/research\/industrial-automation-systems\/non-destructive-inspection\/projects-archive\/spirit\/'>SPIRIT<\/a><\/div>\n            <\/div><\/div><div class='project-element'><div class='feed-wrapper ex'>\n            <div class='img-wrapper'><div class='img' style='background-image:url(\"https:\/\/www.profactor.at\/wp-content\/uploads\/2019\/03\/INLINE_CPROFACTOR_web.jpg\")'><\/div> <span class='excerpt'>In order to remain competitive and retain its leading manufacturing position, European industry must be able to deliver high-quality products and increase productivity while keeping costs down. The manufacturing industry is undergoing a substantial transformation due to the proliferation of new digi ...<a href='https:\/\/www.profactor.at\/en\/research\/industrial-automation-systems\/non-destructive-inspection\/projects-archive\/zero-defect-manufacturing-platform\/'>+<\/a><\/span><\/div>\n            <div class='title'><a href='https:\/\/www.profactor.at\/en\/research\/industrial-automation-systems\/non-destructive-inspection\/projects-archive\/zero-defect-manufacturing-platform\/'>Zero Defect Manufacturing Platform<\/a><\/div>\n            <\/div><\/div><div class='project-element'><div class='feed-wrapper ex'>\n            <div class='img-wrapper'><div class='img' style='background-image:url(\"https:\/\/www.profactor.at\/wp-content\/uploads\/2017\/03\/HScan_web.jpg\")'><\/div> <span class='excerpt'>Major parts - including the wings of the Airbus A 380 - are made of fiber-reinforced composites. During machining - e. g. drilling - the inhomogeneity of the material in the inner walls of the boreholes can lead to fraying and loosening. However, the quality of the boreholes is essential for the str ...<a href='https:\/\/www.profactor.at\/en\/research\/industrial-automation-systems\/non-destructive-inspection\/projects-archive\/h-scan\/'>+<\/a><\/span><\/div>\n            <div class='title'><a href='https:\/\/www.profactor.at\/en\/research\/industrial-automation-systems\/non-destructive-inspection\/projects-archive\/h-scan\/'>H-Scan<\/a><\/div>\n            <\/div><\/div><div class='project-element'><div class='feed-wrapper ex'>\n            <div class='img-wrapper'><div class='img' style='background-image:url(\"https:\/\/www.profactor.at\/wp-content\/uploads\/2019\/09\/SonicScan_Visualization.jpg\")'><\/div> <span class='excerpt'>The SonicScan project aims at developing NDT methods based on ultrasonic testing that are suitable for primary structural parts. The main challenge is the compact shape of the parts and their high thickness. To address this problem the project builds upon the sampling phased array technology that al ...<a href='https:\/\/www.profactor.at\/en\/research\/industrial-automation-systems\/non-destructive-inspection\/projects-archive\/sonicscan\/'>+<\/a><\/span><\/div>\n            <div class='title'><a href='https:\/\/www.profactor.at\/en\/research\/industrial-automation-systems\/non-destructive-inspection\/projects-archive\/sonicscan\/'>SonicScan<\/a><\/div>\n            <\/div><\/div><div class='project-element'><div class='feed-wrapper ex'>\n            <div class='img-wrapper'><div class='img' style='background-image:url(\"https:\/\/www.profactor.at\/wp-content\/uploads\/2019\/01\/Inline_Brennstoffzelle_Gabelstapler.jpg\")'><\/div> <span class='excerpt'>The INLINE project aims at the solution of key challenges to enable the implementation of a scalable manufacturing process for fuel cell systems. Current manufacturing processes rely on manual work that has substantial limits in terms of cycle times, costs and scalability. Developments will start wi ...<a href='https:\/\/www.profactor.at\/en\/research\/industrial-automation-systems\/non-destructive-inspection\/projects-archive\/inline\/'>+<\/a><\/span><\/div>\n            <div class='title'><a href='https:\/\/www.profactor.at\/en\/research\/industrial-automation-systems\/non-destructive-inspection\/projects-archive\/inline\/'>INLINE<\/a><\/div>\n            <\/div><\/div><div class='project-element'><div class='feed-wrapper ex'>\n            <div class='img-wrapper'><div class='img' style='background-image:url(\"https:\/\/www.profactor.at\/wp-content\/uploads\/2016\/07\/01_Gerhard_ObjektTracking_web.jpg\")'><\/div> <span class='excerpt'>The factors of success in the context of the digital factory are the inclusion of human within the manufacturing process as well as the consideration of their individuality and experience. Assistive systems act an important role in this field. The challenges of a nearby collaboration of human and ro ...<a href='https:\/\/www.profactor.at\/en\/research\/industrial-automation-systems\/non-destructive-inspection\/projects-archive\/completeme\/'>+<\/a><\/span><\/div>\n            <div class='title'><a href='https:\/\/www.profactor.at\/en\/research\/industrial-automation-systems\/non-destructive-inspection\/projects-archive\/completeme\/'>CompleteMe<\/a><\/div>\n            <\/div><\/div><div class='project-element'><div class='feed-wrapper ex'>\n            <div class='img-wrapper'><div class='img' style='background-image:url(\"https:\/\/www.profactor.at\/wp-content\/uploads\/2016\/09\/Qualityskill_web.jpg\")'><\/div> <span class='excerpt'>Die automatische Pr\u00fcfung von Composite-Bauteilen gewinnt sowohl \u00a0in der Automobilindustrie als auch in der Luftfahrt zunehmend an Bedeutung. W\u00e4hrend es bei den Produktionsverfahren substantielle Fortschritte gegeben hat, wird die Pr\u00fcfung immer noch manuell durchgef\u00fchrt, nimmt aber 30-50 Prozent ...<a href='https:\/\/www.profactor.at\/en\/research\/industrial-automation-systems\/non-destructive-inspection\/projects-archive\/qualityskill\/'>+<\/a><\/span><\/div>\n            <div class='title'><a href='https:\/\/www.profactor.at\/en\/research\/industrial-automation-systems\/non-destructive-inspection\/projects-archive\/qualityskill\/'>QualitySkill<\/a><\/div>\n            <\/div><\/div><div class='project-element'><div class='feed-wrapper ex'>\n            <div class='img-wrapper'><div class='img' style='background-image:url(\"https:\/\/www.profactor.at\/wp-content\/uploads\/2016\/09\/05_Pr\u00fcfungvonLeitbauteilen_web.jpg\")'><\/div> <span class='excerpt'>Initial situation: Efficient production of carbon composite parts is an important topic for aerospace, automotive and other industries. In a draping process, carbon fibre textiles are shaped in order to produce parts with complex shape. This draping process results in complex deformation of carbon f ...<a href='https:\/\/www.profactor.at\/en\/research\/industrial-automation-systems\/non-destructive-inspection\/projects-archive\/fibremap\/'>+<\/a><\/span><\/div>\n            <div class='title'><a href='https:\/\/www.profactor.at\/en\/research\/industrial-automation-systems\/non-destructive-inspection\/projects-archive\/fibremap\/'>FibreMap<\/a><\/div>\n            <\/div><\/div><div class='project-element'><div class='feed-wrapper ex'>\n            <div class='img-wrapper'><div class='img' style='background-image:url(\"https:\/\/www.profactor.at\/wp-content\/uploads\/2016\/10\/Qualitygloss_web.jpg\")'><\/div> <span class='excerpt'>Holzfurnieroberfl\u00e4chen spielen als Leichtbau-Dekorteile f\u00fcr die Luftfahrtindustrie eine wichtige Rolle. Diese Oberfl\u00e4chen sind hochgl\u00e4nzend lackiert, deren Qualit\u00e4t wird im Rahmen der Abnahme von den Erstausr\u00fcstern (OEM) kritisch bewertet. Dabei werden Messger\u00e4te eingesetzt, die Kennwerte \u00fcb ...<a href='https:\/\/www.profactor.at\/en\/research\/industrial-automation-systems\/non-destructive-inspection\/projects-archive\/qualitygloss\/'>+<\/a><\/span><\/div>\n            <div class='title'><a href='https:\/\/www.profactor.at\/en\/research\/industrial-automation-systems\/non-destructive-inspection\/projects-archive\/qualitygloss\/'>QualityGloss<\/a><\/div>\n            <\/div><\/div><div class='project-element'><div class='feed-wrapper ex'>\n            <div class='img-wrapper'><div class='img' style='background-image:url(\"https:\/\/www.profactor.at\/wp-content\/uploads\/2016\/07\/Thermobot2_web.jpg\")'><\/div> <span class='excerpt'>Non-destructive testing of components is an important auxiliary process step, not only in quality control but also in regular maintenance. The detection of cracks is currently done by using magnetic particle inspection, which is a decades-old, inefficient and ecologically undesirable process. There  ...<a href='https:\/\/www.profactor.at\/en\/research\/industrial-automation-systems\/non-destructive-inspection\/projects-archive\/thermobot\/'>+<\/a><\/span><\/div>\n            <div class='title'><a href='https:\/\/www.profactor.at\/en\/research\/industrial-automation-systems\/non-destructive-inspection\/projects-archive\/thermobot\/'>ThermoBot<\/a><\/div>\n            <\/div><\/div><div class='project-element'><div class='feed-wrapper ex'>\n            <div class='img-wrapper'><div class='img' style='background-image:url(\"https:\/\/www.profactor.at\/wp-content\/uploads\/2016\/07\/xRob_inspektion_web.jpg\")'><\/div> <span class='excerpt'>Machine vision in industrial quality control, e.g. in surface inspection, generates an enormous amount of data. These data are input for machine learning structures that reproduce human decision making. The setup and optimization of such machine learning structures in industrial environments require ...<a href='https:\/\/www.profactor.at\/en\/research\/industrial-automation-systems\/non-destructive-inspection\/projects-archive\/useml\/'>+<\/a><\/span><\/div>\n            <div class='title'><a href='https:\/\/www.profactor.at\/en\/research\/industrial-automation-systems\/non-destructive-inspection\/projects-archive\/useml\/'>UseML<\/a><\/div>\n            <\/div><\/div><\/div>\n<div class=\"shariff shariff-align-flex-start shariff-widget-align-flex-start\"><ul class=\"shariff-buttons theme-round orientation-horizontal buttonsize-medium\"><li class=\"shariff-button linkedin shariff-nocustomcolor\" style=\"background-color:#1488bf\"><a href=\"https:\/\/www.linkedin.com\/sharing\/share-offsite\/?url=https%3A%2F%2Fwww.profactor.at%2Fen%2Fresearch%2Findustrial-automation-systems%2Fnon-destructive-inspection%2Fprojects-archive%2F\" title=\"Bei LinkedIn teilen\" aria-label=\"Bei LinkedIn teilen\" role=\"button\" rel=\"noopener nofollow\" class=\"shariff-link\" style=\"; background-color:#0077b5; color:#fff\" target=\"_blank\"><span class=\"shariff-icon\" style=\"\"><svg width=\"32px\" height=\"20px\" xmlns=\"http:\/\/www.w3.org\/2000\/svg\" viewBox=\"0 0 27 32\"><path fill=\"#0077b5\" d=\"M6.2 11.2v17.7h-5.9v-17.7h5.9zM6.6 5.7q0 1.3-0.9 2.2t-2.4 0.9h0q-1.5 0-2.4-0.9t-0.9-2.2 0.9-2.2 2.4-0.9 2.4 0.9 0.9 2.2zM27.4 18.7v10.1h-5.9v-9.5q0-1.9-0.7-2.9t-2.3-1.1q-1.1 0-1.9 0.6t-1.2 1.5q-0.2 0.5-0.2 1.4v9.9h-5.9q0-7.1 0-11.6t0-5.3l0-0.9h5.9v2.6h0q0.4-0.6 0.7-1t1-0.9 1.6-0.8 2-0.3q3 0 4.9 2t1.9 6z\"\/><\/svg><\/span><\/a><\/li><\/ul><\/div>","protected":false},"excerpt":{"rendered":"<p>Non-destructive Inspection<\/p>\n","protected":false},"author":20,"featured_media":0,"parent":352,"menu_order":0,"comment_status":"closed","ping_status":"closed","template":"","meta":{"footnotes":""},"categories":[],"tags":[29],"class_list":["post-16852","page","type-page","status-publish","hentry","tag-projects"],"_links":{"self":[{"href":"https:\/\/www.profactor.at\/en\/wp-json\/wp\/v2\/pages\/16852","targetHints":{"allow":["GET"]}}],"collection":[{"href":"https:\/\/www.profactor.at\/en\/wp-json\/wp\/v2\/pages"}],"about":[{"href":"https:\/\/www.profactor.at\/en\/wp-json\/wp\/v2\/types\/page"}],"author":[{"embeddable":true,"href":"https:\/\/www.profactor.at\/en\/wp-json\/wp\/v2\/users\/20"}],"replies":[{"embeddable":true,"href":"https:\/\/www.profactor.at\/en\/wp-json\/wp\/v2\/comments?post=16852"}],"version-history":[{"count":2,"href":"https:\/\/www.profactor.at\/en\/wp-json\/wp\/v2\/pages\/16852\/revisions"}],"predecessor-version":[{"id":17194,"href":"https:\/\/www.profactor.at\/en\/wp-json\/wp\/v2\/pages\/16852\/revisions\/17194"}],"up":[{"embeddable":true,"href":"https:\/\/www.profactor.at\/en\/wp-json\/wp\/v2\/pages\/352"}],"wp:attachment":[{"href":"https:\/\/www.profactor.at\/en\/wp-json\/wp\/v2\/media?parent=16852"}],"wp:term":[{"taxonomy":"category","embeddable":true,"href":"https:\/\/www.profactor.at\/en\/wp-json\/wp\/v2\/categories?post=16852"},{"taxonomy":"post_tag","embeddable":true,"href":"https:\/\/www.profactor.at\/en\/wp-json\/wp\/v2\/tags?post=16852"}],"curies":[{"name":"wp","href":"https:\/\/api.w.org\/{rel}","templated":true}]}}