{"id":16838,"date":"2023-08-30T12:43:57","date_gmt":"2023-08-30T11:43:57","guid":{"rendered":"https:\/\/www.profactor.at\/?page_id=16838"},"modified":"2023-09-13T06:49:14","modified_gmt":"2023-09-13T05:49:14","slug":"projects-archive","status":"publish","type":"page","link":"https:\/\/www.profactor.at\/en\/research\/industrial-automation-systems\/robotics\/projects-archive\/","title":{"rendered":"Projects Archive"},"content":{"rendered":"<div class=\"wpb-content-wrapper\"><p>[vc_row el_class=&#8221;page-static-sidebar&#8221;][vc_column width=&#8221;3\/4&#8243;][vc_column_text]<\/p>\n<h2>Robotics<\/h2>\n<div class='projects-wrapper'><div class='project-element'><div class='feed-wrapper ex'>\n            <div class='img-wrapper'><div class='img' style='background-image:url(\"https:\/\/www.profactor.at\/wp-content\/uploads\/2016\/09\/IMP_web.jpg\")'><\/div> <span class='excerpt'>IMP explores new methods and tools for improving maintenance planning and execution in highly demanding and complex production systems by intuitively guiding, supervising and optimised scheduling. This includes the following priorities: (1) detection and classification of maintenance tasks from the  ...<a href='https:\/\/www.profactor.at\/en\/research\/industrial-automation-systems\/robotics\/projects-archive\/imp\/'>+<\/a><\/span><\/div>\n            <div class='title'><a href='https:\/\/www.profactor.at\/en\/research\/industrial-automation-systems\/robotics\/projects-archive\/imp\/'>IMP<\/a><\/div>\n            <\/div><\/div><div class='project-element'><div class='feed-wrapper ex'>\n            <div class='img-wrapper'><div class='img' style='background-image:url(\"https:\/\/www.profactor.at\/wp-content\/uploads\/2018\/08\/Nps_web-1.jpg\")'><\/div> <span class='excerpt'>NPS investigates new methods for priority-rule-based scheduling and control of flexible, volatile production processes at the operational shop floor level according to user-defined strategies. To do so, complex priority rules are automatically synthesized and iteratively optimised by using meta-heur ...<a href='https:\/\/www.profactor.at\/en\/research\/industrial-automation-systems\/robotics\/projects-archive\/nps2\/'>+<\/a><\/span><\/div>\n            <div class='title'><a href='https:\/\/www.profactor.at\/en\/research\/industrial-automation-systems\/robotics\/projects-archive\/nps2\/'>NPS2<\/a><\/div>\n            <\/div><\/div><div class='project-element'><div class='feed-wrapper ex'>\n            <div class='img-wrapper'><div class='img' style='background-image:url(\"https:\/\/www.profactor.at\/wp-content\/uploads\/2016\/09\/NgMPPS_web.jpg\")'><\/div> <span class='excerpt'>Overall objective of this project is to research approaches for a distributed optimisation algorithm for dynamic job shop scheduling problems in massively distributed, agile production environments with stochastic properties. The research software prototype to be developed will be based on mathemati ...<a href='https:\/\/www.profactor.at\/en\/research\/industrial-automation-systems\/robotics\/projects-archive\/ngmpps\/'>+<\/a><\/span><\/div>\n            <div class='title'><a href='https:\/\/www.profactor.at\/en\/research\/industrial-automation-systems\/robotics\/projects-archive\/ngmpps\/'>NgMPPS<\/a><\/div>\n            <\/div><\/div><div class='project-element'><div class='feed-wrapper ex'>\n            <div class='img-wrapper'><div class='img' style='background-image:url(\"https:\/\/www.profactor.at\/wp-content\/uploads\/2016\/11\/LOISI_stahl.jpg\")'><\/div> <span class='excerpt'>Development of methods and techniques for optimizing logistics in the production of semi-finished steel for the automobile and railway industry Background The European steel industry is facing fierce competition on the global market. To remain competitive and secure jobs, Austrian steel manufacturer ...<a href='https:\/\/www.profactor.at\/en\/research\/industrial-automation-systems\/robotics\/projects-archive\/loisi\/'>+<\/a><\/span><\/div>\n            <div class='title'><a href='https:\/\/www.profactor.at\/en\/research\/industrial-automation-systems\/robotics\/projects-archive\/loisi\/'>LOISI<\/a><\/div>\n            <\/div><\/div><div class='project-element'><div class='feed-wrapper ex'>\n            <div class='img-wrapper'><div class='img' style='background-image:url(\"https:\/\/www.profactor.at\/wp-content\/uploads\/2020\/10\/LOGO-Interreg.png\")'><\/div> <span class='excerpt'>CEUP2030 \u2013 Central Europe Upstreaming for Policy Excellence in Advanced Manufacturing &amp; Industry 4.0. towards 2030 The CE Interreg Project CEUP 2030 (Central Europe Upstreaming for Policy Excellence in Advanced Manufacturing &amp; Industry 4.0 towards 2030) aims to generate stable innovation n ...<a href='https:\/\/www.profactor.at\/en\/research\/industrial-automation-systems\/robotics\/projects-archive\/ceup2030\/'>+<\/a><\/span><\/div>\n            <div class='title'><a href='https:\/\/www.profactor.at\/en\/research\/industrial-automation-systems\/robotics\/projects-archive\/ceup2030\/'>CEUP2030<\/a><\/div>\n            <\/div><\/div><div class='project-element'><div class='feed-wrapper ex'>\n            <div class='img-wrapper'><div class='img' style='background-image:url(\"https:\/\/www.profactor.at\/wp-content\/uploads\/2021\/09\/interreg_Slovakia-Austria_graphicelement_RGB-1-scaled.jpg\")'><\/div> <span class='excerpt'>&nbsp; Share 4.0 \u2013 Interreg Slovakia-Austria \u2013 European Regional Development Fund The Interreg Slovakia-Austria Project \u201cShare 4.0\u201d is dedicated to create synergies in the region Slovakia \u2013 Austria by sharing best practices and awareness of innovative technologies to advance digitalized ma ...<a href='https:\/\/www.profactor.at\/en\/research\/industrial-automation-systems\/robotics\/projects-archive\/share-4-0\/'>+<\/a><\/span><\/div>\n            <div class='title'><a href='https:\/\/www.profactor.at\/en\/research\/industrial-automation-systems\/robotics\/projects-archive\/share-4-0\/'>Share 4.0<\/a><\/div>\n            <\/div><\/div><div class='project-element'><div class='feed-wrapper ex'>\n            <div class='img-wrapper'><div class='img' style='background-image:url(\"https:\/\/www.profactor.at\/wp-content\/uploads\/2022\/02\/Interreg-Oesterreich-Tschechische-Rupublik.jpg\")'><\/div> <span class='excerpt'>PredMAIn (Interreg, 2021-2022) AI-based predictive maintenance &nbsp; Initial situation AI-based Predictive Maintenance Project (ATCZ279) The Interreg programme area Austria-Czech Republic is a region with a high number of SMEs. Many of them are active in the production and manufacturing of producti ...<a href='https:\/\/www.profactor.at\/en\/research\/industrial-automation-systems\/robotics\/projects-archive\/predmain\/'>+<\/a><\/span><\/div>\n            <div class='title'><a href='https:\/\/www.profactor.at\/en\/research\/industrial-automation-systems\/robotics\/projects-archive\/predmain\/'>PredMAin<\/a><\/div>\n            <\/div><\/div><div class='project-element'><div class='feed-wrapper ex'>\n            <div class='img-wrapper'><div class='img' style='background-image:url(\"https:\/\/www.profactor.at\/wp-content\/uploads\/2016\/08\/AssistMe_web.jpg\")'><\/div> <span class='excerpt'>AssistMe is focused on potential operator and user experience of novel robotic assistance systems. A multi-level process develops and evaluates innovative interaction concepts and technologies in close collaboration with future operators and users who are integrated by user studies and who will eval ...<a href='https:\/\/www.profactor.at\/en\/research\/industrial-automation-systems\/robotics\/projects-archive\/assistme-2\/'>+<\/a><\/span><\/div>\n            <div class='title'><a href='https:\/\/www.profactor.at\/en\/research\/industrial-automation-systems\/robotics\/projects-archive\/assistme-2\/'>AssistMe<\/a><\/div>\n            <\/div><\/div><div class='project-element'><div class='feed-wrapper ex'>\n            <div class='img-wrapper'><div class='img' style='background-image:url(\"https:\/\/www.profactor.at\/wp-content\/uploads\/2016\/09\/IRobFeeder_web.jpg\")'><\/div> <span class='excerpt'>Der \"Griff in die Kiste\" ist gel\u00f6st Das Handling von unf\u00f6rmigen und unsortiert dargebotenen Teilen \u2013 zum Beispiel in einer Sch\u00fctte - stellt f\u00fcr die Automatisierung eine Herausforderung dar. Der von PROFACTOR und IH Tech gemeinsam entwickelte\u00a0iRob Feeder\u00ae \u00a0ist in der Lage, unterschiedliche W ...<a href='https:\/\/www.profactor.at\/en\/research\/industrial-automation-systems\/robotics\/projects-archive\/irob-feeder\/'>+<\/a><\/span><\/div>\n            <div class='title'><a href='https:\/\/www.profactor.at\/en\/research\/industrial-automation-systems\/robotics\/projects-archive\/irob-feeder\/'>iRob Feeder\u00ae<\/a><\/div>\n            <\/div><\/div><div class='project-element'><div class='feed-wrapper ex'>\n            <div class='img-wrapper'><div class='img' style='background-image:url(\"https:\/\/www.profactor.at\/wp-content\/uploads\/2016\/09\/Locobot_web.jpg\")'><\/div> <span class='excerpt'>The aim of the international research project LOCOBOT was to develop a low-cost \"Robot co-worker\" in a modular system that is suitable for industries with high production volume as well as for manufactures with low product volume and high customer specifications. The focus was on the development of  ...<a href='https:\/\/www.profactor.at\/en\/research\/industrial-automation-systems\/robotics\/projects-archive\/locobot\/'>+<\/a><\/span><\/div>\n            <div class='title'><a href='https:\/\/www.profactor.at\/en\/research\/industrial-automation-systems\/robotics\/projects-archive\/locobot\/'>LOCOBOT<\/a><\/div>\n            <\/div><\/div><div class='project-element'><div class='feed-wrapper ex'>\n            <div class='img-wrapper'><div class='img' style='background-image:url(\"https:\/\/www.profactor.at\/wp-content\/uploads\/2016\/07\/additive.jpg\")'><\/div> <span class='excerpt'>NEXGEN_RWP articulates PROFACTOR\u2019s goal to develop a new generation of robotic systems which can solve complex tasks efficiently even if framing conditions change. The further development of cognitive technologies will render possible the application of the system to a broad spectrum of use-cases  ...<a href='https:\/\/www.profactor.at\/en\/research\/industrial-automation-systems\/robotics\/projects-archive\/nexgen_rwp\/'>+<\/a><\/span><\/div>\n            <div class='title'><a href='https:\/\/www.profactor.at\/en\/research\/industrial-automation-systems\/robotics\/projects-archive\/nexgen_rwp\/'>NexGen_RWP<\/a><\/div>\n            <\/div><\/div><div class='project-element'><div class='feed-wrapper ex'>\n            <div class='img-wrapper'><div class='img' style='background-image:url(\"https:\/\/www.profactor.at\/wp-content\/uploads\/2016\/09\/Costumpacker.png\")'><\/div> <span class='excerpt'>The main goal of CustomPacker is to design and assemble a packaging workstation mostly using standard hardware components (no need for special solutions) resulting in a universal handling system for different products (size, weight and form). During the project, different concepts and technological  ...<a href='https:\/\/www.profactor.at\/en\/research\/industrial-automation-systems\/robotics\/projects-archive\/custompacker\/'>+<\/a><\/span><\/div>\n            <div class='title'><a href='https:\/\/www.profactor.at\/en\/research\/industrial-automation-systems\/robotics\/projects-archive\/custompacker\/'>CustomPacker<\/a><\/div>\n            <\/div><\/div><div class='project-element'><div class='feed-wrapper ex'>\n            <div class='img-wrapper'><div class='img' style='background-image:url(\"https:\/\/www.profactor.at\/wp-content\/uploads\/2016\/09\/seltec_web.jpg\")'><\/div> <span class='excerpt'>The production of lightweight composite parts involves a number of process steps such as filling, grinding, coating and activation of surfaces e.g. for glueing. Occasionally small defects need to be repaired. To address these process steps the project Seltec investigates two different solution: Auto ...<a href='https:\/\/www.profactor.at\/en\/research\/industrial-automation-systems\/robotics\/projects-archive\/seltec\/'>+<\/a><\/span><\/div>\n            <div class='title'><a href='https:\/\/www.profactor.at\/en\/research\/industrial-automation-systems\/robotics\/projects-archive\/seltec\/'>Seltec<\/a><\/div>\n            <\/div><\/div><div class='project-element'><div class='feed-wrapper ex'>\n            <div class='img-wrapper'><div class='img' style='background-image:url(\"https:\/\/www.profactor.at\/wp-content\/uploads\/2016\/07\/01_robotische-Assistenz-1_web.jpg\")'><\/div> <span class='excerpt'>The European robotics industry is moving towards a new generation of robots, based on safety in the workplace and the ability to work alongside humans. This new generation is paramount to making the factories of the future more cost-effective and restoring the competitiveness of the European manufac ...<a href='https:\/\/www.profactor.at\/en\/research\/industrial-automation-systems\/robotics\/projects-archive\/symbio-tic\/'>+<\/a><\/span><\/div>\n            <div class='title'><a href='https:\/\/www.profactor.at\/en\/research\/industrial-automation-systems\/robotics\/projects-archive\/symbio-tic\/'>Symbio-TIC<\/a><\/div>\n            <\/div><\/div><div class='project-element'><div class='feed-wrapper ex'>\n            <div class='img-wrapper'><div class='img' style='background-image:url(\"https:\/\/www.profactor.at\/wp-content\/uploads\/2016\/09\/Valeri_web.jpg\")'><\/div> <span class='excerpt'>The aerospace industry typically has to handle very large parts that remain stationary in a workcell for several days until a process is completed. Conventional robots cannot be successfully implemented in this environment. The European research project \u201cVALERI\u201d addresses this problem by develop ...<a href='https:\/\/www.profactor.at\/en\/research\/industrial-automation-systems\/robotics\/projects-archive\/valeri\/'>+<\/a><\/span><\/div>\n            <div class='title'><a href='https:\/\/www.profactor.at\/en\/research\/industrial-automation-systems\/robotics\/projects-archive\/valeri\/'>VALERI<\/a><\/div>\n            <\/div><\/div><div class='project-element'><div class='feed-wrapper ex'>\n            <div class='img-wrapper'><div class='img' style='background-image:url(\"https:\/\/www.profactor.at\/wp-content\/uploads\/2016\/08\/01_MentaleModelle.jpg\")'><\/div> <span class='excerpt'>The complexity of assembly processes and manufacturing processes in general is in-creasing with respect to flexibility, frequent changes of products and markets as well as shorter product life cycles. Currently, the adaptation of manufacturing processes requires significant resources and time. Inste ...<a href='https:\/\/www.profactor.at\/en\/research\/industrial-automation-systems\/robotics\/projects-archive\/komoprod\/'>+<\/a><\/span><\/div>\n            <div class='title'><a href='https:\/\/www.profactor.at\/en\/research\/industrial-automation-systems\/robotics\/projects-archive\/komoprod\/'>KoMoProd<\/a><\/div>\n            <\/div><\/div><div class='project-element'><div class='feed-wrapper ex'>\n            <div class='img-wrapper'><div class='img' style='background-image:url(\"https:\/\/www.profactor.at\/wp-content\/uploads\/2016\/08\/xRob_schrauben_02.jpg\")'><\/div> <span class='excerpt'>M\u00e4rkte, in denen die Nachfrage nicht immer genau vorhergesagt werden kann, bzw. Unternehmen, die mit kleinen Fertigungslosen arbeiten, profitieren nicht von der erh\u00f6hten Produktivit\u00e4t durch Roboter. Der Trend hin zu individualisierten Serienfertigung versch\u00e4rft die Problematik zus\u00e4tzlich. Indus ...<a href='https:\/\/www.profactor.at\/en\/research\/industrial-automation-systems\/robotics\/projects-archive\/flexrop\/'>+<\/a><\/span><\/div>\n            <div class='title'><a href='https:\/\/www.profactor.at\/en\/research\/industrial-automation-systems\/robotics\/projects-archive\/flexrop\/'>FlexRoP<\/a><\/div>\n            <\/div><\/div><div class='project-element'><div class='feed-wrapper ex'>\n            <div class='img-wrapper'><div class='img' style='background-image:url(\"https:\/\/www.profactor.at\/wp-content\/uploads\/2017\/12\/Lern4MRK_web-2.jpg\")'><\/div> <span class='excerpt'>Collaborative lightweight robots are a trend in industry. They are comparatively cheap. Developments in the field of machine learning make them increasingly flexible and easier to use. The challenges for research are obvious. The machines must be equipped with cognitive intelligence in order to adap ...<a href='https:\/\/www.profactor.at\/en\/research\/industrial-automation-systems\/robotics\/projects-archive\/lern4mrk\/'>+<\/a><\/span><\/div>\n            <div class='title'><a href='https:\/\/www.profactor.at\/en\/research\/industrial-automation-systems\/robotics\/projects-archive\/lern4mrk\/'>Lern4MRK<\/a><\/div>\n            <\/div><\/div><div class='project-element'><div class='feed-wrapper ex'>\n            <div class='img-wrapper'><div class='img' style='background-image:url(\"https:\/\/www.profactor.at\/wp-content\/uploads\/2019\/01\/Holisafemrk.jpg\")'><\/div> <span class='excerpt'>Robots that collaborate with people without a protective device: collaborative robotics is the future of the production industry. The fields of application of human-robot-collaborations (HRC) are manifold: For example, in the packaging of goods or in the assembly of motors, robots powerfully support ...<a href='https:\/\/www.profactor.at\/en\/research\/industrial-automation-systems\/robotics\/projects-archive\/holisafemrk\/'>+<\/a><\/span><\/div>\n            <div class='title'><a href='https:\/\/www.profactor.at\/en\/research\/industrial-automation-systems\/robotics\/projects-archive\/holisafemrk\/'>HoliSafeMRK<\/a><\/div>\n            <\/div><\/div><div class='project-element'><div class='feed-wrapper ex'>\n            <div class='img-wrapper'><div class='img' style='background-image:url(\"https:\/\/www.profactor.at\/wp-content\/uploads\/2019\/07\/PROFACTOR_teachbots_Mensch-Roboter-Kollaboration.png\")'><\/div> <span class='excerpt'>The aim of the project is to enable non-experts with the opportunity to easily teach robots a complex assembly process using natural communication methods. In order for robot systems to learn from a non-expert user, the robot system should first understand the user's intention. In this project, huma ...<a href='https:\/\/www.profactor.at\/en\/research\/industrial-automation-systems\/robotics\/projects-archive\/teachbots\/'>+<\/a><\/span><\/div>\n            <div class='title'><a href='https:\/\/www.profactor.at\/en\/research\/industrial-automation-systems\/robotics\/projects-archive\/teachbots\/'>TeachBots<\/a><\/div>\n            <\/div><\/div><div class='project-element'><div class='feed-wrapper ex'>\n            <div class='img-wrapper'><div class='img' style='background-image:url(\"https:\/\/www.profactor.at\/wp-content\/uploads\/2017\/12\/Lern4MRK_web-2.jpg\")'><\/div> <span class='excerpt'>While traditional automation is suitable for repetitive executions, it reaches its limits when robots need to act in a Human-Robot Collaboration (HRC) environment. Here challenges like high product and variant diversity, low lot sizes and especially low setup times make it necessary to develop new w ...<a href='https:\/\/www.profactor.at\/en\/research\/industrial-automation-systems\/robotics\/projects-archive\/lern4mrk-ii\/'>+<\/a><\/span><\/div>\n            <div class='title'><a href='https:\/\/www.profactor.at\/en\/research\/industrial-automation-systems\/robotics\/projects-archive\/lern4mrk-ii\/'>Lern4MRK II<\/a><\/div>\n            <\/div><\/div><div class='project-element'><div class='feed-wrapper ex'>\n            <div class='img-wrapper'><div class='img' style='background-image:url(\"https:\/\/www.profactor.at\/wp-content\/uploads\/2019\/07\/MMAssist.jpg\")'><\/div> <span class='excerpt'>The goal of MMAssist II is a fundamental research and characterization of assistance in a production context. Based on this, optimized assistance systems for future working places focused on the human worker (\u201eHuman-Centered Workplace\u201c) will be developed, implemented and evaluated in an industri ...<a href='https:\/\/www.profactor.at\/en\/research\/industrial-automation-systems\/robotics\/projects-archive\/mmassist-ii\/'>+<\/a><\/span><\/div>\n            <div class='title'><a href='https:\/\/www.profactor.at\/en\/research\/industrial-automation-systems\/robotics\/projects-archive\/mmassist-ii\/'>MMAssist II<\/a><\/div>\n            <\/div><\/div><div class='project-element'><div class='feed-wrapper ex'>\n            <div class='img-wrapper'><div class='img' style='background-image:url(\"https:\/\/www.profactor.at\/wp-content\/uploads\/2021\/02\/SPORTUNION_000952.jpg\")'><\/div> <span class='excerpt'>Motivation systems used in health and leisure contexts rely mainly on screen-based virtual trainers and peers connected via social networks as main motivators. In working contexts, information and gamification concepts are more and more used to increase motivation. The main goal in both areas is to  ...<a href='https:\/\/www.profactor.at\/en\/research\/industrial-automation-systems\/robotics\/projects-archive\/rob-per-mot\/'>+<\/a><\/span><\/div>\n            <div class='title'><a href='https:\/\/www.profactor.at\/en\/research\/industrial-automation-systems\/robotics\/projects-archive\/rob-per-mot\/'>Rob-Per-Mot<\/a><\/div>\n            <\/div><\/div><\/div>[\/vc_column_text][\/vc_column][vc_column width=&#8221;1\/4&#8243;][vc_column_text]<img loading=\"lazy\" decoding=\"async\" class=\"alignnone size-medium wp-image-3268\" src=\"https:\/\/www.profactor.at\/wp-content\/uploads\/2016\/07\/02_Andreas_Pichler_technischer_GF_web-300x261.jpg\" alt=\"02_andreas_pichler_technischer_gf_web\" width=\"300\" height=\"261\" srcset=\"https:\/\/www.profactor.at\/wp-content\/uploads\/2016\/07\/02_Andreas_Pichler_technischer_GF_web-300x261.jpg 300w, https:\/\/www.profactor.at\/wp-content\/uploads\/2016\/07\/02_Andreas_Pichler_technischer_GF_web.jpg 466w\" sizes=\"auto, (max-width: 300px) 100vw, 300px\" \/><\/p>\n<div class=\"reference\">\n<h4>Ihr Ansprechpartner<\/h4>\n<p><b>Dr. Andreas Pichler<\/b><br \/>\nCTO<\/p>\n<p>+43 72 52 885 306<br \/>\n&#x61;&#x6e;&#x64;&#x72;&#x65;&#x61;&#x73;&#x2e;&#x70;&#x69;&#x63;&#x68;&#x6c;&#x65;&#x72;&#x40;<span class=\"oe_displaynone\">null<\/span>&#x70;&#x72;&#x6f;&#x66;&#x61;&#x63;&#x74;&#x6f;&#x72;&#x2e;&#x61;&#x74;<\/p>\n<\/div>\n<p>[\/vc_column_text][\/vc_column][\/vc_row]<\/p>\n<div class=\"shariff shariff-align-flex-start shariff-widget-align-flex-start\"><ul class=\"shariff-buttons theme-round orientation-horizontal buttonsize-medium\"><li class=\"shariff-button linkedin shariff-nocustomcolor\" style=\"background-color:#1488bf\"><a href=\"https:\/\/www.linkedin.com\/sharing\/share-offsite\/?url=https%3A%2F%2Fwww.profactor.at%2Fen%2Fresearch%2Findustrial-automation-systems%2Frobotics%2Fprojects-archive%2F\" title=\"Bei LinkedIn teilen\" aria-label=\"Bei LinkedIn teilen\" role=\"button\" rel=\"noopener nofollow\" class=\"shariff-link\" style=\"; background-color:#0077b5; color:#fff\" target=\"_blank\"><span class=\"shariff-icon\" style=\"\"><svg width=\"32px\" height=\"20px\" xmlns=\"http:\/\/www.w3.org\/2000\/svg\" viewBox=\"0 0 27 32\"><path fill=\"#0077b5\" d=\"M6.2 11.2v17.7h-5.9v-17.7h5.9zM6.6 5.7q0 1.3-0.9 2.2t-2.4 0.9h0q-1.5 0-2.4-0.9t-0.9-2.2 0.9-2.2 2.4-0.9 2.4 0.9 0.9 2.2zM27.4 18.7v10.1h-5.9v-9.5q0-1.9-0.7-2.9t-2.3-1.1q-1.1 0-1.9 0.6t-1.2 1.5q-0.2 0.5-0.2 1.4v9.9h-5.9q0-7.1 0-11.6t0-5.3l0-0.9h5.9v2.6h0q0.4-0.6 0.7-1t1-0.9 1.6-0.8 2-0.3q3 0 4.9 2t1.9 6z\"\/><\/svg><\/span><\/a><\/li><\/ul><\/div><\/div>","protected":false},"excerpt":{"rendered":"<p>[vc_row el_class=&#8221;page-static-sidebar&#8221;][vc_column width=&#8221;3\/4&#8243;][vc_column_text] Robotics [\/vc_column_text][\/vc_column][vc_column width=&#8221;1\/4&#8243;][vc_column_text] Ihr Ansprechpartner Dr. Andreas Pichler CTO +43 72 52 885 306 &#x61;&#x6e;&#x64;&#x72;&#x65;&#x61;&#x73;&#x2e;&#x70;&#x69;&#x63;&#x68;&#x6c;&#x65;&#x72;&#x40;null&#x70;&#x72;&#x6f;&#x66;&#x61;&#x63;&#x74;&#x6f;&#x72;&#x2e;&#x61;&#x74; [\/vc_column_text][\/vc_column][\/vc_row]<\/p>\n","protected":false},"author":20,"featured_media":0,"parent":66,"menu_order":8,"comment_status":"closed","ping_status":"closed","template":"","meta":{"footnotes":""},"categories":[],"tags":[29],"class_list":["post-16838","page","type-page","status-publish","hentry","tag-projects"],"_links":{"self":[{"href":"https:\/\/www.profactor.at\/en\/wp-json\/wp\/v2\/pages\/16838","targetHints":{"allow":["GET"]}}],"collection":[{"href":"https:\/\/www.profactor.at\/en\/wp-json\/wp\/v2\/pages"}],"about":[{"href":"https:\/\/www.profactor.at\/en\/wp-json\/wp\/v2\/types\/page"}],"author":[{"embeddable":true,"href":"https:\/\/www.profactor.at\/en\/wp-json\/wp\/v2\/users\/20"}],"replies":[{"embeddable":true,"href":"https:\/\/www.profactor.at\/en\/wp-json\/wp\/v2\/comments?post=16838"}],"version-history":[{"count":3,"href":"https:\/\/www.profactor.at\/en\/wp-json\/wp\/v2\/pages\/16838\/revisions"}],"predecessor-version":[{"id":17061,"href":"https:\/\/www.profactor.at\/en\/wp-json\/wp\/v2\/pages\/16838\/revisions\/17061"}],"up":[{"embeddable":true,"href":"https:\/\/www.profactor.at\/en\/wp-json\/wp\/v2\/pages\/66"}],"wp:attachment":[{"href":"https:\/\/www.profactor.at\/en\/wp-json\/wp\/v2\/media?parent=16838"}],"wp:term":[{"taxonomy":"category","embeddable":true,"href":"https:\/\/www.profactor.at\/en\/wp-json\/wp\/v2\/categories?post=16838"},{"taxonomy":"post_tag","embeddable":true,"href":"https:\/\/www.profactor.at\/en\/wp-json\/wp\/v2\/tags?post=16838"}],"curies":[{"name":"wp","href":"https:\/\/api.w.org\/{rel}","templated":true}]}}