{"id":16820,"date":"2023-08-30T10:53:00","date_gmt":"2023-08-30T09:53:00","guid":{"rendered":"https:\/\/www.profactor.at\/?page_id=16820"},"modified":"2023-11-22T12:33:43","modified_gmt":"2023-11-22T11:33:43","slug":"projects-archive","status":"publish","type":"page","link":"https:\/\/www.profactor.at\/en\/research\/additive-micro-and-nano-manufacturing\/multimaterial-inkjet-printing\/projects-archive\/","title":{"rendered":"Projects Archive"},"content":{"rendered":"<div class=\"wpb-content-wrapper\"><p>[vc_row][vc_column width=&#8221;3\/4&#8243;][vc_column_text]<\/p>\n<h2>Mutlimaterial Inkjet Printing<\/h2>\n<div class='projects-wrapper'><div class='project-element'><div class='feed-wrapper ex'>\n            <div class='img-wrapper'><div class='img' style='background-image:url(\"https:\/\/www.profactor.at\/wp-content\/uploads\/2016\/09\/addmanu_web.jpg\")'><\/div> <span class='excerpt'>addmanu\u00a0is a national flag ship project for research, development und the establishment of additive manufacturing. There are four topics are defined as key technologies for additive manufacturing: lithograph based manufacturing LBF), Fused Deposition Modelling (FDM), selective laser welding (SLM) a ...<a href='https:\/\/www.profactor.at\/en\/research\/additive-micro-and-nano-manufacturing\/multimaterial-inkjet-printing\/projects-archive\/addmanu\/'>+<\/a><\/span><\/div>\n            <div class='title'><a href='https:\/\/www.profactor.at\/en\/research\/additive-micro-and-nano-manufacturing\/multimaterial-inkjet-printing\/projects-archive\/addmanu\/'>AddManu<\/a><\/div>\n            <\/div><\/div><div class='project-element'><div class='feed-wrapper ex'>\n            <div class='img-wrapper'><div class='img' style='background-image:url(\"https:\/\/www.profactor.at\/wp-content\/uploads\/2016\/08\/02_additive_Fertigung.jpg\")'><\/div> <span class='excerpt'>Many \u201eintellignet products\u201c, that can be thought of today,\u00a0 cannot be fabricated with existing production methods or cannot be fabricated in a cost efficient way. These are - among others - especially individualized products with directly integrated sensors, LED, OLEDs, displays, etc. Additive  ...<a href='https:\/\/www.profactor.at\/en\/research\/additive-micro-and-nano-manufacturing\/multimaterial-inkjet-printing\/projects-archive\/aniipf\/'>+<\/a><\/span><\/div>\n            <div class='title'><a href='https:\/\/www.profactor.at\/en\/research\/additive-micro-and-nano-manufacturing\/multimaterial-inkjet-printing\/projects-archive\/aniipf\/'>ANIIPF<\/a><\/div>\n            <\/div><\/div><div class='project-element'><div class='feed-wrapper ex'>\n            <div class='img-wrapper'><div class='img' style='background-image:url(\"https:\/\/www.profactor.at\/wp-content\/uploads\/2018\/11\/DIMAP_SCARA_FESTO_800px.jpg\")'><\/div> <span class='excerpt'>The international research project DIMAP is trend-setting for additive manufacturing and the possibilities of 3D printing. Stratasys - the world leader in 3D printers - is one of twelve partners in the project. The project uses the Objet Connex 3 3D printer. The perspectives of 3D printing for indus ...<a href='https:\/\/www.profactor.at\/en\/research\/additive-micro-and-nano-manufacturing\/multimaterial-inkjet-printing\/projects-archive\/dimap\/'>+<\/a><\/span><\/div>\n            <div class='title'><a href='https:\/\/www.profactor.at\/en\/research\/additive-micro-and-nano-manufacturing\/multimaterial-inkjet-printing\/projects-archive\/dimap\/'>DIMAP<\/a><\/div>\n            <\/div><\/div><div class='project-element'><div class='feed-wrapper ex'>\n            <div class='img-wrapper'><div class='img' style='background-image:url(\"https:\/\/www.profactor.at\/wp-content\/uploads\/2016\/09\/improvink_web2.jpg\")'><\/div> <span class='excerpt'>Inkjet printing is a fast growing technology with a widespread field of applica-tions and therefore a special challenge for the manufacturers. Due to the widespread applications the production of the inks has to be modifiable. Therefore a detailed observation and control of the process is an essenti ...<a href='https:\/\/www.profactor.at\/en\/research\/additive-micro-and-nano-manufacturing\/multimaterial-inkjet-printing\/projects-archive\/improvink\/'>+<\/a><\/span><\/div>\n            <div class='title'><a href='https:\/\/www.profactor.at\/en\/research\/additive-micro-and-nano-manufacturing\/multimaterial-inkjet-printing\/projects-archive\/improvink\/'>ImprovInk<\/a><\/div>\n            <\/div><\/div><div class='project-element'><div class='feed-wrapper ex'>\n            <div class='img-wrapper'><div class='img' style='background-image:url(\"https:\/\/www.profactor.at\/wp-content\/uploads\/2016\/09\/itextil_web.jpg\")'><\/div> <span class='excerpt'>Im Projekt iTextil widmet sich PROFACTOR \u2013 ausgehend vom globalen Preiswettkampf bei Textilprodukten der Entwicklung technischen, funktioneller Textilien. Im Fokus stehen Nischenanwendungen wie \u00a0Schutzausr\u00fcstungen, medizinische \u00dcberwachungssysteme, technische Textilien und der Heim- und Haus Be ...<a href='https:\/\/www.profactor.at\/en\/research\/additive-micro-and-nano-manufacturing\/multimaterial-inkjet-printing\/projects-archive\/itextil\/'>+<\/a><\/span><\/div>\n            <div class='title'><a href='https:\/\/www.profactor.at\/en\/research\/additive-micro-and-nano-manufacturing\/multimaterial-inkjet-printing\/projects-archive\/itextil\/'>iTextil<\/a><\/div>\n            <\/div><\/div><div class='project-element'><div class='feed-wrapper ex'>\n            <div class='img-wrapper'><div class='img' style='background-image:url(\"https:\/\/www.profactor.at\/wp-content\/uploads\/2016\/09\/MEM4WIN-C-Lapp-Group-3.jpg\")'><\/div> <span class='excerpt'>Windows are of crucial importance for the energy efficiency of buildings. This applies above all to low-energy houses. The cost-effective production of windows with reduced weight, low U-value and the possibility of generating energy is a technological challenge. In the MEM4WIN project, PROFACTOR an ...<a href='https:\/\/www.profactor.at\/en\/research\/additive-micro-and-nano-manufacturing\/multimaterial-inkjet-printing\/projects-archive\/mem4win\/'>+<\/a><\/span><\/div>\n            <div class='title'><a href='https:\/\/www.profactor.at\/en\/research\/additive-micro-and-nano-manufacturing\/multimaterial-inkjet-printing\/projects-archive\/mem4win\/'>MEM4WIN<\/a><\/div>\n            <\/div><\/div><div class='project-element'><div class='feed-wrapper ex'>\n            <div class='img-wrapper'><div class='img' style='background-image:url(\"https:\/\/www.profactor.at\/wp-content\/uploads\/2016\/09\/nextfactory_web.jpg\")'><\/div> <span class='excerpt'>The NextFactory project focuses on a radical innovation in the production of micro-components. Functional elements such as solar modules, micropumps and the like are to be manufactured in a single machine. Production in the machine takes place layer by layer. The following technologies are combined: ...<a href='https:\/\/www.profactor.at\/en\/research\/additive-micro-and-nano-manufacturing\/multimaterial-inkjet-printing\/projects-archive\/nextfactory\/'>+<\/a><\/span><\/div>\n            <div class='title'><a href='https:\/\/www.profactor.at\/en\/research\/additive-micro-and-nano-manufacturing\/multimaterial-inkjet-printing\/projects-archive\/nextfactory\/'>NextFactory<\/a><\/div>\n            <\/div><\/div><div class='project-element'><div class='feed-wrapper ex'>\n            <div class='img-wrapper'><div class='img' style='background-image:url(\"https:\/\/www.profactor.at\/wp-content\/uploads\/2016\/09\/Smartlam_web2.png\")'><\/div> <span class='excerpt'>Microsystems are usually manufactured with expensive and highly specialized tools, changeover times are long. Production in small batch sizes and optimization based on prototypes is hardly possible for components with mechatronic microcomponents - pumps, valves or diaphragms. The SmartLam project is ...<a href='https:\/\/www.profactor.at\/en\/research\/additive-micro-and-nano-manufacturing\/multimaterial-inkjet-printing\/projects-archive\/smartlam\/'>+<\/a><\/span><\/div>\n            <div class='title'><a href='https:\/\/www.profactor.at\/en\/research\/additive-micro-and-nano-manufacturing\/multimaterial-inkjet-printing\/projects-archive\/smartlam\/'>SmartLam<\/a><\/div>\n            <\/div><\/div><div class='project-element'><div class='feed-wrapper ex'>\n            <div class='img-wrapper'><div class='img' style='background-image:url(\"https:\/\/www.profactor.at\/wp-content\/uploads\/2018\/07\/robastics.jpg\")'><\/div> <span class='excerpt'>Der individuell bedruckte Sportschuh ist Realit\u00e4t. Losgr\u00f6\u00dfe 1 ist auch f\u00fcr die Textilindustrie ein Thema. F\u00fcr einen individuell bedruckten Sportschuh gibt es zwei Herangehensweisen: 1. Das Polyester wird vorab flach bedruckt und erst dann als Schuh drapiert und mit einer Sohle versehen. 2. Der  ...<a href='https:\/\/www.profactor.at\/en\/research\/additive-micro-and-nano-manufacturing\/multimaterial-inkjet-printing\/projects-archive\/robastics\/'>+<\/a><\/span><\/div>\n            <div class='title'><a href='https:\/\/www.profactor.at\/en\/research\/additive-micro-and-nano-manufacturing\/multimaterial-inkjet-printing\/projects-archive\/robastics\/'>Robastics<\/a><\/div>\n            <\/div><\/div><div class='project-element'><div class='feed-wrapper ex'>\n            <div class='img-wrapper'><div class='img' style='background-image:url(\"https:\/\/www.profactor.at\/wp-content\/uploads\/2019\/01\/Julia-K\u00f6rner_Costume-Designer-Ruth-Carter_Black-Panther_Marvel_Disney_2018_700.jpg\")'><\/div> <span class='excerpt'>Die Bekleidungsproduktion der Zukunft wieder nach Europa zur\u00fcckzuholen. Urban Manufacturing sieht die Stadt als neuen Produktionsraum, in welchem hochwertige, designorientierte Produkte entstehen. Zudem schafft Urban Manufacturing eine neue N\u00e4he zwischen ProduzentInnen und KonsumentInnen, die heut ...<a href='https:\/\/www.profactor.at\/en\/research\/additive-micro-and-nano-manufacturing\/multimaterial-inkjet-printing\/projects-archive\/re-fream\/'>+<\/a><\/span><\/div>\n            <div class='title'><a href='https:\/\/www.profactor.at\/en\/research\/additive-micro-and-nano-manufacturing\/multimaterial-inkjet-printing\/projects-archive\/re-fream\/'>Re-FREAM<\/a><\/div>\n            <\/div><\/div><\/div>[\/vc_column_text][\/vc_column][vc_column width=&#8221;1\/4&#8243;][vc_column_text el_class=&#8221;reference-person&#8221;]<\/p>\n<div class=\"img-wrapper\"><a href=\"https:\/\/www.profactor.at\/ueber-uns\/team\/attachment\/profactor-26-04-2016-0075\/\"><img loading=\"lazy\" decoding=\"async\" class=\"alignnone wp-image-15800 size-large\" src=\"https:\/\/www.profactor.at\/wp-content\/uploads\/2023\/03\/Profactor-26.04.2016-0075-1024x683.jpg\" alt=\"\" width=\"1024\" height=\"683\" \/><\/a><\/div>\n<div class=\"reference\">\n<h4>Ihr Ansprechpartner<\/h4>\n<p><strong>Hannes Fachberger<br \/>\n<\/strong>Functional Surfaces and Nanostructures<\/p>\n<p>+43 7252 885 410<br \/>\n&#x68;&#x61;&#x6e;&#x6e;&#x65;&#x73;&#x2e;&#x66;&#x61;&#x63;&#x68;&#x62;&#x65;&#x67;&#x65;&#x72;&#x40;<span class=\"oe_displaynone\">null<\/span>&#x70;&#x72;&#x6f;&#x66;&#x61;&#x63;&#x74;&#x6f;&#x72;&#x2e;&#x61;&#x74;<\/p>\n<\/div>\n<p>[\/vc_column_text][\/vc_column][\/vc_row]<\/p>\n<div class=\"shariff shariff-align-flex-start shariff-widget-align-flex-start\"><ul class=\"shariff-buttons theme-round orientation-horizontal buttonsize-medium\"><li class=\"shariff-button linkedin shariff-nocustomcolor\" style=\"background-color:#1488bf\"><a href=\"https:\/\/www.linkedin.com\/sharing\/share-offsite\/?url=https%3A%2F%2Fwww.profactor.at%2Fen%2Fresearch%2Fadditive-micro-and-nano-manufacturing%2Fmultimaterial-inkjet-printing%2Fprojects-archive%2F\" title=\"Bei LinkedIn teilen\" aria-label=\"Bei LinkedIn teilen\" role=\"button\" rel=\"noopener nofollow\" class=\"shariff-link\" style=\"; background-color:#0077b5; color:#fff\" target=\"_blank\"><span class=\"shariff-icon\" style=\"\"><svg width=\"32px\" height=\"20px\" xmlns=\"http:\/\/www.w3.org\/2000\/svg\" viewBox=\"0 0 27 32\"><path fill=\"#0077b5\" d=\"M6.2 11.2v17.7h-5.9v-17.7h5.9zM6.6 5.7q0 1.3-0.9 2.2t-2.4 0.9h0q-1.5 0-2.4-0.9t-0.9-2.2 0.9-2.2 2.4-0.9 2.4 0.9 0.9 2.2zM27.4 18.7v10.1h-5.9v-9.5q0-1.9-0.7-2.9t-2.3-1.1q-1.1 0-1.9 0.6t-1.2 1.5q-0.2 0.5-0.2 1.4v9.9h-5.9q0-7.1 0-11.6t0-5.3l0-0.9h5.9v2.6h0q0.4-0.6 0.7-1t1-0.9 1.6-0.8 2-0.3q3 0 4.9 2t1.9 6z\"\/><\/svg><\/span><\/a><\/li><\/ul><\/div><\/div>","protected":false},"excerpt":{"rendered":"<p>[vc_row][vc_column width=&#8221;3\/4&#8243;][vc_column_text] Mutlimaterial Inkjet Printing [\/vc_column_text][\/vc_column][vc_column width=&#8221;1\/4&#8243;][vc_column_text el_class=&#8221;reference-person&#8221;] Ihr Ansprechpartner Hannes Fachberger Functional Surfaces and Nanostructures +43 7252 885 410 &#x68;&#x61;&#x6e;&#x6e;&#x65;&#x73;&#x2e;&#x66;&#x61;&#x63;&#x68;&#x62;&#x65;&#x67;&#x65;&#x72;&#x40;null&#x70;&#x72;&#x6f;&#x66;&#x61;&#x63;&#x74;&#x6f;&#x72;&#x2e;&#x61;&#x74; [\/vc_column_text][\/vc_column][\/vc_row]<\/p>\n","protected":false},"author":20,"featured_media":0,"parent":370,"menu_order":30,"comment_status":"closed","ping_status":"closed","template":"","meta":{"footnotes":""},"categories":[],"tags":[],"class_list":["post-16820","page","type-page","status-publish","hentry"],"_links":{"self":[{"href":"https:\/\/www.profactor.at\/en\/wp-json\/wp\/v2\/pages\/16820","targetHints":{"allow":["GET"]}}],"collection":[{"href":"https:\/\/www.profactor.at\/en\/wp-json\/wp\/v2\/pages"}],"about":[{"href":"https:\/\/www.profactor.at\/en\/wp-json\/wp\/v2\/types\/page"}],"author":[{"embeddable":true,"href":"https:\/\/www.profactor.at\/en\/wp-json\/wp\/v2\/users\/20"}],"replies":[{"embeddable":true,"href":"https:\/\/www.profactor.at\/en\/wp-json\/wp\/v2\/comments?post=16820"}],"version-history":[{"count":6,"href":"https:\/\/www.profactor.at\/en\/wp-json\/wp\/v2\/pages\/16820\/revisions"}],"predecessor-version":[{"id":17519,"href":"https:\/\/www.profactor.at\/en\/wp-json\/wp\/v2\/pages\/16820\/revisions\/17519"}],"up":[{"embeddable":true,"href":"https:\/\/www.profactor.at\/en\/wp-json\/wp\/v2\/pages\/370"}],"wp:attachment":[{"href":"https:\/\/www.profactor.at\/en\/wp-json\/wp\/v2\/media?parent=16820"}],"wp:term":[{"taxonomy":"category","embeddable":true,"href":"https:\/\/www.profactor.at\/en\/wp-json\/wp\/v2\/categories?post=16820"},{"taxonomy":"post_tag","embeddable":true,"href":"https:\/\/www.profactor.at\/en\/wp-json\/wp\/v2\/tags?post=16820"}],"curies":[{"name":"wp","href":"https:\/\/api.w.org\/{rel}","templated":true}]}}