{"id":12582,"date":"2019-11-28T10:04:12","date_gmt":"2019-11-28T10:04:12","guid":{"rendered":"http:\/\/www.profactor.at\/?page_id=12582"},"modified":"2019-11-28T10:23:08","modified_gmt":"2019-11-28T10:23:08","slug":"medusa","status":"publish","type":"page","link":"https:\/\/www.profactor.at\/en\/research\/industrial-automation-systems\/human-centered-computing\/projects\/medusa\/","title":{"rendered":"Medusa"},"content":{"rendered":"<div class=\"wpb-content-wrapper\"><p>[vc_row][vc_column width=&#8221;3\/4&#8243;][vc_column_text]<div class=\"overview-image-wrapper\"><div class=\"img\" style=\"background-image:url(https:\/\/www.profactor.at\/wp-content\/uploads\/2019\/03\/Activity-Tracking-im-Operationssaal.jpg);\"\/><\/div><div class=\"overview-caption\"><\/div><\/div>[\/vc_column_text][vc_column_text]Brain surgeries are very challenging and difficult interventions. They are only possible with the help of high technology and exceptional cognitive and motor skills of neurosurgeons. The project &#8220;Medical EDUcation in Surgical Aneurysm clipping (MEDUSA)&#8221; creates an innovative training and planning platform for neurosurgeons.<\/p>\n<p>A hybrid neurosurgical simulator will connect the real and virtual world to create versatile and realistic training possibilities. Surgeons can feel the \u201cartificially made\u201d patient haptically and see inner, otherwise invisible anatomical structures in the form of virtually generated holograms.[\/vc_column_text][vc_column_text]<\/p>\n<h3 class=\"vc_custom_heading\">Visual understanding in the operating room<\/h3>\n<p>[\/vc_column_text][vc_column_text]In this project, <strong>PROFACTOR<\/strong> uses technologies that have been developed in recent years for assistance systems. What was previously used to <strong>digitize workers<\/strong>, their tools, and their workpieces in the production plant, is now being applied to surgeons in the operating room.\u00a0 The in-house development <strong>Assembly Eye<\/strong> will make it possible to track the surgical team and its activities without invasive sensors. This is will be done by extracting the movements of the individual actors from <strong>2D image data in a spatial and temporal context<\/strong> and digitize what is relevant for the process. Envisioned applications are the <strong>analysis of surgical interventions in a training context and documentation of real surgeries<\/strong>.[\/vc_column_text][vc_separator border_width=&#8221;3&#8243; el_width=&#8221;80&#8243;][vc_column_text]<strong>Project name:<br \/>\n<\/strong><\/p>\n<p>Medical EDUcation in Surgical Aneurysm clipping (MEDUSA)\u201c<\/p>\n<p><strong>Funding:<br \/>\n<\/strong><\/p>\n<p>Medical Upper Austria &#8211; Leitprojekt Medizintechnik<\/p>\n<p>Dieses Projekt wird aus Mitteln des Strategischen Wirtschafts- und Forschungsprogramms \u201eInnovatives O\u00d6 2020\u201c vom Land Ober\u00f6sterreich gef\u00f6rdert.<\/p>\n<p><img loading=\"lazy\" decoding=\"async\" class=\"alignnone wp-image-12592\" src=\"http:\/\/www.profactor.at\/wp-content\/uploads\/2019\/11\/Forschungs-Land_Logo_RGB_300dpi-300x158.jpg\" alt=\"\" width=\"200\" height=\"105\" srcset=\"https:\/\/www.profactor.at\/wp-content\/uploads\/2019\/11\/Forschungs-Land_Logo_RGB_300dpi-300x158.jpg 300w, https:\/\/www.profactor.at\/wp-content\/uploads\/2019\/11\/Forschungs-Land_Logo_RGB_300dpi.jpg 700w\" sizes=\"auto, (max-width: 200px) 100vw, 200px\" \/><\/p>\n<p><img loading=\"lazy\" decoding=\"async\" class=\"wp-image-8533 size-medium alignnone\" src=\"http:\/\/www.profactor.at\/wp-content\/uploads\/2017\/10\/Programmlogo-300x50.jpg\" alt=\"\" width=\"300\" height=\"50\" srcset=\"https:\/\/www.profactor.at\/wp-content\/uploads\/2017\/10\/Programmlogo-300x50.jpg 300w, https:\/\/www.profactor.at\/wp-content\/uploads\/2017\/10\/Programmlogo-768x127.jpg 768w, https:\/\/www.profactor.at\/wp-content\/uploads\/2017\/10\/Programmlogo-1024x169.jpg 1024w, https:\/\/www.profactor.at\/wp-content\/uploads\/2017\/10\/Programmlogo.jpg 1308w\" sizes=\"auto, (max-width: 300px) 100vw, 300px\" \/><\/p>\n<p><strong>Duration:<br \/>\n<\/strong><\/p>\n<p>1.7.2019 \u2013 30.06.2019<\/p>\n<p><strong>Partner:<\/strong><\/p>\n<p>RISC Software GmbH \u2013 Unit Medizin Informatik (Konsortialf\u00fchrer), Universit\u00e4tsklinik f\u00fcr Neurochirurgie am Kepleruniversit\u00e4tsklinikum, FH-O\u00d6 Forschungs- und Entwicklungs GmbH \u2013 Forschungsgruppe ReSSL, Johannes Kepler Universit\u00e4t \u2013 Institute of Polymer Product Engineering (IPPE), JKU \u2013 Institut f\u00fcr Polymerwissenschaften (IPW), AMC alpha medical concepts e.U., CortEXplore GmbH, EVO-tech GmbH, LIFEtool GmbH, eulerian solutions e.U., Netural GmbH,Profactor GmbH und R\u2019n\u2019B Medical Software Consulting Gmbh.[\/vc_column_text][\/vc_column][vc_column width=&#8221;1\/4&#8243; el_class=&#8221;page-sidebar page-reference-sidebar&#8221;][vc_column_text el_class=&#8221;reference-person&#8221;]<\/p>\n<div class=\"img-wrapper\">\n<div class=\"img-wrapper\"><img loading=\"lazy\" decoding=\"async\" class=\"alignnone wp-image-2773 size-medium\" src=\"http:\/\/www.profactor.at\/wp-content\/uploads\/2016\/07\/Ansprechpartner_hbauer_visualcomputing_web-300x261.jpg\" alt=\"ansprechpartner_hbauer_visualcomputing_web\" width=\"300\" height=\"261\" srcset=\"https:\/\/www.profactor.at\/wp-content\/uploads\/2016\/07\/Ansprechpartner_hbauer_visualcomputing_web-300x261.jpg 300w, https:\/\/www.profactor.at\/wp-content\/uploads\/2016\/07\/Ansprechpartner_hbauer_visualcomputing_web.jpg 466w\" sizes=\"auto, (max-width: 300px) 100vw, 300px\" \/><\/div>\n<div class=\"reference\">\n<h4>Your contact<\/h4>\n<p><b>DI(FH) Harald Bauer<\/b><\/p>\n<p>Head of Visual Computing<\/p>\n<p>+43 7252 885 302<br \/>\n&#x68;&#x61;&#x72;&#x61;&#x6c;&#x64;&#x2e;&#x62;&#x61;&#x75;&#x65;&#x72;&#x40;<span class=\"oe_displaynone\">null<\/span>&#x70;&#x72;&#x6f;&#x66;&#x61;&#x63;&#x74;&#x6f;&#x72;&#x2e;&#x61;&#x74;<\/p>\n<\/div>\n<\/div>\n<p>[\/vc_column_text][vc_column_text el_class=&#8221;cta-area&#8221;]<\/p>\n<h3>We answer&#8230;<\/h3>\n<p><a class=\"btn cta\" href=\"mailto:&#x68;&#x61;&#x72;&#x61;&#x6c;&#x64;&#x2e;&#x62;&#x61;&#x75;&#x65;&#x72;&#x40;&#x70;&#x72;&#x6f;&#x66;&#x61;&#x63;&#x74;&#x6f;&#x72;&#x2e;&#x61;&#x74;\">&#8230; your questions<\/a>[\/vc_column_text][\/vc_column][\/vc_row]<\/p>\n<div class=\"shariff shariff-align-flex-start shariff-widget-align-flex-start\"><ul class=\"shariff-buttons theme-round orientation-horizontal buttonsize-medium\"><li class=\"shariff-button linkedin shariff-nocustomcolor\" style=\"background-color:#1488bf\"><a href=\"https:\/\/www.linkedin.com\/sharing\/share-offsite\/?url=https%3A%2F%2Fwww.profactor.at%2Fen%2Fresearch%2Findustrial-automation-systems%2Fhuman-centered-computing%2Fprojects%2Fmedusa%2F\" title=\"Bei LinkedIn teilen\" aria-label=\"Bei LinkedIn teilen\" role=\"button\" rel=\"noopener nofollow\" class=\"shariff-link\" style=\"; background-color:#0077b5; color:#fff\" target=\"_blank\"><span class=\"shariff-icon\" style=\"\"><svg width=\"32px\" height=\"20px\" xmlns=\"http:\/\/www.w3.org\/2000\/svg\" viewBox=\"0 0 27 32\"><path fill=\"#0077b5\" d=\"M6.2 11.2v17.7h-5.9v-17.7h5.9zM6.6 5.7q0 1.3-0.9 2.2t-2.4 0.9h0q-1.5 0-2.4-0.9t-0.9-2.2 0.9-2.2 2.4-0.9 2.4 0.9 0.9 2.2zM27.4 18.7v10.1h-5.9v-9.5q0-1.9-0.7-2.9t-2.3-1.1q-1.1 0-1.9 0.6t-1.2 1.5q-0.2 0.5-0.2 1.4v9.9h-5.9q0-7.1 0-11.6t0-5.3l0-0.9h5.9v2.6h0q0.4-0.6 0.7-1t1-0.9 1.6-0.8 2-0.3q3 0 4.9 2t1.9 6z\"\/><\/svg><\/span><\/a><\/li><\/ul><\/div><\/div>","protected":false},"excerpt":{"rendered":"<p>[vc_row][vc_column width=&#8221;3\/4&#8243;][vc_column_text][\/vc_column_text][vc_column_text]Brain surgeries are very challenging and difficult interventions. They are only possible with the help of high technology and exceptional cognitive and motor skills of neurosurgeons. The project &#8220;Medical EDUcation in Surgical Aneurysm clipping (MEDUSA)&#8221; creates an innovative training and planning platform for neurosurgeons. A hybrid neurosurgical simulator will connect the real and virtual &hellip;<\/p>\n","protected":false},"author":13,"featured_media":12578,"parent":362,"menu_order":1000,"comment_status":"closed","ping_status":"closed","template":"","meta":{"footnotes":""},"categories":[],"tags":[],"class_list":["post-12582","page","type-page","status-publish","has-post-thumbnail","hentry"],"_links":{"self":[{"href":"https:\/\/www.profactor.at\/en\/wp-json\/wp\/v2\/pages\/12582","targetHints":{"allow":["GET"]}}],"collection":[{"href":"https:\/\/www.profactor.at\/en\/wp-json\/wp\/v2\/pages"}],"about":[{"href":"https:\/\/www.profactor.at\/en\/wp-json\/wp\/v2\/types\/page"}],"author":[{"embeddable":true,"href":"https:\/\/www.profactor.at\/en\/wp-json\/wp\/v2\/users\/13"}],"replies":[{"embeddable":true,"href":"https:\/\/www.profactor.at\/en\/wp-json\/wp\/v2\/comments?post=12582"}],"version-history":[{"count":12,"href":"https:\/\/www.profactor.at\/en\/wp-json\/wp\/v2\/pages\/12582\/revisions"}],"predecessor-version":[{"id":12601,"href":"https:\/\/www.profactor.at\/en\/wp-json\/wp\/v2\/pages\/12582\/revisions\/12601"}],"up":[{"embeddable":true,"href":"https:\/\/www.profactor.at\/en\/wp-json\/wp\/v2\/pages\/362"}],"wp:featuredmedia":[{"embeddable":true,"href":"https:\/\/www.profactor.at\/en\/wp-json\/wp\/v2\/media\/12578"}],"wp:attachment":[{"href":"https:\/\/www.profactor.at\/en\/wp-json\/wp\/v2\/media?parent=12582"}],"wp:term":[{"taxonomy":"category","embeddable":true,"href":"https:\/\/www.profactor.at\/en\/wp-json\/wp\/v2\/categories?post=12582"},{"taxonomy":"post_tag","embeddable":true,"href":"https:\/\/www.profactor.at\/en\/wp-json\/wp\/v2\/tags?post=12582"}],"curies":[{"name":"wp","href":"https:\/\/api.w.org\/{rel}","templated":true}]}}