{"id":11370,"date":"2019-01-23T09:20:07","date_gmt":"2019-01-23T09:20:07","guid":{"rendered":"https:\/\/www.profactor.at\/?page_id=11370"},"modified":"2023-11-22T12:35:28","modified_gmt":"2023-11-22T11:35:28","slug":"re-fream","status":"publish","type":"page","link":"https:\/\/www.profactor.at\/en\/research\/additive-micro-and-nano-manufacturing\/multimaterial-inkjet-printing\/projects-archive\/re-fream\/","title":{"rendered":"Re-FREAM"},"content":{"rendered":"<div class=\"wpb-content-wrapper\"><p>[vc_row][vc_column width=&#8221;3\/4&#8243;][vc_column_text]<div class=\"overview-image-wrapper\"><div class=\"img\" style=\"background-image:url(https:\/\/www.profactor.at\/wp-content\/uploads\/2019\/01\/Julia-K\u00f6rner_Costume-Designer-Ruth-Carter_Black-Panther_Marvel_Disney_2018_700.jpg);\"\/><\/div><div class=\"overview-caption\">(c) Julia K\u00f6rner_Costume Designer Ruth Carter_Black Panther_Marvel_Disney_2018<\/div><\/div>[\/vc_column_text][vc_column_text]Die Bekleidungsproduktion der Zukunft wieder nach Europa zur\u00fcckzuholen. Urban Manufacturing sieht die Stadt als neuen Produktionsraum, in welchem hochwertige, designorientierte Produkte entstehen. Zudem schafft Urban Manufacturing eine neue N\u00e4he zwischen ProduzentInnen und KonsumentInnen, die heute genau wissen m\u00f6chten, wo und wie ein Produkt hergestellt wird. \u201eVor allem f\u00fcr die Mode bietet Urban Manufacturing die gro\u00dfe Chance, eine Alternative zur viel kritisierten Produktion in Billiglohnl\u00e4ndern zu schaffen. Dies ist heute durch neue Technologien m\u00f6glich, welche derzeit nicht nur die Mode selbst, sondern auch die Art und Weise, wie diese gestaltet und produziert wird, ver\u00e4ndern.<\/p>\n<p>Im Projekt, wird in\u00a0 drei Innovationhubs Valencia, Berlin und Linz an dreiwichtigen Fragestellungen der Mode der Zukunft gearbeitet: Nachhaltigkeit, elektronische Textilien sowie 3DDruck.In zwei Ausschreibungen sucht das Projekt K\u00fcnstler und Designer, die mit bahnbrechenden Ideen gemeinsam mit Forschern bestehende Technologien weiterentwickeln. Dabei werden 20 Forschungsprojekte gef\u00f6rdert.<\/p>\n<p><strong>K\u00fcnstlerInnen und DesignerInnen k\u00f6nnen sich\u00a0 bewerben<\/strong><\/p>\n<p>Die Calls sind mit bis zu 55.000 Euro pro Projekt dotiert und werden von einer fachkundigen Jury ausgew\u00e4hlt. Die erfolgreichen Einreichungen werden dann in den drei Hubs im Rahmen eines Co-Creation Prozesses professionell begleitet. Die ausgew\u00e4hlten K\u00fcnstlerInnen und Creators haben so die Chance, gemeinsam mit ForscherInnen die Mode der Zukunft zu revolutionieren.<\/p>\n<p>Technologische Herausforderungen sind unter anderem zum Beispiel:<\/p>\n<ul>\n<li>Im Hub \u201eAdditive Manufacturing\u201c in und um Linz werden unter anderem elektrisch leitf\u00e4hige, elastische, polymerbasierter Materialien optimiert, die mittels Tintenstrahlbasierten 3D Druck, dem sogenannten <strong>\u201eVoxel Printing\u201c.<\/strong>\u00a0Diese Technologie erm\u00f6glicht es komplexe und funktionelle Geometrien mit aufw\u00e4ndigen Details und feinen Oberfl\u00e4chen zu drucken. Unter anderem k\u00f6nnen verschiedenen Tinten w\u00e4hrend eines Druckvorgangs eingesetzt werden \u2013 das l\u00e4sst verschiedene Farbeffekte und Funktionalit\u00e4ten zu. \u00a0PROFACTOR hat jahrelange Erfahrung mit dieser Technologie.<\/li>\n<li>Im Hub \u201eElectronic and Textile\u201c werden Smart-Textiles Anwendungen mit K\u00fcnstlern\/innen weiterentwickelt. Dabei sollen auch die Materialien aus dem Additive Manufacturing Hub zur Anwendung kommen und damit eine M\u00f6glichkeit f\u00fcr die digitale Herstellung dieser intelligenten Kleidung bieten. Das soll \u201eUrban Manufacturing\u201c in kleiner Losgr\u00f6\u00dfe in Europa erleichtern.<\/li>\n<li>Im Hub \u201eEco-finising for fashion\u201c werden Technologien entwickelt, die den F\u00e4rbe- und Waschprozess von Textilien umweltfreundlicher machen sollen und vor allem den Verbrauch an Wasser w\u00e4hrend dieser Prozesse zu reduzieren. Des Weiteren wird eine Lasertechnologie zur Gestaltung von Textilien weiterentwickelt, die zus\u00e4tzlich zu den 3D Druck Methoden direkt am Textil f\u00fcr optische M\u00f6glichkeiten sorgen soll.<\/li>\n<\/ul>\n<p><strong>Die Mode der Zukunft ist smart und urban \u2013 und kommt aus dem 3D-Drucker<\/strong><\/p>\n<p>Diese drei Hubs in Valencia, Berlin und Linz bauen in ihren jeweiligen Schwerpunkten das \u00d6kosystem der st\u00e4dtischen Modeproduktion auf. Sie vernetzen Technologieanbieter, Unternehmen, Kreativ- und Kunstzentren sowie Produktionsst\u00e4tten. Au\u00dferdem bieten sie Innovationsr\u00e4ume f\u00fcr Exploration, Kreativit\u00e4t, Kleinproduktion, Wissens- und Innovationstransfer an Modedesigner und -macher. Besonders 3D-Druck spielt eine wichtige Rolle \u2013 denn dieser erm\u00f6glicht auch die Produktion von umweltfreundlichen und elektronischen Textilien, die f\u00fcr smarte Mode relevant sind.<\/p>\n<p><strong>Projekname:<br \/>\n<\/strong>Re-FREAM: Re-Thinking of Fashion in Research and Artist collaborating development for Urban Manufacturing<\/p>\n<p><strong>F\u00f6rderung\u00a0<\/strong><br \/>\nH2020 \u2013\u00a0ICT-32-2018 \u2013\u00a0 STARTS \u2013 The Arts stimulating innovation<\/p>\n<p><strong><img loading=\"lazy\" decoding=\"async\" class=\"alignright wp-image-11371\" src=\"https:\/\/www.profactor.at\/wp-content\/uploads\/2019\/01\/STARTS-Main-Logo-Black.png\" alt=\"\" width=\"300\" height=\"212\" srcset=\"https:\/\/www.profactor.at\/wp-content\/uploads\/2019\/01\/STARTS-Main-Logo-Black.png 3507w, https:\/\/www.profactor.at\/wp-content\/uploads\/2019\/01\/STARTS-Main-Logo-Black-300x212.png 300w, https:\/\/www.profactor.at\/wp-content\/uploads\/2019\/01\/STARTS-Main-Logo-Black-768x543.png 768w, https:\/\/www.profactor.at\/wp-content\/uploads\/2019\/01\/STARTS-Main-Logo-Black-1024x724.png 1024w\" sizes=\"auto, (max-width: 300px) 100vw, 300px\" \/>Laufzeit<\/strong><br \/>\nDezember 2018 \u2013 November 2021<\/p>\n<p><strong>Projektpartner\u00a0<\/strong><\/p>\n<ul>\n<li>Creative Region Linz&amp; Upper Austria GmbH<\/li>\n<li>PROFACTOR GmbH<\/li>\n<li>Associacion de Investigacion de la Industria Textil<\/li>\n<li>Wear-it Berlin GmbH<\/li>\n<li>Care Applications, S.L.U<\/li>\n<li>INSTITUTO EUROPEO DI DESIGN SL<\/li>\n<li>CONSORZIO ARCA- CONSORZIO PER LA PROMOZIONE DELLE APPLICAZIONI DELLA RICERA E LA CREAZIONE DI AZIENDE INNOVATIVE<\/li>\n<li>HARATECH GmbH<\/li>\n<li>UNIVERSIT\u00c4T F\u00dcR K\u00dcNSTLERISCHE UND INDUSTRIELLE GESTALTUNG LINZ<\/li>\n<li>STRATYSYS LTD<\/li>\n<li>FRAUNHOFER GESELLSCHAFT ZUR F\u00d6RDERUNG DER ANGEWANDTEN FORSCHUNG E.V.<\/li>\n<li>EIDGEN\u00d6SSISCHE MATERIALPR\u00dcFUNGS- UND FORSCHUNGSANSTALT<\/li>\n<\/ul>\n<p>[\/vc_column_text][\/vc_column][vc_column width=&#8221;1\/4&#8243; el_class=&#8221;page-sidebar page-reference-sidebar&#8221;][vc_column_text el_class=&#8221;reference-person&#8221;]<\/p>\n<div class=\"img-wrapper\"><a href=\"https:\/\/www.profactor.at\/ueber-uns\/team\/attachment\/profactor-26-04-2016-0075\/\"><img loading=\"lazy\" decoding=\"async\" class=\"alignnone wp-image-15800 size-large\" src=\"https:\/\/www.profactor.at\/wp-content\/uploads\/2023\/03\/Profactor-26.04.2016-0075-1024x683.jpg\" alt=\"\" width=\"1024\" height=\"683\" \/><\/a><\/div>\n<div class=\"reference\">\n<h4>Ihr Ansprechpartner<\/h4>\n<p><strong>Hannes Fachberger<br \/>\n<\/strong>Functional Surfaces and Nanostructures<\/p>\n<p>+43 7252 885 410<br \/>\n&#x68;&#x61;&#x6e;&#x6e;&#x65;&#x73;&#x2e;&#x66;&#x61;&#x63;&#x68;&#x62;&#x65;&#x67;&#x65;&#x72;&#x40;<span class=\"oe_displaynone\">null<\/span>&#x70;&#x72;&#x6f;&#x66;&#x61;&#x63;&#x74;&#x6f;&#x72;&#x2e;&#x61;&#x74;<\/p>\n<\/div>\n<p>[\/vc_column_text][vc_column_text el_class=&#8221;cta-area&#8221;]<\/p>\n<h3>Gerne antworten wir&#8230;<\/h3>\n<p><a class=\"btn cta\" href=\"mailto:&#x6a;&#x75;&#x6c;&#x69;&#x61;&#x2e;&#x6b;&#x61;&#x73;&#x74;&#x6e;&#x65;&#x72;&#x40;&#x70;&#x72;&#x6f;&#x66;&#x61;&#x63;&#x74;&#x6f;&#x72;&#x2e;&#x61;&#x74;\">&#8230; auf Ihre Fragen<\/a>[\/vc_column_text][vc_column_text el_class=&#8221;reference-person&#8221;][\/vc_column_text][\/vc_column][\/vc_row]<\/p>\n<div class=\"shariff shariff-align-flex-start shariff-widget-align-flex-start\"><ul class=\"shariff-buttons theme-round orientation-horizontal buttonsize-medium\"><li class=\"shariff-button linkedin shariff-nocustomcolor\" style=\"background-color:#1488bf\"><a href=\"https:\/\/www.linkedin.com\/sharing\/share-offsite\/?url=https%3A%2F%2Fwww.profactor.at%2Fen%2Fresearch%2Fadditive-micro-and-nano-manufacturing%2Fmultimaterial-inkjet-printing%2Fprojects-archive%2Fre-fream%2F\" title=\"Bei LinkedIn teilen\" aria-label=\"Bei LinkedIn teilen\" role=\"button\" rel=\"noopener nofollow\" class=\"shariff-link\" style=\"; background-color:#0077b5; color:#fff\" target=\"_blank\"><span class=\"shariff-icon\" style=\"\"><svg width=\"32px\" height=\"20px\" xmlns=\"http:\/\/www.w3.org\/2000\/svg\" viewBox=\"0 0 27 32\"><path fill=\"#0077b5\" d=\"M6.2 11.2v17.7h-5.9v-17.7h5.9zM6.6 5.7q0 1.3-0.9 2.2t-2.4 0.9h0q-1.5 0-2.4-0.9t-0.9-2.2 0.9-2.2 2.4-0.9 2.4 0.9 0.9 2.2zM27.4 18.7v10.1h-5.9v-9.5q0-1.9-0.7-2.9t-2.3-1.1q-1.1 0-1.9 0.6t-1.2 1.5q-0.2 0.5-0.2 1.4v9.9h-5.9q0-7.1 0-11.6t0-5.3l0-0.9h5.9v2.6h0q0.4-0.6 0.7-1t1-0.9 1.6-0.8 2-0.3q3 0 4.9 2t1.9 6z\"\/><\/svg><\/span><\/a><\/li><\/ul><\/div><\/div>","protected":false},"excerpt":{"rendered":"<p>[vc_row][vc_column width=&#8221;3\/4&#8243;][vc_column_text][\/vc_column_text][vc_column_text]Die Bekleidungsproduktion der Zukunft wieder nach Europa zur\u00fcckzuholen. Urban Manufacturing sieht die Stadt als neuen Produktionsraum, in welchem hochwertige, designorientierte Produkte entstehen. Zudem schafft Urban Manufacturing eine neue N\u00e4he zwischen ProduzentInnen und KonsumentInnen, die heute genau wissen m\u00f6chten, wo und wie ein Produkt hergestellt wird. \u201eVor allem f\u00fcr die Mode bietet Urban Manufacturing die &hellip;<\/p>\n","protected":false},"author":13,"featured_media":11350,"parent":16820,"menu_order":1000,"comment_status":"closed","ping_status":"closed","template":"","meta":{"footnotes":""},"categories":[],"tags":[],"class_list":["post-11370","page","type-page","status-publish","has-post-thumbnail","hentry"],"_links":{"self":[{"href":"https:\/\/www.profactor.at\/en\/wp-json\/wp\/v2\/pages\/11370","targetHints":{"allow":["GET"]}}],"collection":[{"href":"https:\/\/www.profactor.at\/en\/wp-json\/wp\/v2\/pages"}],"about":[{"href":"https:\/\/www.profactor.at\/en\/wp-json\/wp\/v2\/types\/page"}],"author":[{"embeddable":true,"href":"https:\/\/www.profactor.at\/en\/wp-json\/wp\/v2\/users\/13"}],"replies":[{"embeddable":true,"href":"https:\/\/www.profactor.at\/en\/wp-json\/wp\/v2\/comments?post=11370"}],"version-history":[{"count":4,"href":"https:\/\/www.profactor.at\/en\/wp-json\/wp\/v2\/pages\/11370\/revisions"}],"predecessor-version":[{"id":17525,"href":"https:\/\/www.profactor.at\/en\/wp-json\/wp\/v2\/pages\/11370\/revisions\/17525"}],"up":[{"embeddable":true,"href":"https:\/\/www.profactor.at\/en\/wp-json\/wp\/v2\/pages\/16820"}],"wp:featuredmedia":[{"embeddable":true,"href":"https:\/\/www.profactor.at\/en\/wp-json\/wp\/v2\/media\/11350"}],"wp:attachment":[{"href":"https:\/\/www.profactor.at\/en\/wp-json\/wp\/v2\/media?parent=11370"}],"wp:term":[{"taxonomy":"category","embeddable":true,"href":"https:\/\/www.profactor.at\/en\/wp-json\/wp\/v2\/categories?post=11370"},{"taxonomy":"post_tag","embeddable":true,"href":"https:\/\/www.profactor.at\/en\/wp-json\/wp\/v2\/tags?post=11370"}],"curies":[{"name":"wp","href":"https:\/\/api.w.org\/{rel}","templated":true}]}}