{"id":10244,"date":"2018-07-05T15:51:52","date_gmt":"2018-07-05T15:51:52","guid":{"rendered":"https:\/\/www.profactor.at\/?page_id=10244"},"modified":"2023-08-30T10:54:50","modified_gmt":"2023-08-30T09:54:50","slug":"robastics","status":"publish","type":"page","link":"https:\/\/www.profactor.at\/en\/research\/additive-micro-and-nano-manufacturing\/multimaterial-inkjet-printing\/projects-archive\/robastics\/","title":{"rendered":"Robastics"},"content":{"rendered":"<div class=\"wpb-content-wrapper\"><p>[vc_row][vc_column width=&#8221;3\/4&#8243;][vc_column_text]<div class=\"overview-image-wrapper\"><div class=\"img\" style=\"background-image:url(https:\/\/www.profactor.at\/wp-content\/uploads\/2018\/07\/robastics.jpg);\"\/><\/div><div class=\"overview-caption\"><\/div><\/div>[\/vc_column_text][vc_column_text]<strong>Der individuell bedruckte Sportschuh ist Realit\u00e4t.<\/strong><\/p>\n<p>Losgr\u00f6\u00dfe 1 ist auch f\u00fcr die Textilindustrie ein Thema. F\u00fcr einen individuell bedruckten Sportschuh gibt es zwei Herangehensweisen:<br \/>\n1. Das Polyester wird vorab flach bedruckt und erst dann als Schuh drapiert und mit einer Sohle versehen. 2. Der fertig zusammengef\u00fcgte Turnschuh wird bedruckt. Das setzt die robotische F\u00fchrung eines Inkjet-Druckkopfs rund um das Objekt voraus. Die Technologie ist bereits Realit\u00e4t bei PROFACTOR. Der Roboter erstellt \u00fcber eine 3D-Modellierung des Objekts seinen f\u00fcr den Druck n\u00f6tigen Pfad rund um den Sportschuh selbst.<\/p>\n<p>PROFACTOR widmet sich im ROBASTICS Projekt um beide Varianten. Vor allem vor dem Hintergrund additiv gefertigter Schuhe ist speziell die zweite L\u00f6sung interessant. Das bietet auch eine Perspektive f\u00fcr die R\u00fcckkehr der bislang arbeitsintensiven Fertigung aus Niedriglohnl\u00e4ndern nach Europa. Die Vision: Ein Sportschuh wird nach den Anforderungen des Kunden im Shop additiv gefertigt und vor Ort mit einem Design nach Wunsch versehen.<br \/>\n.<br \/>\n<strong>Im Fokus: Die Vor- und Nachbehandlung beim Inkjet Druck<\/strong><br \/>\nDas Bedrucken von stark beanspruchten Objekten wie Sportschuhen stellt hohe Anforderungen an Tinten und an den Druckprozess, vor allem was N\u00e4sse und Abriebfestigkeit betrifft. PROFACTOR konzentriert sich auf die Vor- und Nachbehandlung der von Partnern entwickelten Hybridtinten. Sie sind sowohl wasserbasiert als auch UV-aush\u00e4rtend. Die Vorbehandlung der Stoffe (Polyesternetze) erfolgt mit Plasma. Die Nachbehandlung erfolgt unter anderem mit Infrarot und UV-Aush\u00e4rtung.<\/p>\n<p>&nbsp;<\/p>\n<p>\u201eDie Verbindung von <strong>Robotik und Inkjet-Druck<\/strong> erm\u00f6glicht das individuelle Gestalten von Schuhen \u2013 und ist damit ein Schritt, die Produktion nach Europa zur\u00fcckzuholen.\u201c <em>DI Julia Kastner,\u00a0 Scientist<\/em><\/p>\n<p><strong>Projektname<\/strong><br \/>\nROBASTICS &#8211; Graphical digital print onto sport shoes and soles with robotassisted\u00a0 inkjet printers for individualized sport products<\/p>\n<p><img loading=\"lazy\" decoding=\"async\" class=\"alignnone size-medium wp-image-10259\" src=\"https:\/\/www.profactor.at\/wp-content\/uploads\/2018\/07\/ROBASTICS-300x134.jpg\" alt=\"\" width=\"300\" height=\"134\" srcset=\"https:\/\/www.profactor.at\/wp-content\/uploads\/2018\/07\/ROBASTICS-300x134.jpg 300w, https:\/\/www.profactor.at\/wp-content\/uploads\/2018\/07\/ROBASTICS-768x344.jpg 768w, https:\/\/www.profactor.at\/wp-content\/uploads\/2018\/07\/ROBASTICS.jpg 924w\" sizes=\"auto, (max-width: 300px) 100vw, 300px\" \/><\/p>\n<p><strong>F\u00f6rderung<\/strong><br \/>\nFFG &#8211; \u201cBeyond Europe\u201d \u2013 Programme for Internationalisation of RTI Projects, Cooperative R&amp;D Project<\/p>\n<p><strong>Laufzeit<\/strong><br \/>\n10\/2017-09\/2020<\/p>\n<p><strong>Partner<\/strong><br \/>\nTiger Coatings GmbH &amp; Co. KG (AUT, Koordinator)<br \/>\nFujian Huafeng New Material Co. Ltd. (China)[\/vc_column_text][\/vc_column][vc_column width=&#8221;1\/4&#8243; el_class=&#8221;page-sidebar page-reference-sidebar&#8221;][vc_column_text el_class=&#8221;reference-person&#8221;]<\/p>\n<div class=\"img-wrapper\">\n<div class=\"img-wrapper\">\n<div class=\"img-wrapper\">\n<div class=\"img-wrapper\">\n<div class=\"img-wrapper\">\n<div class=\"img-wrapper\"><img loading=\"lazy\" decoding=\"async\" class=\"alignnone wp-image-10265 size-medium\" src=\"https:\/\/www.profactor.at\/wp-content\/uploads\/2018\/07\/jkastn_web6-300x261.jpg\" alt=\"\" width=\"300\" height=\"261\" \/><\/div>\n<div class=\"reference\">\n<h4>Ihr Ansprechpartner<\/h4>\n<p><strong>Dr. Julia Kastner<br \/>\n<\/strong>Functional Surfaces and Nanostructures<\/p>\n<p>+43 7252 885 421<br \/>\n&#x6a;&#x75;&#x6c;&#x69;&#x61;&#x2e;&#x6b;&#x61;&#x73;&#x74;&#x6e;&#x65;&#x72;&#x40;<span class=\"oe_displaynone\">null<\/span>&#x70;&#x72;&#x6f;&#x66;&#x61;&#x63;&#x74;&#x6f;&#x72;&#x2e;&#x61;&#x74;<\/p>\n<\/div>\n<\/div>\n<\/div>\n<\/div>\n<\/div>\n<\/div>\n<p>[\/vc_column_text][vc_column_text el_class=&#8221;cta-area&#8221;]<\/p>\n<h3>Gerne antworten wir&#8230;<\/h3>\n<p><a class=\"btn cta\" href=\"mailto:&#x6a;&#x75;&#x6c;&#x69;&#x61;&#x2e;&#x6b;&#x61;&#x73;&#x74;&#x6e;&#x65;&#x72;&#x40;&#x70;&#x72;&#x6f;&#x66;&#x61;&#x63;&#x74;&#x6f;&#x72;&#x2e;&#x61;&#x74;\">&#8230; auf Ihre Fragen<\/a>[\/vc_column_text][vc_column_text el_class=&#8221;reference-person&#8221;][\/vc_column_text][\/vc_column][\/vc_row]<\/p>\n<div class=\"shariff shariff-align-flex-start shariff-widget-align-flex-start\"><ul class=\"shariff-buttons theme-round orientation-horizontal buttonsize-medium\"><li class=\"shariff-button linkedin shariff-nocustomcolor\" style=\"background-color:#1488bf\"><a href=\"https:\/\/www.linkedin.com\/sharing\/share-offsite\/?url=https%3A%2F%2Fwww.profactor.at%2Fen%2Fresearch%2Fadditive-micro-and-nano-manufacturing%2Fmultimaterial-inkjet-printing%2Fprojects-archive%2Frobastics%2F\" title=\"Bei LinkedIn teilen\" aria-label=\"Bei LinkedIn teilen\" role=\"button\" rel=\"noopener nofollow\" class=\"shariff-link\" style=\"; background-color:#0077b5; color:#fff\" target=\"_blank\"><span class=\"shariff-icon\" style=\"\"><svg width=\"32px\" height=\"20px\" xmlns=\"http:\/\/www.w3.org\/2000\/svg\" viewBox=\"0 0 27 32\"><path fill=\"#0077b5\" d=\"M6.2 11.2v17.7h-5.9v-17.7h5.9zM6.6 5.7q0 1.3-0.9 2.2t-2.4 0.9h0q-1.5 0-2.4-0.9t-0.9-2.2 0.9-2.2 2.4-0.9 2.4 0.9 0.9 2.2zM27.4 18.7v10.1h-5.9v-9.5q0-1.9-0.7-2.9t-2.3-1.1q-1.1 0-1.9 0.6t-1.2 1.5q-0.2 0.5-0.2 1.4v9.9h-5.9q0-7.1 0-11.6t0-5.3l0-0.9h5.9v2.6h0q0.4-0.6 0.7-1t1-0.9 1.6-0.8 2-0.3q3 0 4.9 2t1.9 6z\"\/><\/svg><\/span><\/a><\/li><\/ul><\/div><\/div>","protected":false},"excerpt":{"rendered":"<p>[vc_row][vc_column width=&#8221;3\/4&#8243;][vc_column_text][\/vc_column_text][vc_column_text]Der individuell bedruckte Sportschuh ist Realit\u00e4t. Losgr\u00f6\u00dfe 1 ist auch f\u00fcr die Textilindustrie ein Thema. F\u00fcr einen individuell bedruckten Sportschuh gibt es zwei Herangehensweisen: 1. Das Polyester wird vorab flach bedruckt und erst dann als Schuh drapiert und mit einer Sohle versehen. 2. Der fertig zusammengef\u00fcgte Turnschuh wird bedruckt. Das setzt die robotische F\u00fchrung &hellip;<\/p>\n","protected":false},"author":13,"featured_media":10354,"parent":16820,"menu_order":1000,"comment_status":"closed","ping_status":"closed","template":"","meta":{"footnotes":""},"categories":[],"tags":[],"class_list":["post-10244","page","type-page","status-publish","has-post-thumbnail","hentry"],"_links":{"self":[{"href":"https:\/\/www.profactor.at\/en\/wp-json\/wp\/v2\/pages\/10244","targetHints":{"allow":["GET"]}}],"collection":[{"href":"https:\/\/www.profactor.at\/en\/wp-json\/wp\/v2\/pages"}],"about":[{"href":"https:\/\/www.profactor.at\/en\/wp-json\/wp\/v2\/types\/page"}],"author":[{"embeddable":true,"href":"https:\/\/www.profactor.at\/en\/wp-json\/wp\/v2\/users\/13"}],"replies":[{"embeddable":true,"href":"https:\/\/www.profactor.at\/en\/wp-json\/wp\/v2\/comments?post=10244"}],"version-history":[{"count":4,"href":"https:\/\/www.profactor.at\/en\/wp-json\/wp\/v2\/pages\/10244\/revisions"}],"predecessor-version":[{"id":11392,"href":"https:\/\/www.profactor.at\/en\/wp-json\/wp\/v2\/pages\/10244\/revisions\/11392"}],"up":[{"embeddable":true,"href":"https:\/\/www.profactor.at\/en\/wp-json\/wp\/v2\/pages\/16820"}],"wp:featuredmedia":[{"embeddable":true,"href":"https:\/\/www.profactor.at\/en\/wp-json\/wp\/v2\/media\/10354"}],"wp:attachment":[{"href":"https:\/\/www.profactor.at\/en\/wp-json\/wp\/v2\/media?parent=10244"}],"wp:term":[{"taxonomy":"category","embeddable":true,"href":"https:\/\/www.profactor.at\/en\/wp-json\/wp\/v2\/categories?post=10244"},{"taxonomy":"post_tag","embeddable":true,"href":"https:\/\/www.profactor.at\/en\/wp-json\/wp\/v2\/tags?post=10244"}],"curies":[{"name":"wp","href":"https:\/\/api.w.org\/{rel}","templated":true}]}}